{"id":893,"date":"2019-10-08T10:57:25","date_gmt":"2019-10-08T13:57:25","guid":{"rendered":"https:\/\/isfd140-bue.infd.edu.ar\/sitio\/?page_id=893"},"modified":"2024-07-27T13:35:10","modified_gmt":"2024-07-27T16:35:10","slug":"equipo-de-conduccion","status":"publish","type":"page","link":"https:\/\/isfd140-bue.infd.edu.ar\/sitio\/equipo-de-conduccion\/","title":{"rendered":"Equipo de Conducci\u00f3n"},"content":{"rendered":"<h4 style=\"text-align: center;\"><span style=\"color: #ff0000;\">Director:<\/span> <em><strong>Prof. Mg Claudio Glejzer<\/strong><\/em><\/h4>\n<h4 style=\"text-align: center;\"><\/h4>\n<h4 style=\"text-align: center;\"><span style=\"color: #ff0000;\">Regente:<\/span> <em><strong>Prof. Germ\u00e1n S\u00e1nchez\u00a0 \u00a0 \u00a0 \u00a0<\/strong><\/em><\/h4>\n<h4 style=\"text-align: center;\"><span style=\"color: #ff0000;\">Secretaria:<\/span> <em>Prof. Sandra Saint Paul<\/em><\/h4>\n<h4 style=\"text-align: center;\"><span style=\"color: #ff0000;\">Jefe de \u00c1rea del Profesorado de Educ. Sec. en Biolog\u00eda:<\/span> <em><strong>Prof. Gonzalo Patricio<\/strong><\/em><\/h4>\n<h4><span style=\"color: #ff0000;\">Jefe de \u00c1rea del Profesorado de Educ. Sec. en Matem\u00e1tica:<\/span> <em>Prof. Pablo Viveros<\/em><\/h4>\n<h4 style=\"text-align: center;\"><\/h4>\n<h4><\/h4>\n<h4><\/h4>\n<h4 style=\"text-align: center;\"><\/h4>\n<h5 style=\"text-align: center;\"><\/h5>\n<h5 style=\"text-align: center;\"><\/h5>\n<h5 style=\"text-align: center;\"><\/h5>\n<h5 style=\"text-align: center;\"><\/h5>\n<h4><\/h4>\n","protected":false},"excerpt":{"rendered":"<p>Director: Prof. Mg Claudio Glejzer Regente: Prof. Germ\u00e1n S\u00e1nchez\u00a0 \u00a0 \u00a0 \u00a0 Secretaria: Prof. Sandra Saint Paul Jefe de \u00c1rea del Profesorado de Educ. Sec. en Biolog\u00eda: Prof. Gonzalo Patricio Jefe de \u00c1rea del Profesorado de Educ. Sec. en Matem\u00e1tica: Prof. Pablo Viveros<\/p>\n","protected":false},"author":771,"featured_media":0,"parent":0,"menu_order":0,"comment_status":"closed","ping_status":"closed","template":"","meta":[],"acf":[],"_links":{"self":[{"href":"https:\/\/isfd140-bue.infd.edu.ar\/sitio\/wp-json\/wp\/v2\/pages\/893"}],"collection":[{"href":"https:\/\/isfd140-bue.infd.edu.ar\/sitio\/wp-json\/wp\/v2\/pages"}],"about":[{"href":"https:\/\/isfd140-bue.infd.edu.ar\/sitio\/wp-json\/wp\/v2\/types\/page"}],"author":[{"embeddable":true,"href":"https:\/\/isfd140-bue.infd.edu.ar\/sitio\/wp-json\/wp\/v2\/users\/771"}],"replies":[{"embeddable":true,"href":"https:\/\/isfd140-bue.infd.edu.ar\/sitio\/wp-json\/wp\/v2\/comments?post=893"}],"version-history":[{"count":36,"href":"https:\/\/isfd140-bue.infd.edu.ar\/sitio\/wp-json\/wp\/v2\/pages\/893\/revisions"}],"predecessor-version":[{"id":2554,"href":"https:\/\/isfd140-bue.infd.edu.ar\/sitio\/wp-json\/wp\/v2\/pages\/893\/revisions\/2554"}],"wp:attachment":[{"href":"https:\/\/isfd140-bue.infd.edu.ar\/sitio\/wp-json\/wp\/v2\/media?parent=893"}],"curies":[{"name":"wp","href":"https:\/\/api.w.org\/{rel}","templated":true}]}}