{"id":786,"date":"2018-07-02T20:15:23","date_gmt":"2018-07-02T23:15:23","guid":{"rendered":"https:\/\/isfd140-bue.infd.edu.ar\/sitio\/difusion-de-convocatorias-de-nuestro-instituto\/"},"modified":"2026-05-05T15:45:26","modified_gmt":"2026-05-05T18:45:26","slug":"difusion-de-convocatorias-de-nuestro-instituto","status":"publish","type":"page","link":"https:\/\/isfd140-bue.infd.edu.ar\/sitio\/difusion-de-convocatorias-de-nuestro-instituto\/","title":{"rendered":"Difusi\u00f3n de convocatorias a cobertura de unidades curriculares de nuestro instituto"},"content":{"rendered":"\n<p><\/p>\n\n\n\n<p>Se comaprte difusi\u00f3n 2\/26 con los siguientes periodos:<\/p>\n\n\n\n<p>Difusi\u00f3n del 5 al 9 de mayo del 2026 <\/p>\n\n\n\n<p>Inscripci\u00f3n del 5 al 10 de mayo del 2026<\/p>\n\n\n\n<p><a href=\"https:\/\/drive.google.com\/file\/d\/1-MfQqsOJ2FnXGrv27OFYG39s0cbA_I2v\/view?usp=sharing\">https:\/\/drive.google.com\/file\/d\/1-MfQqsOJ2FnXGrv27OFYG39s0cbA_I2v\/view?usp=sharing<\/a><\/p>\n\n\n\n<p>Cualquier consulta realizarla en concursosisfdyt140@gmail.com <\/p>\n\n\n\n<p>Se comparte difusi\u00f3n 1\/26 con los siguientes periodos:<\/p>\n\n\n\n<p><a href=\"https:\/\/drive.google.com\/file\/d\/143brnlqMW09rwAP7Y9iHJTUCTiwlRjL4\/view?usp=sharing\">https:\/\/drive.google.com\/file\/d\/143brnlqMW09rwAP7Y9iHJTUCTiwlRjL4\/view?usp=sharing<\/a><\/p>\n\n\n\n<p>Difusi\u00f3n 11 al 15 de marzo 2026<br>Inscripci\u00f3n por medio del mail concursosisfdyt140@gmail.com  del 11 al 16 de marzo 2026<\/p>\n\n\n\n<p>Recusaciones y excusaciones del 17 y 18 de marzo de 2026<br>Notificaci\u00f3n del Listado A o B o de que no re\u00fane los requisitos del 25 y 26 de marzo 2026<br>Entrega de propuesta pedag\u00f3gica del 30 y 31 de marzo 20226<\/p>\n\n\n\n<p><\/p>\n\n\n\n<p><\/p>\n\n\n\n<p><\/p>\n\n\n\n<p><\/p>\n","protected":false},"excerpt":{"rendered":"<p>Se comaprte difusi\u00f3n 2\/26 con los siguientes periodos: Difusi\u00f3n del 5 al 9 de mayo del 2026 Inscripci\u00f3n del 5 al 10 de mayo del 2026 https:\/\/drive.google.com\/file\/d\/1-MfQqsOJ2FnXGrv27OFYG39s0cbA_I2v\/view?usp=sharing Cualquier consulta realizarla en concursosisfdyt140@gmail.com Se comparte difusi\u00f3n 1\/26 con los siguientes periodos: https:\/\/drive.google.com\/file\/d\/143brnlqMW09rwAP7Y9iHJTUCTiwlRjL4\/view?usp=sharing Difusi\u00f3n 11 al 15 de marzo 2026Inscripci\u00f3n por medio del mail concursosisfdyt140@gmail.com del 11 &#8230; <a title=\"Difusi\u00f3n de convocatorias a cobertura de unidades curriculares de nuestro instituto\" class=\"read-more\" href=\"https:\/\/isfd140-bue.infd.edu.ar\/sitio\/difusion-de-convocatorias-de-nuestro-instituto\/\" aria-label=\"More on Difusi\u00f3n de convocatorias a cobertura de unidades curriculares de nuestro instituto\">[+]<\/a><\/p>\n","protected":false},"author":771,"featured_media":0,"parent":0,"menu_order":0,"comment_status":"closed","ping_status":"closed","template":"","meta":[],"acf":[],"_links":{"self":[{"href":"https:\/\/isfd140-bue.infd.edu.ar\/sitio\/wp-json\/wp\/v2\/pages\/786"}],"collection":[{"href":"https:\/\/isfd140-bue.infd.edu.ar\/sitio\/wp-json\/wp\/v2\/pages"}],"about":[{"href":"https:\/\/isfd140-bue.infd.edu.ar\/sitio\/wp-json\/wp\/v2\/types\/page"}],"author":[{"embeddable":true,"href":"https:\/\/isfd140-bue.infd.edu.ar\/sitio\/wp-json\/wp\/v2\/users\/771"}],"replies":[{"embeddable":true,"href":"https:\/\/isfd140-bue.infd.edu.ar\/sitio\/wp-json\/wp\/v2\/comments?post=786"}],"version-history":[{"count":73,"href":"https:\/\/isfd140-bue.infd.edu.ar\/sitio\/wp-json\/wp\/v2\/pages\/786\/revisions"}],"predecessor-version":[{"id":3067,"href":"https:\/\/isfd140-bue.infd.edu.ar\/sitio\/wp-json\/wp\/v2\/pages\/786\/revisions\/3067"}],"wp:attachment":[{"href":"https:\/\/isfd140-bue.infd.edu.ar\/sitio\/wp-json\/wp\/v2\/media?parent=786"}],"curies":[{"name":"wp","href":"https:\/\/api.w.org\/{rel}","templated":true}]}}