{"id":783,"date":"2018-07-02T20:15:21","date_gmt":"2018-07-02T23:15:21","guid":{"rendered":"https:\/\/isfd140-bue.infd.edu.ar\/sitio\/normativa-para-concursar\/"},"modified":"2025-12-22T14:55:05","modified_gmt":"2025-12-22T17:55:05","slug":"normativa-para-concursar","status":"publish","type":"page","link":"https:\/\/isfd140-bue.infd.edu.ar\/sitio\/normativa-para-concursar\/","title":{"rendered":"Normativa para concursar"},"content":{"rendered":"<h3 style=\"text-align: center;\">En los Institutos de Nivel Superior, la totalidad de los m\u00f3dulos de las distintas unidades curriculares provisionales y suplentes ser\u00e1n cubiertos por el mecanismo de selecci\u00f3n por evaluaci\u00f3n de t\u00edtulos, antecedentes y oposici\u00f3n que define la Resoluci\u00f3n 6179\/25.<\/h3>\n<h3 style=\"text-align: center;\">Por lo tanto, debe leerse exhaustivamente la misma antes de presentarse como aspirante.<\/h3>\n<h3>En los siguientes links encontrar\u00e1 toda la normativa necesaria para concursar a partir del 2026:<\/h3>\n<h3><a href=\"https:\/\/drive.google.com\/file\/d\/1E8tSLTBrfEABdzoW7GcQrTDDmGbj4eOL\/view?usp=drive_link\">Resoluci\u00f3n 6179\/25: Pauta todo el proceso de cobertura.<\/a><\/h3>\n<h3><a href=\"https:\/\/docs.google.com\/document\/d\/17jkqoEs-_-beUR1DXOVLiMRuj-l7Jjyl\/edit?usp=drive_link&amp;ouid=103983293030872924691&amp;rtpof=true&amp;sd=true\">Unidades curriculares con promoci\u00f3n directa, con final obligatorio o con ambas formas de acreditaci\u00f3n.<\/a><\/h3>\n<h3><a href=\"https:\/\/drive.google.com\/file\/d\/1EwgL3xnn7R0OXfMJvg-glJWFROHNsAs0\/view?usp=drive_link\">Nuevo R\u00e9gimen Acad\u00e9mico.<\/a><\/h3>\n<h3><a href=\"https:\/\/drive.google.com\/drive\/folders\/1NQFNsQzNb30ns2ynHVYNeY4WQc363hpN?usp=drive_link\">Formularios para inscribirse.<\/a><\/h3>\n<h3><a href=\"https:\/\/drive.google.com\/drive\/folders\/1MMDKjv_zyFUJ-a05rv1eedKrCSfoLTwa?usp=drive_link\">Bibliograf\u00eda de apoyo para elaborar la propuesta pedag\u00f3gica.<\/a><\/h3>\n<h3><\/h3>\n<h5 style=\"text-align: center;\"><\/h5>\n<h2 style=\"text-align: center;\"><a href=\"mailto:consursosisfdyt140@gmail.com\">concursosisfdyt140@gmail.com<\/a><\/h2>\n<h3><\/h3>\n","protected":false},"excerpt":{"rendered":"<p>En los Institutos de Nivel Superior, la totalidad de los m\u00f3dulos de las distintas unidades curriculares provisionales y suplentes ser\u00e1n cubiertos por el mecanismo de selecci\u00f3n por evaluaci\u00f3n de t\u00edtulos, antecedentes y oposici\u00f3n que define la Resoluci\u00f3n 6179\/25. Por lo tanto, debe leerse exhaustivamente la misma antes de presentarse como aspirante. En los siguientes links &#8230; <a title=\"Normativa para concursar\" class=\"read-more\" href=\"https:\/\/isfd140-bue.infd.edu.ar\/sitio\/normativa-para-concursar\/\" aria-label=\"More on Normativa para concursar\">[+]<\/a><\/p>\n","protected":false},"author":771,"featured_media":0,"parent":0,"menu_order":0,"comment_status":"closed","ping_status":"closed","template":"","meta":[],"acf":[],"_links":{"self":[{"href":"https:\/\/isfd140-bue.infd.edu.ar\/sitio\/wp-json\/wp\/v2\/pages\/783"}],"collection":[{"href":"https:\/\/isfd140-bue.infd.edu.ar\/sitio\/wp-json\/wp\/v2\/pages"}],"about":[{"href":"https:\/\/isfd140-bue.infd.edu.ar\/sitio\/wp-json\/wp\/v2\/types\/page"}],"author":[{"embeddable":true,"href":"https:\/\/isfd140-bue.infd.edu.ar\/sitio\/wp-json\/wp\/v2\/users\/771"}],"replies":[{"embeddable":true,"href":"https:\/\/isfd140-bue.infd.edu.ar\/sitio\/wp-json\/wp\/v2\/comments?post=783"}],"version-history":[{"count":46,"href":"https:\/\/isfd140-bue.infd.edu.ar\/sitio\/wp-json\/wp\/v2\/pages\/783\/revisions"}],"predecessor-version":[{"id":2963,"href":"https:\/\/isfd140-bue.infd.edu.ar\/sitio\/wp-json\/wp\/v2\/pages\/783\/revisions\/2963"}],"wp:attachment":[{"href":"https:\/\/isfd140-bue.infd.edu.ar\/sitio\/wp-json\/wp\/v2\/media?parent=783"}],"curies":[{"name":"wp","href":"https:\/\/api.w.org\/{rel}","templated":true}]}}