{"id":3035,"date":"2026-02-25T21:42:55","date_gmt":"2026-02-26T00:42:55","guid":{"rendered":"https:\/\/isfd140-bue.infd.edu.ar\/sitio\/?page_id=3035"},"modified":"2026-03-11T12:18:01","modified_gmt":"2026-03-11T15:18:01","slug":"prof-matematica-regimen-de-transicion-y-actualizacion-curricular","status":"publish","type":"page","link":"https:\/\/isfd140-bue.infd.edu.ar\/sitio\/prof-matematica-regimen-de-transicion-y-actualizacion-curricular\/","title":{"rendered":"Prof. Matem\u00e1tica | R\u00e9gimen de transici\u00f3n y actualizaci\u00f3n curricular"},"content":{"rendered":"\n<p>En este sitio se centraliza la informaci\u00f3n sobre la actualizaci\u00f3n del <strong>Profesorado de Educaci\u00f3n Secundaria en Matem\u00e1tica<\/strong>. Si sos estudiante de la carrera, aqu\u00ed encontrar\u00e1s los pasos a seguir para gestionar tu trayectoria acad\u00e9mica durante la transici\u00f3n del plan anterior (Res. 1860\/17) al nuevo dise\u00f1o (Res. 5882\/25), en cumplimiento con la Disposici\u00f3n N\u00b0 4\/2025 (<a href=\"https:\/\/drive.google.com\/file\/d\/1vGC9NNbCU2hvfK20XdXyx1T0-WT77Kek\/view?usp=sharing\" data-type=\"URL\" data-id=\"https:\/\/drive.google.com\/file\/d\/1vGC9NNbCU2hvfK20XdXyx1T0-WT77Kek\/view?usp=sharing\" target=\"_blank\" rel=\"noreferrer noopener\">ver disposici\u00f3n completa<\/a>) y garantizando la convivencia de ambos planes hasta el a\u00f1o 2031.<\/p>\n\n\n\n<h3 class=\"wp-block-heading\">CRONOGRAMA DE IMPLEMENTACI\u00d3N GRADUAL<\/h3>\n\n\n\n<p>Es importante destacar que el nuevo dise\u00f1o curricular se implementa de manera <strong>progresiva<\/strong>, un a\u00f1o por cada ciclo lectivo. Durante la transici\u00f3n, ambos planes convivir\u00e1n en el instituto seg\u00fan el siguiente esquema de dictado de clases:<\/p>\n\n\n\n<ul>\n<li><strong>Ciclo Lectivo 2026:<\/strong> Se dicta <strong>1\u00b0 a\u00f1o<\/strong> del Nuevo Dise\u00f1o. Los a\u00f1os <strong>2\u00b0, 3\u00b0 y 4\u00b0<\/strong> contin\u00faan dict\u00e1ndose bajo el plan anterior (Res. 1860\/17).<\/li>\n\n\n\n<li><strong>Ciclo Lectivo 2027:<\/strong> Se dictan <strong>1\u00b0 y 2\u00b0 a\u00f1o<\/strong> del Nuevo Dise\u00f1o. Los a\u00f1os <strong>3\u00b0 y 4\u00b0<\/strong> contin\u00faan con el plan anterior.<\/li>\n\n\n\n<li><strong>Ciclo Lectivo 2028:<\/strong> Se dictan <strong>1\u00b0, 2\u00b0 y 3\u00b0 a\u00f1o<\/strong> del Nuevo Dise\u00f1o. Solo <strong>4\u00b0 a\u00f1o<\/strong> contin\u00faa con el plan anterior.<\/li>\n\n\n\n<li><strong>Ciclo Lectivo 2029 en adelante:<\/strong> Se dictan los <strong>4 a\u00f1os<\/strong> bajo el Nuevo Dise\u00f1o Curricular.<\/li>\n<\/ul>\n\n\n\n<h3 class=\"wp-block-heading\">CASOS SEG\u00daN TU TRAYECTORIA ACAD\u00c9MICA<\/h3>\n\n\n\n<p>Identifica tu situaci\u00f3n para conocer los pasos a seguir:<\/p>\n\n\n\n<h4 class=\"wp-block-heading\"><mark style=\"background-color:rgba(0, 0, 0, 0)\" class=\"has-inline-color has-accent-color\">Caso A: Ingresantes del 2026 en adelante<\/mark><\/h4>\n\n\n\n<p>Si te inscribiste para iniciar la carrera en el ciclo lectivo <strong>2026 o a\u00f1os posteriores<\/strong>, ingresas autom\u00e1ticamente al nuevo dise\u00f1o curricular (Res. 5882\/25). Tu trayectoria es regular y no requiere realizar tr\u00e1mites de opci\u00f3n ni equivalencias.<\/p>\n\n\n\n<h4 class=\"wp-block-heading\"><mark style=\"background-color:rgba(0, 0, 0, 0)\" class=\"has-inline-color has-accent-color\">Caso B: Continuidad en el Plan Anterior (Res. 1860\/17)<\/mark><\/h4>\n\n\n\n<p>Si iniciaste tus estudios con el dise\u00f1o previo y deseas finalizar tu carrera con ese mismo plan:<\/p>\n\n\n\n<ul>\n<li><strong>Dictado de clases:<\/strong> Seguir\u00e1s asistiendo a tus clases normalmente seg\u00fan el cronograma de implementaci\u00f3n arriba mencionado.<\/li>\n\n\n\n<li><strong>Definici\u00f3n de opci\u00f3n:<\/strong> Deber\u00e1s presentar el <a href=\"https:\/\/drive.google.com\/file\/d\/1grq2LHgKIUeo-e0oBA6R2hnnmQD4ciIt\/view?usp=sharing\" data-type=\"URL\" data-id=\"https:\/\/drive.google.com\/file\/d\/1grq2LHgKIUeo-e0oBA6R2hnnmQD4ciIt\/view?usp=sharing\" target=\"_blank\" rel=\"noreferrer noopener\">Formulario 1<\/a> indicando tu voluntad de permanecer en el plan original.<\/li>\n\n\n\n<li><strong>Plazos de egreso:<\/strong> Tienes tiempo hasta <strong>marzo de 2031<\/strong> para acreditar la totalidad de las unidades curriculares.<\/li>\n\n\n\n<li><strong>Condici\u00f3n de avance:<\/strong> Si a marzo de 2029 no has acreditado al menos el <strong>50%<\/strong> de la carrera, ser\u00e1s transferido\/a autom\u00e1ticamente al nuevo dise\u00f1o (Res. 5882\/25).<\/li>\n\n\n\n<li><strong>Unidades curriculares cerradas:<\/strong> Si una unidad curricular del plan viejo ya no se dicta, deber\u00e1s cursar la equivalente o las equivalentes en el nuevo dise\u00f1o (<a href=\"https:\/\/drive.google.com\/file\/d\/1s9MvTG_LKtcu9C19gUjjLTrYtEiHcRdd\/view?usp=sharing\" data-type=\"URL\" data-id=\"https:\/\/drive.google.com\/file\/d\/1s9MvTG_LKtcu9C19gUjjLTrYtEiHcRdd\/view?usp=sharing\" target=\"_blank\" rel=\"noreferrer noopener\">ver tabla de equivalencias<\/a>).<\/li>\n\n\n\n<li><strong>Validez de cursadas:<\/strong> Las unidades curriculares con cursada aprobadas tienen una validez de <strong>8 turnos de examen final consecutivos<\/strong> desde el \u00faltimo a\u00f1o en que se dict\u00f3 en el plan anterior. Si no acredit\u00e1s en esos 8 turnos, deber\u00e1s cursar o rendir libre la o las unidades curriculares equivalentes del <strong>nuevo dise\u00f1o<\/strong> (<a href=\"https:\/\/drive.google.com\/file\/d\/1s9MvTG_LKtcu9C19gUjjLTrYtEiHcRdd\/view?usp=sharing\" data-type=\"URL\" data-id=\"https:\/\/drive.google.com\/file\/d\/1s9MvTG_LKtcu9C19gUjjLTrYtEiHcRdd\/view?usp=sharing\" target=\"_blank\" rel=\"noreferrer noopener\">ver tabla de equivalencia<\/a>).<\/li>\n<\/ul>\n\n\n\n<h5 class=\"wp-block-heading\">Cronograma de cierre de acreditaci\u00f3n<\/h5>\n\n\n\n<figure class=\"wp-block-table aligncenter\"><table><tbody><tr><td class=\"has-text-align-center\" data-align=\"center\"><strong>A\u00f1o de la unidad curricular<\/strong><\/td><td class=\"has-text-align-center\" data-align=\"center\"><strong>\u00daltimo a\u00f1o de cursada<\/strong><\/td><td class=\"has-text-align-center\" data-align=\"center\"><strong>L\u00edmite para examen final<\/strong><\/td><\/tr><tr><td class=\"has-text-align-center\" data-align=\"center\">1ro<\/td><td class=\"has-text-align-center\" data-align=\"center\">2025<\/td><td class=\"has-text-align-center\" data-align=\"center\">Turno marzo 2028<\/td><\/tr><tr><td class=\"has-text-align-center\" data-align=\"center\">2do<\/td><td class=\"has-text-align-center\" data-align=\"center\">2026<\/td><td class=\"has-text-align-center\" data-align=\"center\">Turno marzo 2029<\/td><\/tr><tr><td class=\"has-text-align-center\" data-align=\"center\">3ro<\/td><td class=\"has-text-align-center\" data-align=\"center\">2027<\/td><td class=\"has-text-align-center\" data-align=\"center\">Turno marzo 2030<\/td><\/tr><tr><td class=\"has-text-align-center\" data-align=\"center\">4to<\/td><td class=\"has-text-align-center\" data-align=\"center\">2028<\/td><td class=\"has-text-align-center\" data-align=\"center\">Turno marzo 2031<\/td><\/tr><\/tbody><\/table><\/figure>\n\n\n\n<h4 class=\"wp-block-heading\"><mark style=\"background-color:rgba(0, 0, 0, 0)\" class=\"has-inline-color has-accent-color\">Caso C: Cambio al Nuevo Dise\u00f1o (Res. 5882\/25)<\/mark><\/h4>\n\n\n\n<p>Si prefieres migrar al plan actualizado para aprovechar el nuevo dise\u00f1o curricular:<\/p>\n\n\n\n<ul>\n<li><strong>Solicitud:<\/strong> Debes presentar el <a href=\"https:\/\/drive.google.com\/file\/d\/1grq2LHgKIUeo-e0oBA6R2hnnmQD4ciIt\/view?usp=sharing\" data-type=\"URL\" data-id=\"https:\/\/drive.google.com\/file\/d\/1grq2LHgKIUeo-e0oBA6R2hnnmQD4ciIt\/view?usp=sharing\" target=\"_blank\" rel=\"noreferrer noopener\">Formulario 1<\/a> solicitando el cambio por equivalencia durante el per\u00edodo de febrero\/marzo de cualquier ciclo lectivo.<\/li>\n\n\n\n<li><strong style=\"font-size: revert;\">Gradualidad:<\/strong><span style=\"font-size: revert;\"> Ten en cuenta que solo podr\u00e1s cursar las unidades curriculares del nuevo dise\u00f1o que ya se encuentren en etapa de dictado.<\/span><\/li>\n\n\n\n<li><strong>Reconocimiento:<\/strong> Se te reconocer\u00e1n las unidades curriculares aprobadas seg\u00fan la <a href=\"https:\/\/drive.google.com\/file\/d\/1s9MvTG_LKtcu9C19gUjjLTrYtEiHcRdd\/view?usp=sharing\" data-type=\"URL\" data-id=\"https:\/\/drive.google.com\/file\/d\/1s9MvTG_LKtcu9C19gUjjLTrYtEiHcRdd\/view?usp=sharing\" target=\"_blank\" rel=\"noreferrer noopener\">tabla de equivalencias<\/a>.<\/li>\n\n\n\n<li><strong>Importante:<\/strong> Una vez aceptado el cambio al nuevo plan, la decisi\u00f3n es <strong>irreversible<\/strong>.<\/li>\n<\/ul>\n\n\n\n<h2 class=\"wp-block-heading\">INSTRUCCIONES PARA LA PRESENTACI\u00d3N DEL FORMULARIO 1 (OBLIGATORIO)<\/h2>\n\n\n\n<p><strong>\u00bfQui\u00e9nes deben presentarlo?<\/strong> Todos las\/los estudiantes que ingresaron a la carrera entre <strong>2019 y 2025<\/strong>, inclusive aquellas\/os que:<\/p>\n\n\n\n<ul>\n<li>Tienen trayectorias discontinuas.<\/li>\n\n\n\n<li>Ya finalizaron la cursada pero adeudan ex\u00e1menes finales.<\/li>\n<\/ul>\n\n\n\n<p>El <strong>Formulario 1<\/strong> es el documento legal donde manifiestas tu opci\u00f3n de permanencia o cambio. Sin este documento, tu situaci\u00f3n administrativa y la validez de tus ex\u00e1menes finales podr\u00edan quedar indeterminadas.<\/p>\n\n\n\n<ol>\n<li><strong>Descarga y completar:<\/strong> <a href=\"https:\/\/drive.google.com\/file\/d\/1grq2LHgKIUeo-e0oBA6R2hnnmQD4ciIt\/view?usp=sharing\" data-type=\"URL\" data-id=\"https:\/\/drive.google.com\/file\/d\/1grq2LHgKIUeo-e0oBA6R2hnnmQD4ciIt\/view?usp=sharing\" target=\"_blank\" rel=\"noreferrer noopener\">Haz clic aqu\u00ed para descargar el formulario 1<\/a><\/li>\n\n\n\n<li><strong>Presentaci\u00f3n:<\/strong> El formulario debe entregarse dos copias de manera presencial.<\/li>\n\n\n\n<li><strong>Notificaci\u00f3n:<\/strong> Una vez presentado el formulario, deber\u00e1s enviar un correo electr\u00f3nico a <a rel=\"noreferrer noopener\" href=\"mailto:pabvivieros@abc.gob.ar\" data-type=\"mailto\" data-id=\"mailto:pabvivieros@abc.gob.ar\" target=\"_blank\">pabvivieros@abc.gob.ar<\/a> informando la realizaci\u00f3n del tr\u00e1mite para asegurar su correcto seguimiento.<\/li>\n<\/ol>\n\n\n\n<p><\/p>\n","protected":false},"excerpt":{"rendered":"<p>En este sitio se centraliza la informaci\u00f3n sobre la actualizaci\u00f3n del Profesorado de Educaci\u00f3n Secundaria en Matem\u00e1tica. Si sos estudiante de la carrera, aqu\u00ed encontrar\u00e1s los pasos a seguir para gestionar tu trayectoria acad\u00e9mica durante la transici\u00f3n del plan anterior (Res. 1860\/17) al nuevo dise\u00f1o (Res. 5882\/25), en cumplimiento con la Disposici\u00f3n N\u00b0 4\/2025 (ver &#8230; <a title=\"Prof. Matem\u00e1tica | R\u00e9gimen de transici\u00f3n y actualizaci\u00f3n curricular\" class=\"read-more\" href=\"https:\/\/isfd140-bue.infd.edu.ar\/sitio\/prof-matematica-regimen-de-transicion-y-actualizacion-curricular\/\" aria-label=\"More on Prof. Matem\u00e1tica | R\u00e9gimen de transici\u00f3n y actualizaci\u00f3n curricular\">[+]<\/a><\/p>\n","protected":false},"author":2215,"featured_media":0,"parent":0,"menu_order":0,"comment_status":"closed","ping_status":"closed","template":"","meta":[],"acf":[],"_links":{"self":[{"href":"https:\/\/isfd140-bue.infd.edu.ar\/sitio\/wp-json\/wp\/v2\/pages\/3035"}],"collection":[{"href":"https:\/\/isfd140-bue.infd.edu.ar\/sitio\/wp-json\/wp\/v2\/pages"}],"about":[{"href":"https:\/\/isfd140-bue.infd.edu.ar\/sitio\/wp-json\/wp\/v2\/types\/page"}],"author":[{"embeddable":true,"href":"https:\/\/isfd140-bue.infd.edu.ar\/sitio\/wp-json\/wp\/v2\/users\/2215"}],"replies":[{"embeddable":true,"href":"https:\/\/isfd140-bue.infd.edu.ar\/sitio\/wp-json\/wp\/v2\/comments?post=3035"}],"version-history":[{"count":4,"href":"https:\/\/isfd140-bue.infd.edu.ar\/sitio\/wp-json\/wp\/v2\/pages\/3035\/revisions"}],"predecessor-version":[{"id":3054,"href":"https:\/\/isfd140-bue.infd.edu.ar\/sitio\/wp-json\/wp\/v2\/pages\/3035\/revisions\/3054"}],"wp:attachment":[{"href":"https:\/\/isfd140-bue.infd.edu.ar\/sitio\/wp-json\/wp\/v2\/media?parent=3035"}],"curies":[{"name":"wp","href":"https:\/\/api.w.org\/{rel}","templated":true}]}}