{"id":3020,"date":"2026-02-14T15:53:03","date_gmt":"2026-02-14T18:53:03","guid":{"rendered":"https:\/\/isfd140-bue.infd.edu.ar\/sitio\/?page_id=3020"},"modified":"2026-02-14T15:53:04","modified_gmt":"2026-02-14T18:53:04","slug":"regimen-de-correlatividades-desde-2026","status":"publish","type":"page","link":"https:\/\/isfd140-bue.infd.edu.ar\/sitio\/regimen-de-correlatividades-desde-2026\/","title":{"rendered":"R\u00e9gimen de correlatividades (desde 2026)"},"content":{"rendered":"\n<p>Este r\u00e9gimen de correlatividades establece los requisitos para <em>cursar<\/em> (seg\u00fan resoluci\u00f3n 5882\/25)<\/p>\n\n\n\n<h3 class=\"wp-block-heading has-text-align-center\">Segundo a\u00f1o<\/h3>\n\n\n\n<figure class=\"wp-block-table aligncenter\"><table><tbody><tr><td class=\"has-text-align-center\" data-align=\"center\"><strong><mark style=\"background-color:rgba(0, 0, 0, 0)\" class=\"has-inline-color has-accent-color\">Unidad curricular<\/mark><\/strong><\/td><td class=\"has-text-align-center\" data-align=\"center\"><strong><mark style=\"background-color:rgba(0, 0, 0, 0)\" class=\"has-inline-color has-accent-color\">Cursada aprobada de:<\/mark><\/strong><\/td><td class=\"has-text-align-center\" data-align=\"center\"><strong><mark style=\"background-color:rgba(0, 0, 0, 0)\" class=\"has-inline-color has-accent-color\">Unidad curricular acreditada<\/mark><\/strong><\/td><\/tr><tr><td class=\"has-text-align-center\" data-align=\"center\">Did\u00e1ctica y curr\u00edculum<\/td><td class=\"has-text-align-center\" data-align=\"center\">Pedagog\u00eda<\/td><td class=\"has-text-align-center\" data-align=\"center\">&#8212;<\/td><\/tr><tr><td class=\"has-text-align-center\" data-align=\"center\">Psicolog\u00eda del aprendizaje<\/td><td class=\"has-text-align-center\" data-align=\"center\">&#8212;<\/td><td class=\"has-text-align-center\" data-align=\"center\">&#8212;<\/td><\/tr><tr><td class=\"has-text-align-center\" data-align=\"center\">An\u00e1lisis de las instituciones educativas<\/td><td class=\"has-text-align-center\" data-align=\"center\">&#8212;<\/td><td class=\"has-text-align-center\" data-align=\"center\">&#8212;<\/td><\/tr><tr><td class=\"has-text-align-center\" data-align=\"center\">Cultura digital y educaci\u00f3n<\/td><td class=\"has-text-align-center\" data-align=\"center\">&#8212;<\/td><td class=\"has-text-align-center\" data-align=\"center\">&#8212;<\/td><\/tr><tr><td class=\"has-text-align-center\" data-align=\"center\">Did\u00e1ctica de la matem\u00e1tica I<\/td><td class=\"has-text-align-center\" data-align=\"center\">&#8212;<\/td><td class=\"has-text-align-center\" data-align=\"center\">&#8212;<\/td><\/tr><tr><td class=\"has-text-align-center\" data-align=\"center\">An\u00e1lisis Matem\u00e1tico I<\/td><td class=\"has-text-align-center\" data-align=\"center\">Modelos funcionales<\/td><td class=\"has-text-align-center\" data-align=\"center\">&#8212;<\/td><\/tr><tr><td class=\"has-text-align-center\" data-align=\"center\">Geometr\u00eda II<\/td><td class=\"has-text-align-center\" data-align=\"center\">Geometr\u00eda I<\/td><td class=\"has-text-align-center\" data-align=\"center\">&#8212;<\/td><\/tr><tr><td class=\"has-text-align-center\" data-align=\"center\">\u00c1lgebra I<\/td><td class=\"has-text-align-center\" data-align=\"center\">Introducci\u00f3n al \u00e1lgebra + Taller de resoluci\u00f3n de problemas aritm\u00e9ticos<\/td><td class=\"has-text-align-center\" data-align=\"center\">&#8212;<\/td><\/tr><tr><td class=\"has-text-align-center\" data-align=\"center\">Seminario de ense\u00f1anza de la aritm\u00e9tica y el \u00e1lgebra<\/td><td class=\"has-text-align-center\" data-align=\"center\">Taller de resoluci\u00f3n de problemas aritm\u00e9ticos + Introducci\u00f3n al \u00e1lgebra<\/td><td class=\"has-text-align-center\" data-align=\"center\">&#8212;<\/td><\/tr><tr><td class=\"has-text-align-center\" data-align=\"center\">Pr\u00e1ctica docente II<\/td><td class=\"has-text-align-center\" data-align=\"center\">&#8212;<\/td><td class=\"has-text-align-center\" data-align=\"center\">Pr\u00e1cticas docentes I + Educaci\u00f3n y transformaciones sociales contempor\u00e1neas + Taller de resoluci\u00f3n de problemas aritm\u00e9ticos<\/td><\/tr><\/tbody><\/table><\/figure>\n\n\n\n<h3 class=\"wp-block-heading has-text-align-center\">Tercer a\u00f1o<\/h3>\n\n\n\n<figure class=\"wp-block-table aligncenter\"><table><tbody><tr><td class=\"has-text-align-center\" data-align=\"center\"><strong><mark style=\"background-color:rgba(0, 0, 0, 0)\" class=\"has-inline-color has-accent-color\">Unidad curricular<\/mark><\/strong><\/td><td class=\"has-text-align-center\" data-align=\"center\"><strong><mark style=\"background-color:rgba(0, 0, 0, 0)\" class=\"has-inline-color has-accent-color\">Cursada aprobada de:<\/mark><\/strong><\/td><td class=\"has-text-align-center\" data-align=\"center\"><strong><mark style=\"background-color:rgba(0, 0, 0, 0)\" class=\"has-inline-color has-accent-color\">Unidad curricular acreditada<\/mark><\/strong><\/td><\/tr><tr><td class=\"has-text-align-center\" data-align=\"center\">Pol\u00edtica educativa argentina<\/td><td class=\"has-text-align-center\" data-align=\"center\">Educaci\u00f3n y transformaciones sociales contempor\u00e1neas + Pedagog\u00eda<\/td><td class=\"has-text-align-center\" data-align=\"center\">&#8212;<\/td><\/tr><tr><td class=\"has-text-align-center\" data-align=\"center\">Problemas filos\u00f3ficas de la educaci\u00f3n<\/td><td class=\"has-text-align-center\" data-align=\"center\">&#8212;<\/td><td class=\"has-text-align-center\" data-align=\"center\">&#8212;<\/td><\/tr><tr><td class=\"has-text-align-center\" data-align=\"center\">Trayectorias educativas<\/td><td class=\"has-text-align-center\" data-align=\"center\">Educaci\u00f3n Sexual Integral + Cultura digital y educaci\u00f3n<\/td><td class=\"has-text-align-center\" data-align=\"center\">&#8212;<\/td><\/tr><tr><td class=\"has-text-align-center\" data-align=\"center\">Did\u00e1ctica de la matem\u00e1tica II<\/td><td class=\"has-text-align-center\" data-align=\"center\">Did\u00e1ctica de la matem\u00e1tica I<\/td><td class=\"has-text-align-center\" data-align=\"center\">&#8212;<\/td><\/tr><tr><td class=\"has-text-align-center\" data-align=\"center\">An\u00e1lisis Matem\u00e1tico II<\/td><td class=\"has-text-align-center\" data-align=\"center\">An\u00e1lisis Matem\u00e1tico I<\/td><td class=\"has-text-align-center\" data-align=\"center\">&#8212;<\/td><\/tr><tr><td class=\"has-text-align-center\" data-align=\"center\">Geometr\u00eda III<\/td><td class=\"has-text-align-center\" data-align=\"center\">Geometr\u00eda II + An\u00e1lisis Matem\u00e1tico I + \u00c1lgebra I<\/td><td class=\"has-text-align-center\" data-align=\"center\">&#8212;<\/td><\/tr><tr><td class=\"has-text-align-center\" data-align=\"center\">\u00c1lgebra II<\/td><td class=\"has-text-align-center\" data-align=\"center\">\u00c1lgebra I<\/td><td class=\"has-text-align-center\" data-align=\"center\">&#8212;<\/td><\/tr><tr><td class=\"has-text-align-center\" data-align=\"center\">Probabilidad y Estad\u00edstica<\/td><td class=\"has-text-align-center\" data-align=\"center\">Introducci\u00f3n a la Probabilidad y Estad\u00edstica + An\u00e1lisis Matem\u00e1tico I<\/td><td class=\"has-text-align-center\" data-align=\"center\">&#8212;<\/td><\/tr><tr><td class=\"has-text-align-center\" data-align=\"center\">Seminario de ense\u00f1anza de la geometr\u00eda<\/td><td class=\"has-text-align-center\" data-align=\"center\">Geometr\u00eda I<\/td><td class=\"has-text-align-center\" data-align=\"center\">&#8212;<\/td><\/tr><tr><td class=\"has-text-align-center\" data-align=\"center\">Pr\u00e1cticas Docentes III<\/td><td class=\"has-text-align-center\" data-align=\"center\">Todas las unidades curriculares de primer a\u00f1o + Did\u00e1ctica y curr\u00edculum + Seminario de ense\u00f1anza de la aritm\u00e9tica y el \u00e1lgebra + Did\u00e1ctica de la matem\u00e1tica I<\/td><td class=\"has-text-align-center\" data-align=\"center\">Pr\u00e1cticas docentes II + Pedagog\u00eda + Geometr\u00eda I<\/td><\/tr><tr><td class=\"has-text-align-center\" data-align=\"center\">La ense\u00f1anza de la matem\u00e1tica como pr\u00e1ctica situada I<\/td><td class=\"has-text-align-center\" data-align=\"center\">Todas las unidades curriculares de primer a\u00f1o + Did\u00e1ctica y curr\u00edculum + Seminario de ense\u00f1anza de la aritm\u00e9tica y el \u00e1lgebra + Did\u00e1ctica de la matem\u00e1tica I<\/td><td class=\"has-text-align-center\" data-align=\"center\">Pr\u00e1cticas docentes II + Pedagog\u00eda + Introducci\u00f3n al \u00e1lgebra<\/td><\/tr><\/tbody><\/table><\/figure>\n\n\n\n<h3 class=\"wp-block-heading has-text-align-center\">Cuarto a\u00f1o<\/h3>\n\n\n\n<figure class=\"wp-block-table aligncenter\"><table><tbody><tr><td class=\"has-text-align-center\" data-align=\"center\"><strong><mark style=\"background-color:rgba(0, 0, 0, 0)\" class=\"has-inline-color has-accent-color\">Unidad curricular<\/mark><\/strong><\/td><td class=\"has-text-align-center\" data-align=\"center\"><strong><mark style=\"background-color:rgba(0, 0, 0, 0)\" class=\"has-inline-color has-accent-color\">Cursada aprobada de:<\/mark><\/strong><\/td><td class=\"has-text-align-center\" data-align=\"center\"><strong><mark style=\"background-color:rgba(0, 0, 0, 0)\" class=\"has-inline-color has-accent-color\">Unidad curricular acreditada<\/mark><\/strong><\/td><\/tr><tr><td class=\"has-text-align-center\" data-align=\"center\">Pensamiento pol\u00edtico y pedag\u00f3gico latinoamericano<\/td><td class=\"has-text-align-center\" data-align=\"center\">Problemas filos\u00f3ficos de la educaci\u00f3n<\/td><td class=\"has-text-align-center\" data-align=\"center\">&#8212;<\/td><\/tr><tr><td class=\"has-text-align-center\" data-align=\"center\">Pol\u00edticas inclusivas y propuestas pedag\u00f3gicas igualitarias<\/td><td class=\"has-text-align-center\" data-align=\"center\">Trayectorias educativas<\/td><td class=\"has-text-align-center\" data-align=\"center\">&#8212;<\/td><\/tr><tr><td class=\"has-text-align-center\" data-align=\"center\">EOI (CFG)<\/td><td class=\"has-text-align-center\" data-align=\"center\">Todas las unidades curriculares de 1ro y 2do a\u00f1o del CFG<\/td><td class=\"has-text-align-center\" data-align=\"center\">&#8212;<\/td><\/tr><tr><td class=\"has-text-align-center\" data-align=\"center\">Did\u00e1ctica de la matem\u00e1tica III<\/td><td class=\"has-text-align-center\" data-align=\"center\">Did\u00e1ctica de la matem\u00e1tica II<\/td><td class=\"has-text-align-center\" data-align=\"center\">Did\u00e1ctica de la matem\u00e1tica I<\/td><\/tr><tr><td class=\"has-text-align-center\" data-align=\"center\">Modelos matem\u00e1ticos en las ciencias<\/td><td class=\"has-text-align-center\" data-align=\"center\">An\u00e1lisis Matem\u00e1tico I + Geometr\u00eda II + \u00c1lgebra I + Probabilidad y Estad\u00edstica<\/td><td class=\"has-text-align-center\" data-align=\"center\">&#8212;<\/td><\/tr><tr><td class=\"has-text-align-center\" data-align=\"center\">Historia y Epistemolog\u00eda de la Matem\u00e1tica<\/td><td class=\"has-text-align-center\" data-align=\"center\">An\u00e1lisis Matem\u00e1tico I + Geometr\u00eda III + \u00c1lgebra II + Did\u00e1ctica de la matem\u00e1tica I<\/td><td class=\"has-text-align-center\" data-align=\"center\">&#8212;<\/td><\/tr><tr><td class=\"has-text-align-center\" data-align=\"center\">Seminario de f\u00edsica asociada a la matem\u00e1tica<\/td><td class=\"has-text-align-center\" data-align=\"center\">\u00c1lgebra I + \u00c1nalisis matem\u00e1tico I + Geometr\u00eda I<\/td><td class=\"has-text-align-center\" data-align=\"center\">&#8212;<\/td><\/tr><tr><td class=\"has-text-align-center\" data-align=\"center\">Seminario de ense\u00f1anza de las funciones<\/td><td class=\"has-text-align-center\" data-align=\"center\">Did\u00e1ctica de la matem\u00e1tica I + Modelos funcionales<\/td><td class=\"has-text-align-center\" data-align=\"center\">&#8212;<\/td><\/tr><tr><td class=\"has-text-align-center\" data-align=\"center\">EOI (CFE)<\/td><td class=\"has-text-align-center\" data-align=\"center\">Todas las unidades curriculares de 1ro y 2do a\u00f1o del CFE<\/td><td class=\"has-text-align-center\" data-align=\"center\">&#8212;<\/td><\/tr><tr><td class=\"has-text-align-center\" data-align=\"center\">La ense\u00f1anza de la matem\u00e1tica como pr\u00e1ctica situada II<\/td><td class=\"has-text-align-center\" data-align=\"center\">Todas las unidades curriculares de segundo a\u00f1o + Trayectorias educativas + Seminario de la ense\u00f1anza de la geometr\u00eda + Did\u00e1ctica de la matem\u00e1tica II<\/td><td class=\"has-text-align-center\" data-align=\"center\">Pr\u00e1cticas docentes III + La ense\u00f1anza de la Matem\u00e1tica como pr\u00e1ctica situada I + Did\u00e1ctica y curr\u00edculum + Did\u00e1ctica de la matem\u00e1tica I<\/td><\/tr><tr><td class=\"has-text-align-center\" data-align=\"center\">Pr\u00e1cticas docentes IV<\/td><td class=\"has-text-align-center\" data-align=\"center\">Todas las unidades curriculares de segundo a\u00f1o + Trayectorias educativas + Seminario de ense\u00f1anza de la geometr\u00eda + Did\u00e1ctica de la matem\u00e1tica II<\/td><td class=\"has-text-align-center\" data-align=\"center\">Pr\u00e1cticas docentes III + Did\u00e1ctica y curr\u00edculum + Did\u00e1ctica de la matem\u00e1tica I<\/td><\/tr><\/tbody><\/table><\/figure>\n\n\n\n<h3 class=\"wp-block-heading has-text-align-center\">Unidades curriculares por fuera de a\u00f1o<\/h3>\n\n\n\n<figure class=\"wp-block-table aligncenter is-style-regular\"><table><tbody><tr><td class=\"has-text-align-center\" data-align=\"center\"><strong><mark style=\"background-color:rgba(0, 0, 0, 0)\" class=\"has-inline-color has-accent-color\">Unidad curricular<\/mark><\/strong><\/td><td class=\"has-text-align-center\" data-align=\"center\"><strong><mark style=\"background-color:rgba(0, 0, 0, 0)\" class=\"has-inline-color has-accent-color\">Cursada aprobada de:<\/mark><\/strong><\/td><td class=\"has-text-align-center\" data-align=\"center\"><strong><mark style=\"background-color:rgba(0, 0, 0, 0)\" class=\"has-inline-color has-accent-color\">Unidad curricular acreditada<\/mark><\/strong><\/td><\/tr><tr><td class=\"has-text-align-center\" data-align=\"center\">Unidad curricular optativa<\/td><td class=\"has-text-align-center\" data-align=\"center\">Todas las unidades curriculares de 1ro y 2do a\u00f1o<\/td><td class=\"has-text-align-center\" data-align=\"center\">&#8212;<\/td><\/tr><\/tbody><\/table><\/figure>\n","protected":false},"excerpt":{"rendered":"<p>Este r\u00e9gimen de correlatividades establece los requisitos para cursar (seg\u00fan resoluci\u00f3n 5882\/25) Segundo a\u00f1o Unidad curricular Cursada aprobada de: Unidad curricular acreditada Did\u00e1ctica y curr\u00edculum Pedagog\u00eda &#8212; Psicolog\u00eda del aprendizaje &#8212; &#8212; An\u00e1lisis de las instituciones educativas &#8212; &#8212; Cultura digital y educaci\u00f3n &#8212; &#8212; Did\u00e1ctica de la matem\u00e1tica I &#8212; &#8212; An\u00e1lisis Matem\u00e1tico I &#8230; <a title=\"R\u00e9gimen de correlatividades (desde 2026)\" class=\"read-more\" href=\"https:\/\/isfd140-bue.infd.edu.ar\/sitio\/regimen-de-correlatividades-desde-2026\/\" aria-label=\"More on R\u00e9gimen de correlatividades (desde 2026)\">[+]<\/a><\/p>\n","protected":false},"author":2215,"featured_media":0,"parent":0,"menu_order":0,"comment_status":"closed","ping_status":"closed","template":"","meta":[],"acf":[],"_links":{"self":[{"href":"https:\/\/isfd140-bue.infd.edu.ar\/sitio\/wp-json\/wp\/v2\/pages\/3020"}],"collection":[{"href":"https:\/\/isfd140-bue.infd.edu.ar\/sitio\/wp-json\/wp\/v2\/pages"}],"about":[{"href":"https:\/\/isfd140-bue.infd.edu.ar\/sitio\/wp-json\/wp\/v2\/types\/page"}],"author":[{"embeddable":true,"href":"https:\/\/isfd140-bue.infd.edu.ar\/sitio\/wp-json\/wp\/v2\/users\/2215"}],"replies":[{"embeddable":true,"href":"https:\/\/isfd140-bue.infd.edu.ar\/sitio\/wp-json\/wp\/v2\/comments?post=3020"}],"version-history":[{"count":1,"href":"https:\/\/isfd140-bue.infd.edu.ar\/sitio\/wp-json\/wp\/v2\/pages\/3020\/revisions"}],"predecessor-version":[{"id":3021,"href":"https:\/\/isfd140-bue.infd.edu.ar\/sitio\/wp-json\/wp\/v2\/pages\/3020\/revisions\/3021"}],"wp:attachment":[{"href":"https:\/\/isfd140-bue.infd.edu.ar\/sitio\/wp-json\/wp\/v2\/media?parent=3020"}],"curies":[{"name":"wp","href":"https:\/\/api.w.org\/{rel}","templated":true}]}}