{"id":286,"date":"2016-10-31T13:17:59","date_gmt":"2016-10-31T16:17:59","guid":{"rendered":"https:\/\/isfd140-bue.infd.edu.ar\/sitio\/?page_id=286"},"modified":"2026-05-04T10:06:38","modified_gmt":"2026-05-04T13:06:38","slug":"inicio","status":"publish","type":"page","link":"https:\/\/isfd140-bue.infd.edu.ar\/sitio\/","title":{"rendered":"Mini slide"},"content":{"rendered":"<div id=\"metaslider-id-403\" style=\"width: 100%;\" class=\"ml-slider-3-33-0 metaslider metaslider-flex metaslider-403 ml-slider ms-theme-default\" role=\"region\" aria-roledescription=\"Slideshow\" aria-label=\"Slideshow\">\n    <div id=\"metaslider_container_403\">\n        <div id=\"metaslider_403\" class=\"flexslider\">\n            <ul aria-live=\"polite\" class=\"slides\">\n                <li style=\"display: block; width: 100%;\" class=\"slide-607 ms-image\" aria-roledescription=\"slide\" aria-label=\"slide-607\"><a href=\"https:\/\/mapa.infd.edu.ar\/\" target=\"_blank\"><img src=\"https:\/\/isfd140-bue.infd.edu.ar\/sitio\/wp-content\/uploads\/2018\/06\/mapa_infd6-1100x200.png\" height=\"200\" width=\"1100\" alt=\"\" class=\"slider-403 slide-607\" title=\"mapa_infd6\" \/><\/a><\/li>\n                <li style=\"display: none; width: 100%;\" class=\"slide-609 ms-image\" aria-roledescription=\"slide\" aria-label=\"slide-609\"><a href=\"https:\/\/www.argentina.gob.ar\/educacion\/becas\" target=\"_blank\"><img src=\"https:\/\/isfd140-bue.infd.edu.ar\/sitio\/wp-content\/uploads\/2018\/06\/becas7-1100x200.png\" height=\"200\" width=\"1100\" alt=\"\" class=\"slider-403 slide-609\" title=\"becas7\" \/><\/a><\/li>\n                <li style=\"display: none; width: 100%;\" class=\"slide-635 ms-image\" aria-roledescription=\"slide\" aria-label=\"slide-635\"><a href=\"https:\/\/www.argentina.gob.ar\/tema\/estudiar\/formacion-docencia\" target=\"_blank\"><img src=\"https:\/\/isfd140-bue.infd.edu.ar\/sitio\/wp-content\/uploads\/2018\/06\/convocatorias_slide6-1-1100x200.png\" height=\"200\" width=\"1100\" alt=\"\" class=\"slider-403 slide-635\" title=\"convocatorias_slide6-1\" \/><\/a><\/li>\n            <\/ul>\n        <\/div>\n        \n    <\/div>\n<\/div>\n<p style=\"text-align: center;\">\u00a0<\/p>\n<p style=\"text-align: center;\"><img decoding=\"async\" loading=\"lazy\" class=\"wp-image-2524 aligncenter\" src=\"https:\/\/isfd140-bue.infd.edu.ar\/sitio\/wp-content\/uploads\/2024\/05\/WhatsApp-Image-2024-05-16-at-4.17.17-PM-1000x709.jpeg\" alt=\"\" width=\"884\" height=\"626\" srcset=\"https:\/\/isfd140-bue.infd.edu.ar\/sitio\/wp-content\/uploads\/2024\/05\/WhatsApp-Image-2024-05-16-at-4.17.17-PM-1000x709.jpeg 1000w, https:\/\/isfd140-bue.infd.edu.ar\/sitio\/wp-content\/uploads\/2024\/05\/WhatsApp-Image-2024-05-16-at-4.17.17-PM-768x545.jpeg 768w, https:\/\/isfd140-bue.infd.edu.ar\/sitio\/wp-content\/uploads\/2024\/05\/WhatsApp-Image-2024-05-16-at-4.17.17-PM-1536x1090.jpeg 1536w, https:\/\/isfd140-bue.infd.edu.ar\/sitio\/wp-content\/uploads\/2024\/05\/WhatsApp-Image-2024-05-16-at-4.17.17-PM.jpeg 1600w\" sizes=\"(max-width: 884px) 100vw, 884px\" \/><\/p>\n<h1 style=\"text-align: center;\"><span style=\"font-size: 14pt; color: #000000;\"><strong>Profesorado de Educaci\u00f3n Primaria- Toda la carrera en turno tarde en la sede del CUT Tigre.<\/strong><\/span><\/h1>\n<h1 style=\"text-align: center;\"><span style=\"font-size: 14pt; color: #000000;\"><strong>Profesorado de Educaci\u00f3n Secundaria en <\/strong><\/span><span style=\"font-size: 14pt; color: #000000;\"><strong>Matem\u00e1tica<\/strong><\/span><span style=\"font-size: 14pt; color: #000000;\"><strong>&#8211; 1\u00ba y 2\u00ba a\u00f1o solo en turno tarde en sede CUT y 3\u00ba y 4\u00ba a\u00f1o solo en turno noche en sede Pacheco.<\/strong><\/span><\/h1>\n<h1 style=\"text-align: center;\"><span style=\"font-size: 14pt; color: #000000;\"><strong>Profesorado de Educaci\u00f3n Secundaria en Biolog\u00eda- 1\u00b0 a\u00f1o en turno tarde en sede CUT o noche en sede Pacheco y 2\u00b0, 3\u00ba y 4\u00ba a\u00f1o solo en turno noche en sede Pacheco.<\/strong><\/span><\/h1>\n<h1 style=\"text-align: center;\"><span style=\"font-size: 14pt; color: #000000;\"><strong>Profesorado de Educaci\u00f3n Secundaria en F\u00edsica- 1\u00b0 a\u00f1o en turno tarde en sede CUT o noche en sede Pacheco y 2\u00b0, 3\u00ba y 4\u00ba a\u00f1o solo en turno noche en sede Pacheco.<\/strong><\/span><\/h1>\n<h1 style=\"text-align: center;\"><span style=\"font-size: 14pt; color: #000000;\"><strong>Tecnicatura Superior en Alimentos- toda la carrera en turno noche en sede Pacheco.<\/strong><\/span><\/h1>\n<p class=\"Borde_rojo\" style=\"text-align: center;\"><span style=\"font-size: 12pt;\"><strong>LAS PR\u00c1CTICAS DOCENTES SE CURSAN A CONTRATURNO AL HORARIO DE CURSADA.<\/strong>\u00a0<\/span><\/p>\n","protected":false},"excerpt":{"rendered":"<p>\u00a0 Profesorado de Educaci\u00f3n Primaria- Toda la carrera en turno tarde en la sede del CUT Tigre. Profesorado de Educaci\u00f3n Secundaria en Matem\u00e1tica&#8211; 1\u00ba y 2\u00ba a\u00f1o solo en turno tarde en sede CUT y 3\u00ba y 4\u00ba a\u00f1o solo en turno noche en sede Pacheco. Profesorado de Educaci\u00f3n Secundaria en Biolog\u00eda- 1\u00b0 a\u00f1o en &#8230; <a title=\"Mini slide\" class=\"read-more\" href=\"https:\/\/isfd140-bue.infd.edu.ar\/sitio\/\" aria-label=\"More on Mini slide\">[+]<\/a><\/p>\n","protected":false},"author":1,"featured_media":0,"parent":893,"menu_order":0,"comment_status":"closed","ping_status":"closed","template":"","meta":[],"acf":[],"_links":{"self":[{"href":"https:\/\/isfd140-bue.infd.edu.ar\/sitio\/wp-json\/wp\/v2\/pages\/286"}],"collection":[{"href":"https:\/\/isfd140-bue.infd.edu.ar\/sitio\/wp-json\/wp\/v2\/pages"}],"about":[{"href":"https:\/\/isfd140-bue.infd.edu.ar\/sitio\/wp-json\/wp\/v2\/types\/page"}],"author":[{"embeddable":true,"href":"https:\/\/isfd140-bue.infd.edu.ar\/sitio\/wp-json\/wp\/v2\/users\/1"}],"replies":[{"embeddable":true,"href":"https:\/\/isfd140-bue.infd.edu.ar\/sitio\/wp-json\/wp\/v2\/comments?post=286"}],"version-history":[{"count":606,"href":"https:\/\/isfd140-bue.infd.edu.ar\/sitio\/wp-json\/wp\/v2\/pages\/286\/revisions"}],"predecessor-version":[{"id":3064,"href":"https:\/\/isfd140-bue.infd.edu.ar\/sitio\/wp-json\/wp\/v2\/pages\/286\/revisions\/3064"}],"up":[{"embeddable":true,"href":"https:\/\/isfd140-bue.infd.edu.ar\/sitio\/wp-json\/wp\/v2\/pages\/893"}],"wp:attachment":[{"href":"https:\/\/isfd140-bue.infd.edu.ar\/sitio\/wp-json\/wp\/v2\/media?parent=286"}],"curies":[{"name":"wp","href":"https:\/\/api.w.org\/{rel}","templated":true}]}}