{"id":2732,"date":"2025-03-04T18:48:00","date_gmt":"2025-03-04T21:48:00","guid":{"rendered":"https:\/\/isfd140-bue.infd.edu.ar\/sitio\/?page_id=2732"},"modified":"2026-03-11T15:59:19","modified_gmt":"2026-03-11T18:59:19","slug":"estudiante-itinerante","status":"publish","type":"page","link":"https:\/\/isfd140-bue.infd.edu.ar\/sitio\/estudiante-itinerante\/","title":{"rendered":"Solicitud para cursar como Estudiante Itinerante"},"content":{"rendered":"\n<h2 class=\"wp-block-heading\"><strong>\u00bfQu\u00e9 es un Estudiante Itinerante?<\/strong><\/h2>\n\n\n\n<p>Una o un estudiante itinerante es aquel o aquella que, estando matriculado regularmente en un Instituto Superior (IS) dependiente de la Direcci\u00f3n General de Cultura y Educaci\u00f3n, cursa una o m\u00e1s unidades curriculares en otro IS de la jurisdicci\u00f3n en la que no est\u00e1 matriculado, con el fin de acreditar dichas unidades curriculares en su carrera de Profesorado o Tecnicatura.<\/p>\n\n\n\n<h2 class=\"wp-block-heading\"><strong>Condiciones para ser Estudiante Itinerante<\/strong><\/h2>\n\n\n\n<ul>\n<li>Se podr\u00e1 cursar hasta el <strong>30% de las unidades curriculares (UC)<\/strong> de la carrera bajo esta modalidad.<\/li>\n\n\n\n<li>Quedan exceptuadas las unidades curriculares del <strong>Campo de la Pr\u00e1ctica Docente y Pr\u00e1cticas Profesionalizantes<\/strong>.<\/li>\n\n\n\n<li>La unidad curricular solicitada debe formar parte del mismo plan de estudios o contar con igual denominaci\u00f3n, carga horaria y contenidos m\u00ednimos prescriptos en el dise\u00f1o de la carrera de origen.<\/li>\n\n\n\n<li>La solicitud deber\u00e1 realizarse dentro del <strong>per\u00edodo de inscripci\u00f3n<\/strong> a la\/s unidad\/es curricular\/es en el IS receptor.<\/li>\n\n\n\n<li>La aceptaci\u00f3n o rechazo de la solicitud depender\u00e1 \u00fanicamente de la <strong>disponibilidad de vacantes<\/strong> en la unidad curricular solicitada.<\/li>\n\n\n\n<li>La cursada de unidades curriculares bajo esta modalidad <strong>tendr\u00e1 una validez de ocho turnos consecutivos<\/strong> a partir de la finalizaci\u00f3n de la cursada.<\/li>\n\n\n\n<li>La acreditaci\u00f3n de la UC se realizar\u00e1 en el IS donde se curs\u00f3 como itinerante.<\/li>\n<\/ul>\n\n\n\n<h2 class=\"wp-block-heading\"><strong>Proceso de Solicitud<\/strong><\/h2>\n\n\n\n<ol>\n<li><strong>Descargar y completar el Formulario A<\/strong>: \u201cSolicitud para cursar unidades curriculares como estudiante itinerante\u201d &#x1f449; <a rel=\"noreferrer noopener\" href=\"https:\/\/drive.google.com\/file\/d\/1wh_VRFvuFHkyerLWVzieAiliZJe-X6fC\/view?usp=sharing\" data-type=\"URL\" data-id=\"https:\/\/drive.google.com\/file\/d\/1wh_VRFvuFHkyerLWVzieAiliZJe-X6fC\/view?usp=sharing\" target=\"_blank\">Descargar Formulario A<\/a>.<\/li>\n\n\n\n<li><strong>Reunir la documentaci\u00f3n requerida<\/strong>:\n<ul>\n<li><strong>Copia de DNI<\/strong> (ambos lados).<\/li>\n\n\n\n<li><strong>Certificado anal\u00edtico parcial actualizado<\/strong>, que debe incluir:\n<ul>\n<li>Unidades curriculares <strong>con cursada aprobada<\/strong>.<\/li>\n\n\n\n<li>Unidades curriculares <strong>acreditadas con nota final<\/strong>.<\/li>\n\n\n\n<li>Esta informaci\u00f3n es necesaria para verificar las correlatividades de los espacios solicitados.<\/li>\n<\/ul>\n<\/li>\n\n\n\n<li><strong>Formulario A completo y firmado<\/strong>.<\/li>\n<\/ul>\n<\/li>\n\n\n\n<li><strong>Completar el Formulario en L\u00ednea<\/strong> y adjuntar la documentaci\u00f3n respaldatoria.<\/li>\n\n\n\n<li><strong>Esperar la confirmaci\u00f3n<\/strong> <strong>por correo electr\u00f3nico<\/strong>: La instituci\u00f3n evaluar\u00e1 la solicitud y confirmar\u00e1 la aceptaci\u00f3n o rechazo seg\u00fan disponibilidad.<\/li>\n\n\n\n<li><strong>Notificar al IS de origen<\/strong>: En caso de aceptaci\u00f3n, se debe presentar el <strong>Formulario B<\/strong> en el IS donde se encuentra matriculado\/a, informando la aceptaci\u00f3n en otro IS. &#x1f449; <a rel=\"noreferrer noopener\" href=\"https:\/\/drive.google.com\/file\/d\/142Wy8w-bgZdP4Qcpj2_XVYcnWl3BXXtx\/view?usp=sharing\" data-type=\"URL\" data-id=\"https:\/\/drive.google.com\/file\/d\/142Wy8w-bgZdP4Qcpj2_XVYcnWl3BXXtx\/view?usp=sharing\" target=\"_blank\">Descargar fomulario B<\/a>. Realizar dos copias. Una copia queda en poder del IS ante el cual se realiza la solicitud y otra copia para la persona interesada.<\/li>\n\n\n\n<li><strong>Cumplir con las condiciones de cursada y acreditaci\u00f3n<\/strong> establecidas por el IS receptor.<\/li>\n\n\n\n<li><strong>Solicitar la Constancia de Acreditaci\u00f3n<\/strong>: Al finalizar la cursada, se debe gestionar el <strong>Formulario D<\/strong>, que certifica la acreditaci\u00f3n de la UC cursada como estudiante itinerante.<\/li>\n\n\n\n<li><strong>Presentar la Constancia de Acreditaci\u00f3n en el IS de origen<\/strong> para su validaci\u00f3n y registro.<\/li>\n<\/ol>\n\n\n\n<h2 class=\"wp-block-heading\"><strong>Oferta Acad\u00e9mica y Horarios de Cursada<\/strong><\/h2>\n\n\n\n<p>Para conocer los horarios de cursada de todas las carreras disponibles, acceda al siguiente enlace:<br>&#x1f449; <a href=\"https:\/\/docs.google.com\/spreadsheets\/d\/1pbJEfl7-16Yy3TPD-IQQzuJv3Qm1b1Gu\/edit?gid=1643504563#gid=1643504563\" data-type=\"URL\" target=\"_blank\" rel=\"noreferrer noopener\">[Horarios]<\/a><\/p>\n\n\n\n<p>&#x1f4cc; <em>Es importante verificar la disponibilidad horaria antes de realizar la solicitud.<\/em><\/p>\n\n\n\n<h2 class=\"wp-block-heading\"><strong>Enlaces de inter\u00e9s<\/strong><\/h2>\n\n\n\n<ul>\n<li>&#x1f4d6; <strong>R\u00e9gimen Acad\u00e9mico Marco &#8211; Anexo 2<\/strong>:<em> <\/em><a href=\"https:\/\/drive.google.com\/file\/d\/1NCseucICPv6SVRdZ1ndcVI68F1TaRC2h\/view?usp=sharing\" data-type=\"URL\" target=\"_blank\" rel=\"noreferrer noopener\">Enlace<\/a><\/li>\n<\/ul>\n\n\n\n<h2 class=\"wp-block-heading\"><strong>Formulario de Inscripci\u00f3n<\/strong><\/h2>\n\n\n\n<p class=\"has-text-align-center\">Para iniciar el tr\u00e1mite, complete el siguiente formulario en l\u00ednea y adjunte la documentaci\u00f3n solicitada:<br><a href=\"https:\/\/docs.google.com\/forms\/d\/e\/1FAIpQLSczQ9_SYMDOwV46msJYjOmLWkUpzYzlFWTqpU6Xj2GV7LlGNA\/viewform?usp=dialog\" data-type=\"URL\" data-id=\"https:\/\/docs.google.com\/forms\/d\/e\/1FAIpQLSczQ9_SYMDOwV46msJYjOmLWkUpzYzlFWTqpU6Xj2GV7LlGNA\/viewform?usp=dialog\" target=\"_blank\" rel=\"noreferrer noopener\">&#x1f449; FORMULARIO DE SOLICITUD PARA ESTUDIANTE ITINERANTE<\/a><\/p>\n","protected":false},"excerpt":{"rendered":"<p>\u00bfQu\u00e9 es un Estudiante Itinerante? Una o un estudiante itinerante es aquel o aquella que, estando matriculado regularmente en un Instituto Superior (IS) dependiente de la Direcci\u00f3n General de Cultura y Educaci\u00f3n, cursa una o m\u00e1s unidades curriculares en otro IS de la jurisdicci\u00f3n en la que no est\u00e1 matriculado, con el fin de acreditar &#8230; <a title=\"Solicitud para cursar como Estudiante Itinerante\" class=\"read-more\" href=\"https:\/\/isfd140-bue.infd.edu.ar\/sitio\/estudiante-itinerante\/\" aria-label=\"More on Solicitud para cursar como Estudiante Itinerante\">[+]<\/a><\/p>\n","protected":false},"author":771,"featured_media":0,"parent":0,"menu_order":0,"comment_status":"closed","ping_status":"closed","template":"","meta":[],"acf":[],"_links":{"self":[{"href":"https:\/\/isfd140-bue.infd.edu.ar\/sitio\/wp-json\/wp\/v2\/pages\/2732"}],"collection":[{"href":"https:\/\/isfd140-bue.infd.edu.ar\/sitio\/wp-json\/wp\/v2\/pages"}],"about":[{"href":"https:\/\/isfd140-bue.infd.edu.ar\/sitio\/wp-json\/wp\/v2\/types\/page"}],"author":[{"embeddable":true,"href":"https:\/\/isfd140-bue.infd.edu.ar\/sitio\/wp-json\/wp\/v2\/users\/771"}],"replies":[{"embeddable":true,"href":"https:\/\/isfd140-bue.infd.edu.ar\/sitio\/wp-json\/wp\/v2\/comments?post=2732"}],"version-history":[{"count":8,"href":"https:\/\/isfd140-bue.infd.edu.ar\/sitio\/wp-json\/wp\/v2\/pages\/2732\/revisions"}],"predecessor-version":[{"id":3055,"href":"https:\/\/isfd140-bue.infd.edu.ar\/sitio\/wp-json\/wp\/v2\/pages\/2732\/revisions\/3055"}],"wp:attachment":[{"href":"https:\/\/isfd140-bue.infd.edu.ar\/sitio\/wp-json\/wp\/v2\/media?parent=2732"}],"curies":[{"name":"wp","href":"https:\/\/api.w.org\/{rel}","templated":true}]}}