{"id":2618,"date":"2024-10-04T14:32:48","date_gmt":"2024-10-04T17:32:48","guid":{"rendered":"https:\/\/isfd140-bue.infd.edu.ar\/sitio\/?page_id=2618"},"modified":"2026-02-14T14:54:10","modified_gmt":"2026-02-14T17:54:10","slug":"regimen-de-correlatividades","status":"publish","type":"page","link":"https:\/\/isfd140-bue.infd.edu.ar\/sitio\/regimen-de-correlatividades\/","title":{"rendered":"R\u00e9gimen de correlatividades (hasta 2025)"},"content":{"rendered":"<p>El r\u00e9gimen de correlatividades vigente establece los requisitos para <em><strong>cursar&nbsp;<\/strong><\/em>una determinada unidad curricular<\/p>\n\n\n<div class=\"wp-block-group is-vertical is-content-justification-center is-layout-flex wp-container-1\">\n<h3 class=\"wp-block-heading has-text-align-center\">Segundo a\u00f1o<\/h3>\n\n\n\n<figure class=\"wp-block-table\"><table><tbody><tr><td class=\"has-text-align-center\" data-align=\"center\"><strong><mark style=\"background-color:rgba(0, 0, 0, 0)\" class=\"has-inline-color has-accent-color\">Para cursar&#8230;<\/mark><\/strong><\/td><td class=\"has-text-align-center\" data-align=\"center\"><strong><mark style=\"background-color:rgba(0, 0, 0, 0)\" class=\"has-inline-color has-accent-color\">Se debe tener aprobada la cursada de&#8230;<\/mark><\/strong><\/td><td class=\"has-text-align-center\" data-align=\"center\"><strong><mark style=\"background-color:rgba(0, 0, 0, 0)\" class=\"has-inline-color has-accent-color\">Se debe tener acreditada la unidad curricular de&#8230;<\/mark><\/strong><\/td><\/tr><tr><td class=\"has-text-align-center\" data-align=\"center\">Ense\u00f1ar con tecnolog\u00edas<\/td><td class=\"has-text-align-center\" data-align=\"center\">Pedagog\u00eda + Did\u00e1ctica general<\/td><td class=\"has-text-align-center\" data-align=\"center\">&#8212; &#8212; &#8212;<\/td><\/tr><tr><td class=\"has-text-align-center\" data-align=\"center\">Persepectiva acerca de los sujetos de la Educaci\u00f3n<\/td><td class=\"has-text-align-center\" data-align=\"center\">&#8212; &#8212; &#8212;<\/td><td class=\"has-text-align-center\" data-align=\"center\">&#8212; &#8212; &#8212;<\/td><\/tr><tr><td class=\"has-text-align-center\" data-align=\"center\">Historia y pol\u00edtica de la educaci\u00f3n argentina<\/td><td class=\"has-text-align-center\" data-align=\"center\">&#8212; &#8212; &#8212;<\/td><td class=\"has-text-align-center\" data-align=\"center\">&#8212; &#8212; &#8212;<\/td><\/tr><tr><td class=\"has-text-align-center\" data-align=\"center\">Geometr\u00eda anal\u00edtica<\/td><td class=\"has-text-align-center\" data-align=\"center\">Geometr\u00eda m\u00e9trica<\/td><td class=\"has-text-align-center\" data-align=\"center\">&#8212; &#8212; &#8212;<\/td><\/tr><tr><td class=\"has-text-align-center\" data-align=\"center\">Historia de la Matem\u00e1tica<\/td><td class=\"has-text-align-center\" data-align=\"center\">&#8212; &#8212; &#8212;<\/td><td class=\"has-text-align-center\" data-align=\"center\">&#8212; &#8212; &#8212;<\/td><\/tr><tr><td class=\"has-text-align-center\" data-align=\"center\">Did\u00e1ctica de la Matem\u00e1tica: did\u00e1ctica y curr\u00edculum<\/td><td class=\"has-text-align-center\" data-align=\"center\">Did\u00e1ctica general<\/td><td class=\"has-text-align-center\" data-align=\"center\">&#8212; &#8212; &#8212;<\/td><\/tr><tr><td class=\"has-text-align-center\" data-align=\"center\">C\u00e1lculo<\/td><td class=\"has-text-align-center\" data-align=\"center\">Introducci\u00f3n al C\u00e1lculo<\/td><td class=\"has-text-align-center\" data-align=\"center\">&#8212; &#8212; &#8212;<\/td><\/tr><tr><td class=\"has-text-align-center\" data-align=\"center\">\u00c1lgebra II<\/td><td class=\"has-text-align-center\" data-align=\"center\">\u00c1lgebra I<\/td><td class=\"has-text-align-center\" data-align=\"center\">&#8212; &#8212; &#8212;<\/td><\/tr><tr><td class=\"has-text-align-center\" data-align=\"center\">CFPP2: La construcci\u00f3n del trabajo docente en la Escuela Secundaria<\/td><td class=\"has-text-align-center\" data-align=\"center\">&#8212; &#8212; &#8212;<\/td><td class=\"has-text-align-center\" data-align=\"center\">CFPP1: El trabo docente complejidades y entramados<\/td><\/tr><\/tbody><\/table><\/figure>\n<\/div>\n\n\n\n<div class=\"wp-block-group is-vertical is-content-justification-center is-layout-flex wp-container-2\">\n<h3 class=\"wp-block-heading has-text-align-center\">Tercer a\u00f1o<\/h3>\n\n\n\n<figure class=\"wp-block-table\"><table><tbody><tr><td class=\"has-text-align-center\" data-align=\"center\"><strong><mark style=\"background-color:rgba(0, 0, 0, 0)\" class=\"has-inline-color has-accent-color\">Para cursar&#8230;<\/mark><\/strong><\/td><td class=\"has-text-align-center\" data-align=\"center\"><mark style=\"background-color:rgba(0, 0, 0, 0)\" class=\"has-inline-color has-accent-color\"><strong>Se debe tener aprobada la cursada de&#8230;<\/strong><\/mark><\/td><td class=\"has-text-align-center\" data-align=\"center\"><mark style=\"background-color:rgba(0, 0, 0, 0)\" class=\"has-inline-color has-accent-color\"><strong>Se debe tener acreditada la unidad curricular&#8230;<\/strong><\/mark><\/td><\/tr><tr><td class=\"has-text-align-center\" data-align=\"center\">Educaci\u00f3n para la diversidad<\/td><td class=\"has-text-align-center\" data-align=\"center\">Perspectiva acerca de los sujetos de la Educaci\u00f3n<\/td><td class=\"has-text-align-center\" data-align=\"center\">&#8212; &#8212; &#8212;<\/td><\/tr><tr><td class=\"has-text-align-center\" data-align=\"center\">La Evaluaci\u00f3n de los Aprendizajes<\/td><td class=\"has-text-align-center\" data-align=\"center\">Did\u00e1ctica de la Matem\u00e1tica: did\u00e1ctica y curr\u00edculum<\/td><td class=\"has-text-align-center\" data-align=\"center\">&#8212; &#8212; &#8212;<\/td><\/tr><tr><td class=\"has-text-align-center\" data-align=\"center\">Filosof\u00eda y Educaci\u00f3n<\/td><td class=\"has-text-align-center\" data-align=\"center\">Pedagog\u00eda<\/td><td class=\"has-text-align-center\" data-align=\"center\">&#8212; &#8212; &#8212;<\/td><\/tr><tr><td class=\"has-text-align-center\" data-align=\"center\">Did\u00e1ctica de la Matem\u00e1tica II: ense\u00f1anza con TIC<\/td><td class=\"has-text-align-center\" data-align=\"center\">Did\u00e1ctica de la Matem\u00e1tica: did\u00e1ctica y curr\u00edculum<\/td><td class=\"has-text-align-center\" data-align=\"center\">&#8212; &#8212; &#8212;<\/td><\/tr><tr><td class=\"has-text-align-center\" data-align=\"center\">\u00c1lgebra superior y elementos de Topolog\u00eda<\/td><td class=\"has-text-align-center\" data-align=\"center\">\u00c1lgebra II<\/td><td class=\"has-text-align-center\" data-align=\"center\">&#8212; &#8212; &#8212;<\/td><\/tr><tr><td class=\"has-text-align-center\" data-align=\"center\">Complementos de C\u00e1lculo<\/td><td class=\"has-text-align-center\" data-align=\"center\">C\u00e1lculo<\/td><td class=\"has-text-align-center\" data-align=\"center\">&#8212; &#8212; &#8212;<\/td><\/tr><tr><td class=\"has-text-align-center\" data-align=\"center\">Probabilidad y Estad\u00edstica<\/td><td class=\"has-text-align-center\" data-align=\"center\">C\u00e1lculo<\/td><td class=\"has-text-align-center\" data-align=\"center\">&#8212; &#8212; &#8212;<\/td><\/tr><tr><td class=\"has-text-align-center\" data-align=\"center\">CFPP3: La construcci\u00f3n de la tarea docente especifica en la ense\u00f1anza del nivel<\/td><td class=\"has-text-align-center\" data-align=\"center\">Todas las unidades curriculares de primer a\u00f1o<\/td><td class=\"has-text-align-center\" data-align=\"center\">CFPP2: La construcci\u00f3n del rol docente en la Escuela Secundaria + Did\u00e1ctica de la Matem\u00e1tica: did\u00e1ctica y curr\u00edculum<\/td><\/tr><\/tbody><\/table><\/figure>\n<\/div>\n\n\n\n<div class=\"wp-block-group is-vertical is-content-justification-center is-layout-flex wp-container-3\">\n<h3 class=\"wp-block-heading has-text-align-center\">Cuarto a\u00f1o<\/h3>\n\n\n\n<figure class=\"wp-block-table\"><table><tbody><tr><td class=\"has-text-align-center\" data-align=\"center\"><strong><mark style=\"background-color:rgba(0, 0, 0, 0)\" class=\"has-inline-color has-accent-color\">Para cursar&#8230;<\/mark><\/strong><\/td><td class=\"has-text-align-center\" data-align=\"center\"><mark style=\"background-color:rgba(0, 0, 0, 0)\" class=\"has-inline-color has-accent-color\"><strong>Se debe tener aprobada la cursada de&#8230;<\/strong><\/mark><\/td><td class=\"has-text-align-center\" data-align=\"center\"><mark style=\"background-color:rgba(0, 0, 0, 0)\" class=\"has-inline-color has-accent-color\"><strong>Se debe tener acreditada la unidad curricular&#8230;<\/strong><\/mark><\/td><\/tr><tr><td class=\"has-text-align-center\" data-align=\"center\">An\u00e1lisis e intervenci\u00f3n en situaciones de convivencia escolar<\/td><td class=\"has-text-align-center\" data-align=\"center\">Educaci\u00f3n para la diversidad<\/td><td class=\"has-text-align-center\" data-align=\"center\">&#8212; &#8212; &#8212;<\/td><\/tr><tr><td class=\"has-text-align-center\" data-align=\"center\">Ingl\u00e9s 2<\/td><td class=\"has-text-align-center\" data-align=\"center\">Ingl\u00e9s 1<\/td><td class=\"has-text-align-center\" data-align=\"center\">&#8212; &#8212; &#8212;<\/td><\/tr><tr><td class=\"has-text-align-center\" data-align=\"center\">Geometr\u00edas no euclidianas, geometr\u00eda proyectiva y fractal<\/td><td class=\"has-text-align-center\" data-align=\"center\">\u00c1lgebra Superior y elementos de Topolog\u00eda + Complementos de C\u00e1lculo<\/td><td class=\"has-text-align-center\" data-align=\"center\">&#8212; &#8212; &#8212;<\/td><\/tr><tr><td class=\"has-text-align-center\" data-align=\"center\">Did\u00e1ctica de la Matem\u00e1tica III: investigaci\u00f3n de los problemas de ense\u00f1anza<\/td><td class=\"has-text-align-center\" data-align=\"center\">Did\u00e1ctica de la Matem\u00e1tica II: ense\u00f1anza con TIC<\/td><td class=\"has-text-align-center\" data-align=\"center\">&#8212; &#8212; &#8212;<\/td><\/tr><tr><td class=\"has-text-align-center\" data-align=\"center\">Seminario de temas de F\u00edsica<\/td><td class=\"has-text-align-center\" data-align=\"center\">&#8212; &#8212; &#8212;<\/td><td class=\"has-text-align-center\" data-align=\"center\">&#8212; &#8212; &#8212;<\/td><\/tr><tr><td class=\"has-text-align-center\" data-align=\"center\">Fundamentos de Matem\u00e1tica<\/td><td class=\"has-text-align-center\" data-align=\"center\">\u00c1lgebra Superior y elementos de Topolog\u00eda + <br>Complementos de C\u00e1lculo<\/td><td class=\"has-text-align-center\" data-align=\"center\">&#8212; &#8212; &#8212;<\/td><\/tr><tr><td class=\"has-text-align-center\" data-align=\"center\">Matem\u00e1tica aplicada<\/td><td class=\"has-text-align-center\" data-align=\"center\">\u00c1lgebra Superior y elementos de Topolog\u00eda + <br>Complementos de C\u00e1lculo<\/td><td class=\"has-text-align-center\" data-align=\"center\">&#8212; &#8212; &#8212;<\/td><\/tr><tr><td class=\"has-text-align-center\" data-align=\"center\">Espacio de Definici\u00f3n Institucional<\/td><td class=\"has-text-align-center\" data-align=\"center\">&#8212; &#8212; &#8212;<\/td><td class=\"has-text-align-center\" data-align=\"center\">&#8212; &#8212; &#8212;<\/td><\/tr><tr><td class=\"has-text-align-center\" data-align=\"center\">CFPP4: La Reflexi\u00f3n sobre la Tarea Docente<\/td><td class=\"has-text-align-center\" data-align=\"center\">Todas las unidades curriculares de segundo a\u00f1o<\/td><td class=\"has-text-align-center\" data-align=\"center\">CFPP3: La construcci\u00f3n del rol docente en la  ense\u00f1anza del nivel + Did\u00e1ctica de la Matem\u00e1tica II: ense\u00f1anza con TIC<\/td><\/tr><\/tbody><\/table><\/figure>\n<\/div>\n\n\n\n<p class=\"has-text-align-center\"><a href=\"https:\/\/drive.google.com\/file\/d\/1xNXxcmM17dHrVp8HrUvB2869phZlcLp5\/view?usp=drive_link\" data-type=\"URL\" data-id=\"https:\/\/drive.google.com\/file\/d\/1xNXxcmM17dHrVp8HrUvB2869phZlcLp5\/view?usp=drive_link\" target=\"_blank\" rel=\"noreferrer noopener\"><strong>Enlace de la resoluci\u00f3n<\/strong><\/a><\/p>\n","protected":false},"excerpt":{"rendered":"<p>El r\u00e9gimen de correlatividades vigente establece los requisitos para cursar&nbsp;una determinada unidad curricular Segundo a\u00f1o Para cursar&#8230; Se debe tener aprobada la cursada de&#8230; Se debe tener acreditada la unidad curricular de&#8230; Ense\u00f1ar con tecnolog\u00edas Pedagog\u00eda + Did\u00e1ctica general &#8212; &#8212; &#8212; Persepectiva acerca de los sujetos de la Educaci\u00f3n &#8212; &#8212; &#8212; &#8212; &#8212; &#8230; <a title=\"R\u00e9gimen de correlatividades (hasta 2025)\" class=\"read-more\" href=\"https:\/\/isfd140-bue.infd.edu.ar\/sitio\/regimen-de-correlatividades\/\" aria-label=\"More on R\u00e9gimen de correlatividades (hasta 2025)\">[+]<\/a><\/p>\n","protected":false},"author":2215,"featured_media":0,"parent":0,"menu_order":0,"comment_status":"closed","ping_status":"closed","template":"","meta":[],"acf":[],"_links":{"self":[{"href":"https:\/\/isfd140-bue.infd.edu.ar\/sitio\/wp-json\/wp\/v2\/pages\/2618"}],"collection":[{"href":"https:\/\/isfd140-bue.infd.edu.ar\/sitio\/wp-json\/wp\/v2\/pages"}],"about":[{"href":"https:\/\/isfd140-bue.infd.edu.ar\/sitio\/wp-json\/wp\/v2\/types\/page"}],"author":[{"embeddable":true,"href":"https:\/\/isfd140-bue.infd.edu.ar\/sitio\/wp-json\/wp\/v2\/users\/2215"}],"replies":[{"embeddable":true,"href":"https:\/\/isfd140-bue.infd.edu.ar\/sitio\/wp-json\/wp\/v2\/comments?post=2618"}],"version-history":[{"count":6,"href":"https:\/\/isfd140-bue.infd.edu.ar\/sitio\/wp-json\/wp\/v2\/pages\/2618\/revisions"}],"predecessor-version":[{"id":3019,"href":"https:\/\/isfd140-bue.infd.edu.ar\/sitio\/wp-json\/wp\/v2\/pages\/2618\/revisions\/3019"}],"wp:attachment":[{"href":"https:\/\/isfd140-bue.infd.edu.ar\/sitio\/wp-json\/wp\/v2\/media?parent=2618"}],"curies":[{"name":"wp","href":"https:\/\/api.w.org\/{rel}","templated":true}]}}