{"id":2483,"date":"2024-01-15T12:17:37","date_gmt":"2024-01-15T15:17:37","guid":{"rendered":"https:\/\/isfd140-bue.infd.edu.ar\/sitio\/?page_id=2483"},"modified":"2025-02-18T11:29:42","modified_gmt":"2025-02-18T14:29:42","slug":"solicitud-de-vacante","status":"publish","type":"page","link":"https:\/\/isfd140-bue.infd.edu.ar\/sitio\/solicitud-de-vacante\/","title":{"rendered":"Solicitud de vacante"},"content":{"rendered":"\n<h5 class=\"wp-block-heading has-text-align-center\">Los estudiantes de otros institutos superiores que deseen ingresar a alguna carrera del ISFD Y T N\u00b0140 deber\u00e1n escribir un correo a <a href=\"mailto:secretariaisfdyt140@gmail.com\">secretariaisfdyt140@gmail.com<\/a> dirigido a la secretaria Sandra Saint Paul, quien los asesorar\u00e1 con el tr\u00e1mite.<\/h5>\n","protected":false},"excerpt":{"rendered":"<p>Los estudiantes de otros institutos superiores que deseen ingresar a alguna carrera del ISFD Y T N\u00b0140 deber\u00e1n escribir un correo a secretariaisfdyt140@gmail.com dirigido a la secretaria Sandra Saint Paul, quien los asesorar\u00e1 con el tr\u00e1mite.<\/p>\n","protected":false},"author":771,"featured_media":0,"parent":0,"menu_order":0,"comment_status":"closed","ping_status":"closed","template":"","meta":[],"acf":[],"_links":{"self":[{"href":"https:\/\/isfd140-bue.infd.edu.ar\/sitio\/wp-json\/wp\/v2\/pages\/2483"}],"collection":[{"href":"https:\/\/isfd140-bue.infd.edu.ar\/sitio\/wp-json\/wp\/v2\/pages"}],"about":[{"href":"https:\/\/isfd140-bue.infd.edu.ar\/sitio\/wp-json\/wp\/v2\/types\/page"}],"author":[{"embeddable":true,"href":"https:\/\/isfd140-bue.infd.edu.ar\/sitio\/wp-json\/wp\/v2\/users\/771"}],"replies":[{"embeddable":true,"href":"https:\/\/isfd140-bue.infd.edu.ar\/sitio\/wp-json\/wp\/v2\/comments?post=2483"}],"version-history":[{"count":2,"href":"https:\/\/isfd140-bue.infd.edu.ar\/sitio\/wp-json\/wp\/v2\/pages\/2483\/revisions"}],"predecessor-version":[{"id":2717,"href":"https:\/\/isfd140-bue.infd.edu.ar\/sitio\/wp-json\/wp\/v2\/pages\/2483\/revisions\/2717"}],"wp:attachment":[{"href":"https:\/\/isfd140-bue.infd.edu.ar\/sitio\/wp-json\/wp\/v2\/media?parent=2483"}],"curies":[{"name":"wp","href":"https:\/\/api.w.org\/{rel}","templated":true}]}}