{"id":2461,"date":"2023-12-20T11:05:03","date_gmt":"2023-12-20T14:05:03","guid":{"rendered":"https:\/\/isfd140-bue.infd.edu.ar\/sitio\/?page_id=2461"},"modified":"2026-01-15T11:20:20","modified_gmt":"2026-01-15T14:20:20","slug":"materias-pedagogicas-de-la-tecnicatura-superior-en-bibliotecologia-de-instituciones-educativas-resol-5498-23-convenio-con-isft-n182-de-san-miguel","status":"publish","type":"page","link":"https:\/\/isfd140-bue.infd.edu.ar\/sitio\/materias-pedagogicas-de-la-tecnicatura-superior-en-bibliotecologia-de-instituciones-educativas-resol-5498-23-convenio-con-isft-n182-de-san-miguel\/","title":{"rendered":"Materias pedag\u00f3gicas de la Tecnicatura Superior en Bibliotecolog\u00eda de Instituciones Educativas (Resol. 5498\/23)- Convenio con ISFT N\u00b0182 de San Miguel"},"content":{"rendered":"\n<p class=\"has-text-align-center\">Aquellos estudiantes que cursen la carrera Tecnicatura Superior en Bibliotecolog\u00eda de Instituciones Educativas (Resoluci\u00f3n 5498\/23) en el ISFT N\u00b0182 de San Miguel <strong>y no cuenten con t\u00edtulo docente habilitante<\/strong>, podr\u00e1n cursar en nuestro instituto las materias pedag\u00f3gicas que se solicitan en ese plan de estudios.<\/p>\n\n\n\n<p>Podr\u00e1n cursar esas materias en<strong> ALGUNA<\/strong> de las carreras y turnos que figuran a continuaci\u00f3n:<\/p>\n\n\n\n<p><strong>En el Profesorado de Educaci\u00f3n Primaria (Resol. 4154\/07)- En turno tarde<\/strong><\/p>\n\n\n\n<ul>\n<li>Filosof\u00eda (1\u00b0 a\u00f1o)<\/li>\n\n\n\n<li>Did\u00e1ctica general (1\u00b0 a\u00f1o)<\/li>\n\n\n\n<li>Pedagog\u00eda (1\u00b0 a\u00f1o)<\/li>\n\n\n\n<li>Teor\u00edas sociopol\u00edticas y educaci\u00f3n (2\u00b0 a\u00f1o)<\/li>\n\n\n\n<li>Did\u00e1ctica y curr\u00edculum del nivel primario (2\u00b0 a\u00f1o)<\/li>\n<\/ul>\n\n\n\n<p><strong>En el Profesorado de Educaci\u00f3n Secundaria en F\u00edsica (Resol. 3607\/22)- 1\u00b0 a\u00f1o solo en turno tarde y 2\u00b0 a\u00f1o en turno noche o en el Profesorado de Educaci\u00f3n Secundaria en Biolog\u00eda (Resol. 3605\/22)- 1\u00b0 y 2\u00b0 a\u00f1o en turno noche.<\/strong><\/p>\n\n\n\n<ul>\n<li>Pedagog\u00eda (1\u00b0 a\u00f1o)<\/li>\n\n\n\n<li>Educaci\u00f3n y transformaciones sociales contempor\u00e1neas (1\u00b0 a\u00f1o)<\/li>\n\n\n\n<li>Educaci\u00f3n Sexual Integral (1\u00b0 a\u00f1o)<\/li>\n\n\n\n<li>Psicolog\u00eda del Aprendizaje (2\u00b0 a\u00f1o)<\/li>\n\n\n\n<li>An\u00e1lisis de las instituciones educativas (2\u00b0 a\u00f1o)<\/li>\n\n\n\n<li>Pensamiento pol\u00edtco pedag\u00f3gico latinoamericano (2\u00b0 a\u00f1o)<\/li>\n<\/ul>\n\n\n\n<p><\/p>\n","protected":false},"excerpt":{"rendered":"<p>Aquellos estudiantes que cursen la carrera Tecnicatura Superior en Bibliotecolog\u00eda de Instituciones Educativas (Resoluci\u00f3n 5498\/23) en el ISFT N\u00b0182 de San Miguel y no cuenten con t\u00edtulo docente habilitante, podr\u00e1n cursar en nuestro instituto las materias pedag\u00f3gicas que se solicitan en ese plan de estudios. Podr\u00e1n cursar esas materias en ALGUNA de las carreras y &#8230; <a title=\"Materias pedag\u00f3gicas de la Tecnicatura Superior en Bibliotecolog\u00eda de Instituciones Educativas (Resol. 5498\/23)- Convenio con ISFT N\u00b0182 de San Miguel\" class=\"read-more\" href=\"https:\/\/isfd140-bue.infd.edu.ar\/sitio\/materias-pedagogicas-de-la-tecnicatura-superior-en-bibliotecologia-de-instituciones-educativas-resol-5498-23-convenio-con-isft-n182-de-san-miguel\/\" aria-label=\"More on Materias pedag\u00f3gicas de la Tecnicatura Superior en Bibliotecolog\u00eda de Instituciones Educativas (Resol. 5498\/23)- Convenio con ISFT N\u00b0182 de San Miguel\">[+]<\/a><\/p>\n","protected":false},"author":771,"featured_media":0,"parent":0,"menu_order":0,"comment_status":"closed","ping_status":"closed","template":"","meta":[],"acf":[],"_links":{"self":[{"href":"https:\/\/isfd140-bue.infd.edu.ar\/sitio\/wp-json\/wp\/v2\/pages\/2461"}],"collection":[{"href":"https:\/\/isfd140-bue.infd.edu.ar\/sitio\/wp-json\/wp\/v2\/pages"}],"about":[{"href":"https:\/\/isfd140-bue.infd.edu.ar\/sitio\/wp-json\/wp\/v2\/types\/page"}],"author":[{"embeddable":true,"href":"https:\/\/isfd140-bue.infd.edu.ar\/sitio\/wp-json\/wp\/v2\/users\/771"}],"replies":[{"embeddable":true,"href":"https:\/\/isfd140-bue.infd.edu.ar\/sitio\/wp-json\/wp\/v2\/comments?post=2461"}],"version-history":[{"count":5,"href":"https:\/\/isfd140-bue.infd.edu.ar\/sitio\/wp-json\/wp\/v2\/pages\/2461\/revisions"}],"predecessor-version":[{"id":2991,"href":"https:\/\/isfd140-bue.infd.edu.ar\/sitio\/wp-json\/wp\/v2\/pages\/2461\/revisions\/2991"}],"wp:attachment":[{"href":"https:\/\/isfd140-bue.infd.edu.ar\/sitio\/wp-json\/wp\/v2\/media?parent=2461"}],"curies":[{"name":"wp","href":"https:\/\/api.w.org\/{rel}","templated":true}]}}