{"id":2249,"date":"2023-03-31T20:50:07","date_gmt":"2023-03-31T23:50:07","guid":{"rendered":"https:\/\/isfd140-bue.infd.edu.ar\/sitio\/?page_id=2249"},"modified":"2026-01-15T11:03:43","modified_gmt":"2026-01-15T14:03:43","slug":"materias-y-profesores","status":"publish","type":"page","link":"https:\/\/isfd140-bue.infd.edu.ar\/sitio\/materias-y-profesores\/","title":{"rendered":"Unidades curriculares y profesores"},"content":{"rendered":"\n<p class=\"has-text-align-center has-accent-color has-text-color\"><mark style=\"background-color:rgba(0, 0, 0, 0)\" class=\"has-inline-color has-accent-color\"><strong>1\u00b0 A\u00d1O<\/strong><\/mark><\/p>\n\n\n\n<figure class=\"wp-block-table\"><table><tbody><tr><td class=\"has-text-align-center\" data-align=\"center\"><strong>Unidad curricular<\/strong><\/td><td class=\"has-text-align-center\" data-align=\"center\"><strong>Docente<\/strong><\/td><td class=\"has-text-align-center\" data-align=\"center\"><strong>R\u00e9gimen de cursada<\/strong><\/td><td class=\"has-text-align-center\" data-align=\"center\"><strong>M\u00f3dulos semanales<\/strong><\/td><td class=\"has-text-align-center\" data-align=\"center\"><strong>Formato de cursada<\/strong><\/td><td class=\"has-text-align-center\" data-align=\"center\"><strong>Modalidad de acreditaci\u00f3n<\/strong><\/td><\/tr><tr><td class=\"has-text-align-center\" data-align=\"center\">Taller de lectura, escritura y oralidad<\/td><td class=\"has-text-align-center\" data-align=\"center\">Laura Gim\u00e9nez<\/td><td class=\"has-text-align-center\" data-align=\"center\">Anual<\/td><td class=\"has-text-align-center\" data-align=\"center\">2<\/td><td class=\"has-text-align-center\" data-align=\"center\">Taller<\/td><td class=\"has-text-align-center\" data-align=\"center\">Promoci\u00f3n directa<\/td><\/tr><tr><td class=\"has-text-align-center\" data-align=\"center\">Taller de pensamiento l\u00f3gico matem\u00e1tico<\/td><td class=\"has-text-align-center\" data-align=\"center\">Sof\u00eda Navarro<\/td><td class=\"has-text-align-center\" data-align=\"center\">Anual<\/td><td class=\"has-text-align-center\" data-align=\"center\">2<\/td><td class=\"has-text-align-center\" data-align=\"center\">Taller<\/td><td class=\"has-text-align-center\" data-align=\"center\">Promoci\u00f3n directa<\/td><\/tr><tr><td class=\"has-text-align-center\" data-align=\"center\">Taller de definici\u00f3n institucional<\/td><td class=\"has-text-align-center\" data-align=\"center\">Paula Akerfeld<\/td><td class=\"has-text-align-center\" data-align=\"center\">Anual<\/td><td class=\"has-text-align-center\" data-align=\"center\">2<\/td><td class=\"has-text-align-center\" data-align=\"center\">Taller<\/td><td class=\"has-text-align-center\" data-align=\"center\">Promoci\u00f3n directa<\/td><\/tr><tr><td class=\"has-text-align-center\" data-align=\"center\">Filosof\u00eda<\/td><td class=\"has-text-align-center\" data-align=\"center\">Mar\u00eda Laura G\u00f3mez<\/td><td class=\"has-text-align-center\" data-align=\"center\">Anual<\/td><td class=\"has-text-align-center\" data-align=\"center\">2<\/td><td class=\"has-text-align-center\" data-align=\"center\">Asignatura<\/td><td class=\"has-text-align-center\" data-align=\"center\">Con examen final<\/td><\/tr><tr><td class=\"has-text-align-center\" data-align=\"center\">Did\u00e1ctica general<\/td><td class=\"has-text-align-center\" data-align=\"center\">Pablo Lavia<\/td><td class=\"has-text-align-center\" data-align=\"center\">Anual<\/td><td class=\"has-text-align-center\" data-align=\"center\">2<\/td><td class=\"has-text-align-center\" data-align=\"center\">Asignatura<\/td><td class=\"has-text-align-center\" data-align=\"center\">Con examen final<\/td><\/tr><tr><td class=\"has-text-align-center\" data-align=\"center\">Pedagog\u00eda<\/td><td class=\"has-text-align-center\" data-align=\"center\">Paula Akerfeld<\/td><td class=\"has-text-align-center\" data-align=\"center\">Anual<\/td><td class=\"has-text-align-center\" data-align=\"center\">2<\/td><td class=\"has-text-align-center\" data-align=\"center\">Asignatura<\/td><td class=\"has-text-align-center\" data-align=\"center\">Con examen final<\/td><\/tr><tr><td class=\"has-text-align-center\" data-align=\"center\">An\u00e1lisis del mundo contempor\u00e1neo<\/td><td class=\"has-text-align-center\" data-align=\"center\">Mar\u00eda Fernanda V\u00e1zquez Chivicky<\/td><td class=\"has-text-align-center\" data-align=\"center\">Anual<\/td><td class=\"has-text-align-center\" data-align=\"center\">1<\/td><td class=\"has-text-align-center\" data-align=\"center\">Asignatura<\/td><td class=\"has-text-align-center\" data-align=\"center\">Promoci\u00f3n directa<\/td><\/tr><tr><td class=\"has-text-align-center\" data-align=\"center\">Psicolog\u00eda del desarrollo y del aprendizaje I<\/td><td class=\"has-text-align-center\" data-align=\"center\">M\u00f3nica Gim\u00e9nez<\/td><td class=\"has-text-align-center\" data-align=\"center\">Anual<\/td><td class=\"has-text-align-center\" data-align=\"center\">2<\/td><td class=\"has-text-align-center\" data-align=\"center\">Asignatura<\/td><td class=\"has-text-align-center\" data-align=\"center\">Promoci\u00f3n directa<\/td><\/tr><tr><td class=\"has-text-align-center\" data-align=\"center\">Corporeidad y motricidad<\/td><td class=\"has-text-align-center\" data-align=\"center\">Daniela Rodr\u00edguez<\/td><td class=\"has-text-align-center\" data-align=\"center\">Anual<\/td><td class=\"has-text-align-center\" data-align=\"center\">1<\/td><td class=\"has-text-align-center\" data-align=\"center\">Asignatura<\/td><td class=\"has-text-align-center\" data-align=\"center\">Promoci\u00f3n directa<\/td><\/tr><tr><td class=\"has-text-align-center\" data-align=\"center\">Arte y educaci\u00f3n<\/td><td class=\"has-text-align-center\" data-align=\"center\">Lorena Caceffo<\/td><td class=\"has-text-align-center\" data-align=\"center\">Anual<\/td><td class=\"has-text-align-center\" data-align=\"center\">2<\/td><td class=\"has-text-align-center\" data-align=\"center\">Asignatura<\/td><td class=\"has-text-align-center\" data-align=\"center\">Promoci\u00f3n directa<\/td><\/tr><tr><td class=\"has-text-align-center\" data-align=\"center\">Campo de la Pr\u00e1ctica Docente I<\/td><td class=\"has-text-align-center\" data-align=\"center\">Fabiana Maciel<\/td><td class=\"has-text-align-center\" data-align=\"center\">Anual<\/td><td class=\"has-text-align-center\" data-align=\"center\">2<\/td><td class=\"has-text-align-center\" data-align=\"center\">Taller\/ terreno<\/td><td class=\"has-text-align-center\" data-align=\"center\">Promoci\u00f3n directa<\/td><\/tr><\/tbody><\/table><\/figure>\n\n\n\n<p class=\"has-text-align-center\"><mark style=\"background-color:rgba(0, 0, 0, 0)\" class=\"has-inline-color has-accent-color\"><strong>2\u00b0 A\u00d1O<\/strong><\/mark><\/p>\n\n\n\n<figure class=\"wp-block-table\"><table><tbody><tr><td class=\"has-text-align-center\" data-align=\"center\"><strong>Unidad curricular<\/strong><\/td><td class=\"has-text-align-center\" data-align=\"center\"><strong>Docente<\/strong><\/td><td class=\"has-text-align-center\" data-align=\"center\"><strong>R\u00e9gimen de cursada<\/strong><\/td><td class=\"has-text-align-center\" data-align=\"center\"><strong>M\u00f3dulos semanales<\/strong><\/td><td class=\"has-text-align-center\" data-align=\"center\"><strong>Formato<\/strong><\/td><td class=\"has-text-align-center\" data-align=\"center\"><strong>Modalidad de acreditaci\u00f3n<\/strong><\/td><\/tr><tr><td class=\"has-text-align-center\" data-align=\"center\">Teor\u00edas sociopol\u00edticas y educaci\u00f3n<\/td><td class=\"has-text-align-center\" data-align=\"center\">Laura G\u00f3mez<\/td><td class=\"has-text-align-center\" data-align=\"center\">Anual<\/td><td class=\"has-text-align-center\" data-align=\"center\">2<\/td><td class=\"has-text-align-center\" data-align=\"center\">Asignatura<\/td><td class=\"has-text-align-center\" data-align=\"center\">Con examen final<\/td><\/tr><tr><td class=\"has-text-align-center\" data-align=\"center\">Did\u00e1ctica y curr\u00edculum de nivel Primario<\/td><td class=\"has-text-align-center\" data-align=\"center\">Marcela Acosta<\/td><td class=\"has-text-align-center\" data-align=\"center\">Anual<\/td><td class=\"has-text-align-center\" data-align=\"center\">2<\/td><td class=\"has-text-align-center\" data-align=\"center\">Asignatura<\/td><td class=\"has-text-align-center\" data-align=\"center\">Con examen final<\/td><\/tr><tr><td class=\"has-text-align-center\" data-align=\"center\">Psicolog\u00eda del desarrollo y del aprendizaje II<\/td><td class=\"has-text-align-center\" data-align=\"center\">M\u00f3nica Gim\u00e9nez<\/td><td class=\"has-text-align-center\" data-align=\"center\">Anual<\/td><td class=\"has-text-align-center\" data-align=\"center\">2<\/td><td class=\"has-text-align-center\" data-align=\"center\">Asignatura<\/td><td class=\"has-text-align-center\" data-align=\"center\">Admite promoci\u00f3n<\/td><\/tr><tr><td class=\"has-text-align-center\" data-align=\"center\">Psicolog\u00eda social e institucional<\/td><td class=\"has-text-align-center\" data-align=\"center\">Lautaro \u00c1lvarez<\/td><td class=\"has-text-align-center\" data-align=\"center\">Anual<\/td><td class=\"has-text-align-center\" data-align=\"center\">1<\/td><td class=\"has-text-align-center\" data-align=\"center\">Asignatura<\/td><td class=\"has-text-align-center\" data-align=\"center\">Admite promoci\u00f3n<\/td><\/tr><tr><td class=\"has-text-align-center\" data-align=\"center\">Cultura, comunicaci\u00f3n y educaci\u00f3n<\/td><td class=\"has-text-align-center\" data-align=\"center\">Emiliano Grosso<\/td><td class=\"has-text-align-center\" data-align=\"center\">Anual<\/td><td class=\"has-text-align-center\" data-align=\"center\">1<\/td><td class=\"has-text-align-center\" data-align=\"center\">Asignatura<\/td><td class=\"has-text-align-center\" data-align=\"center\">Admite promoci\u00f3n<\/td><\/tr><tr><td class=\"has-text-align-center\" data-align=\"center\">Educaci\u00f3n art\u00edstica<\/td><td class=\"has-text-align-center\" data-align=\"center\">Gabriela Pirolo<\/td><td class=\"has-text-align-center\" data-align=\"center\">Anual<\/td><td class=\"has-text-align-center\" data-align=\"center\">2<\/td><td class=\"has-text-align-center\" data-align=\"center\">Asignatura<\/td><td class=\"has-text-align-center\" data-align=\"center\">Admite promoci\u00f3n<\/td><\/tr><tr><td class=\"has-text-align-center\" data-align=\"center\">Taller de definici\u00f3n institucional<\/td><td class=\"has-text-align-center\" data-align=\"center\">Federico Cano<\/td><td class=\"has-text-align-center\" data-align=\"center\">Anual<\/td><td class=\"has-text-align-center\" data-align=\"center\">1<\/td><td class=\"has-text-align-center\" data-align=\"center\">Taller<\/td><td class=\"has-text-align-center\" data-align=\"center\">Promoci\u00f3n directa<\/td><\/tr><tr><td class=\"has-text-align-center\" data-align=\"center\">Did\u00e1ctica de las Pr\u00e1cticas del Lenguaje y la Literatura I<\/td><td class=\"has-text-align-center\" data-align=\"center\">Mariana Rodr\u00edguez<\/td><td class=\"has-text-align-center\" data-align=\"center\">Anual<\/td><td class=\"has-text-align-center\" data-align=\"center\">2<\/td><td class=\"has-text-align-center\" data-align=\"center\">Asignatura<\/td><td class=\"has-text-align-center\" data-align=\"center\">Admite promoci\u00f3n<\/td><\/tr><tr><td class=\"has-text-align-center\" data-align=\"center\">Did\u00e1ctica de las Ciencias Sociales I<\/td><td class=\"has-text-align-center\" data-align=\"center\">Alexia Sambucetti (Lic.)<br>Mar\u00eda In\u00e9s Trobo (Sup.)<\/td><td class=\"has-text-align-center\" data-align=\"center\">Anual<\/td><td class=\"has-text-align-center\" data-align=\"center\">2<\/td><td class=\"has-text-align-center\" data-align=\"center\">Asignatura<\/td><td class=\"has-text-align-center\" data-align=\"center\">Admite promoci\u00f3n<\/td><\/tr><tr><td class=\"has-text-align-center\" data-align=\"center\">Did\u00e1ctica de las Ciencias Naturales I<\/td><td class=\"has-text-align-center\" data-align=\"center\">Lucas Gauna<\/td><td class=\"has-text-align-center\" data-align=\"center\">Anual<\/td><td class=\"has-text-align-center\" data-align=\"center\">2<\/td><td class=\"has-text-align-center\" data-align=\"center\">Asignatura<\/td><td class=\"has-text-align-center\" data-align=\"center\">Admite promoci\u00f3n<\/td><\/tr><tr><td class=\"has-text-align-center\" data-align=\"center\">Did\u00e1ctica de la Matem\u00e1tica I<\/td><td class=\"has-text-align-center\" data-align=\"center\">B\u00e1rbara Liva<\/td><td class=\"has-text-align-center\" data-align=\"center\">Anual<\/td><td class=\"has-text-align-center\" data-align=\"center\">2<\/td><td class=\"has-text-align-center\" data-align=\"center\">Asignatura<\/td><td class=\"has-text-align-center\" data-align=\"center\">Admite promoci\u00f3n<\/td><\/tr><tr><td class=\"has-text-align-center\" data-align=\"center\">Campo de la Pr\u00e1ctica Docente II<\/td><td class=\"has-text-align-center\" data-align=\"center\">Silvia Far\u00edas<\/td><td class=\"has-text-align-center\" data-align=\"center\">Anual<\/td><td class=\"has-text-align-center\" data-align=\"center\">3<\/td><td class=\"has-text-align-center\" data-align=\"center\">Taller\/ terreno<\/td><td class=\"has-text-align-center\" data-align=\"center\">Promoci\u00f3n directa<\/td><\/tr><\/tbody><\/table><\/figure>\n\n\n\n<p class=\"has-text-align-center\"><mark style=\"background-color:rgba(0, 0, 0, 0)\" class=\"has-inline-color has-accent-color\"><strong>3\u00b0 A\u00d1O<\/strong><\/mark><\/p>\n\n\n\n<figure class=\"wp-block-table\"><table><tbody><tr><td class=\"has-text-align-center\" data-align=\"center\"><strong>Unidad curricular<\/strong><\/td><td class=\"has-text-align-center\" data-align=\"center\"><strong>Docente<\/strong><\/td><td class=\"has-text-align-center\" data-align=\"center\"><strong>R\u00e9gimen de cursada<\/strong><\/td><td class=\"has-text-align-center\" data-align=\"center\"><strong>M\u00f3dulos semanales<\/strong><\/td><td class=\"has-text-align-center\" data-align=\"center\"><strong>Formato<\/strong><\/td><td class=\"has-text-align-center\" data-align=\"center\"><strong>Modalidad de acreditaci\u00f3n<\/strong><\/td><\/tr><tr><td class=\"has-text-align-center\" data-align=\"center\">Historia y prospectiva de la educaci\u00f3n<\/td><td class=\"has-text-align-center\" data-align=\"center\">Pablo Lavia<\/td><td class=\"has-text-align-center\" data-align=\"center\">Anual<\/td><td class=\"has-text-align-center\" data-align=\"center\">2<\/td><td class=\"has-text-align-center\" data-align=\"center\">Asignatura<\/td><td class=\"has-text-align-center\" data-align=\"center\">Con examen final<\/td><\/tr><tr><td class=\"has-text-align-center\" data-align=\"center\">Pol\u00edtica, legislaci\u00f3n y administraci\u00f3n del trabajo escolar<\/td><td class=\"has-text-align-center\" data-align=\"center\">Mar\u00eda Fernanda Molina<\/td><td class=\"has-text-align-center\" data-align=\"center\">Anual<\/td><td class=\"has-text-align-center\" data-align=\"center\">2<\/td><td class=\"has-text-align-center\" data-align=\"center\">Asignatura<\/td><td class=\"has-text-align-center\" data-align=\"center\">Con examen final<\/td><\/tr><tr><td class=\"has-text-align-center\" data-align=\"center\">Configuraciones culturales del sujeto educativo de Primaria<\/td><td class=\"has-text-align-center\" data-align=\"center\">Lautaro \u00c1lvarez<\/td><td class=\"has-text-align-center\" data-align=\"center\">Anual<\/td><td class=\"has-text-align-center\" data-align=\"center\">1<\/td><td class=\"has-text-align-center\" data-align=\"center\">Asignatura<\/td><td class=\"has-text-align-center\" data-align=\"center\">Admite promoci\u00f3n<\/td><\/tr><tr><td class=\"has-text-align-center\" data-align=\"center\">Medios audiovisuales, TIC\u00b4s y educaci\u00f3n<\/td><td class=\"has-text-align-center\" data-align=\"center\">Gabriela Pirolo<\/td><td class=\"has-text-align-center\" data-align=\"center\">Anual<\/td><td class=\"has-text-align-center\" data-align=\"center\">1<\/td><td class=\"has-text-align-center\" data-align=\"center\">Asignatura<\/td><td class=\"has-text-align-center\" data-align=\"center\">Admite promoci\u00f3n<\/td><\/tr><tr><td class=\"has-text-align-center\" data-align=\"center\">Educaci\u00f3n F\u00edsica Escolar<\/td><td class=\"has-text-align-center\" data-align=\"center\">Margarita Dal Molin<\/td><td class=\"has-text-align-center\" data-align=\"center\">Anual<\/td><td class=\"has-text-align-center\" data-align=\"center\">2<\/td><td class=\"has-text-align-center\" data-align=\"center\">Asignatura<\/td><td class=\"has-text-align-center\" data-align=\"center\">Admite promoci\u00f3n<\/td><\/tr><tr><td class=\"has-text-align-center\" data-align=\"center\">Taller de definici\u00f3n institucional<\/td><td class=\"has-text-align-center\" data-align=\"center\">Sabrina Impr\u00f3vola<\/td><td class=\"has-text-align-center\" data-align=\"center\">Anual<\/td><td class=\"has-text-align-center\" data-align=\"center\">2<\/td><td class=\"has-text-align-center\" data-align=\"center\">Taller<\/td><td class=\"has-text-align-center\" data-align=\"center\">Promoci\u00f3n directa<\/td><\/tr><tr><td class=\"has-text-align-center\" data-align=\"center\">Did\u00e1ctica de las Pr\u00e1cticas del Lenguaje y la Literatura II<\/td><td class=\"has-text-align-center\" data-align=\"center\">Ricardo Soutullo<\/td><td class=\"has-text-align-center\" data-align=\"center\">Anual<\/td><td class=\"has-text-align-center\" data-align=\"center\">2<\/td><td class=\"has-text-align-center\" data-align=\"center\">Asignatura<\/td><td class=\"has-text-align-center\" data-align=\"center\">Admite promoci\u00f3n<\/td><\/tr><tr><td class=\"has-text-align-center\" data-align=\"center\">Did\u00e1ctica de las Ciencias Sociales II<\/td><td class=\"has-text-align-center\" data-align=\"center\">Mar\u00eda In\u00e9s Trobo<\/td><td class=\"has-text-align-center\" data-align=\"center\">Anual<\/td><td class=\"has-text-align-center\" data-align=\"center\">2<\/td><td class=\"has-text-align-center\" data-align=\"center\">Asignatura<\/td><td class=\"has-text-align-center\" data-align=\"center\">Admite promoci\u00f3n<\/td><\/tr><tr><td class=\"has-text-align-center\" data-align=\"center\">Did\u00e1ctica de las Ciencias Naturales II<\/td><td class=\"has-text-align-center\" data-align=\"center\">Lucas Gauna<\/td><td class=\"has-text-align-center\" data-align=\"center\">Anual<\/td><td class=\"has-text-align-center\" data-align=\"center\">2<\/td><td class=\"has-text-align-center\" data-align=\"center\">Asignatura<\/td><td class=\"has-text-align-center\" data-align=\"center\">Admite promoci\u00f3n<\/td><\/tr><tr><td class=\"has-text-align-center\" data-align=\"center\">Did\u00e1ctica de la Matem\u00e1tica II<\/td><td class=\"has-text-align-center\" data-align=\"center\">Sof\u00eda Navarro<\/td><td class=\"has-text-align-center\" data-align=\"center\">Anual<\/td><td class=\"has-text-align-center\" data-align=\"center\">2<\/td><td class=\"has-text-align-center\" data-align=\"center\">Asignatura<\/td><td class=\"has-text-align-center\" data-align=\"center\">Admite promoci\u00f3n<\/td><\/tr><tr><td class=\"has-text-align-center\" data-align=\"center\">Campo de la Pr\u00e1ctica Docente III<\/td><td class=\"has-text-align-center\" data-align=\"center\">Marcela Acosta\/ Carla Meyer<\/td><td class=\"has-text-align-center\" data-align=\"center\">Anual<\/td><td class=\"has-text-align-center\" data-align=\"center\">5<\/td><td class=\"has-text-align-center\" data-align=\"center\">Taller\/ terreno<\/td><td class=\"has-text-align-center\" data-align=\"center\">Promoci\u00f3n directa<\/td><\/tr><\/tbody><\/table><\/figure>\n\n\n\n<p class=\"has-text-align-center\"><strong><mark style=\"background-color:rgba(0, 0, 0, 0)\" class=\"has-inline-color has-accent-color\">4\u00b0 A\u00d1O<\/mark><\/strong><\/p>\n\n\n\n<figure class=\"wp-block-table\"><table><tbody><tr><td class=\"has-text-align-center\" data-align=\"center\"><strong>Unidad curricular<\/strong><\/td><td class=\"has-text-align-center\" data-align=\"center\"><strong>Docente<\/strong><\/td><td class=\"has-text-align-center\" data-align=\"center\"><strong>R\u00e9gimen de cursada<\/strong><\/td><td class=\"has-text-align-center\" data-align=\"center\"><strong>M\u00f3dulos semanales<\/strong><\/td><td class=\"has-text-align-center\" data-align=\"center\"><strong>Formato<\/strong><\/td><td class=\"has-text-align-center\" data-align=\"center\"><strong>Modalidad de acreditaci\u00f3n<\/strong><\/td><\/tr><tr><td class=\"has-text-align-center\" data-align=\"center\">Reflexi\u00f3n filos\u00f3fica de la educaci\u00f3n<\/td><td class=\"has-text-align-center\" data-align=\"center\">VACANTE<\/td><td class=\"has-text-align-center\" data-align=\"center\">Anual<\/td><td class=\"has-text-align-center\" data-align=\"center\">1<\/td><td class=\"has-text-align-center\" data-align=\"center\">Asignatura<\/td><td class=\"has-text-align-center\" data-align=\"center\">Con examen final<\/td><\/tr><tr><td class=\"has-text-align-center\" data-align=\"center\">Dimensi\u00f3n \u00e9tico-pol\u00edtica de la praxis docente<\/td><td class=\"has-text-align-center\" data-align=\"center\">VACANTE<\/td><td class=\"has-text-align-center\" data-align=\"center\">Anual<\/td><td class=\"has-text-align-center\" data-align=\"center\">1<\/td><td class=\"has-text-align-center\" data-align=\"center\">Asignatura<\/td><td class=\"has-text-align-center\" data-align=\"center\">Con examen final<\/td><\/tr><tr><td class=\"has-text-align-center\" data-align=\"center\">Pedagog\u00eda cr\u00edtica de las diferencias<\/td><td class=\"has-text-align-center\" data-align=\"center\">VACANTE<\/td><td class=\"has-text-align-center\" data-align=\"center\">Anual<\/td><td class=\"has-text-align-center\" data-align=\"center\">1<\/td><td class=\"has-text-align-center\" data-align=\"center\">Asignatura<\/td><td class=\"has-text-align-center\" data-align=\"center\">Admite promocionalidad<\/td><\/tr><tr><td class=\"has-text-align-center\" data-align=\"center\">Ateneo de Pr\u00e1cticas del Lenguaje y la Literatura<\/td><td class=\"has-text-align-center\" data-align=\"center\">VACANTE<\/td><td class=\"has-text-align-center\" data-align=\"center\">Anual<\/td><td class=\"has-text-align-center\" data-align=\"center\">2<\/td><td class=\"has-text-align-center\" data-align=\"center\">Ateneo<\/td><td class=\"has-text-align-center\" data-align=\"center\">Promoci\u00f3n directa<\/td><\/tr><tr><td class=\"has-text-align-center\" data-align=\"center\">Ateneo de Ciencias Sociales<\/td><td class=\"has-text-align-center\" data-align=\"center\">VACANTE<\/td><td class=\"has-text-align-center\" data-align=\"center\">Anual<\/td><td class=\"has-text-align-center\" data-align=\"center\">2<\/td><td class=\"has-text-align-center\" data-align=\"center\">Ateneo<\/td><td class=\"has-text-align-center\" data-align=\"center\">Promoci\u00f3n directa<\/td><\/tr><tr><td class=\"has-text-align-center\" data-align=\"center\">Ateneo de Ciencias Naturales<\/td><td class=\"has-text-align-center\" data-align=\"center\">VACANTE<\/td><td class=\"has-text-align-center\" data-align=\"center\">Anual<\/td><td class=\"has-text-align-center\" data-align=\"center\">2<\/td><td class=\"has-text-align-center\" data-align=\"center\">Ateneo<\/td><td class=\"has-text-align-center\" data-align=\"center\">Promoci\u00f3n directa<\/td><\/tr><tr><td class=\"has-text-align-center\" data-align=\"center\">Ateneo de Matem\u00e1tica<\/td><td class=\"has-text-align-center\" data-align=\"center\">VACANTE<\/td><td class=\"has-text-align-center\" data-align=\"center\">Anual<\/td><td class=\"has-text-align-center\" data-align=\"center\">2<\/td><td class=\"has-text-align-center\" data-align=\"center\">Ateneo<\/td><td class=\"has-text-align-center\" data-align=\"center\">Promoci\u00f3n directa<\/td><\/tr><tr><td class=\"has-text-align-center\" data-align=\"center\">Campo de la Pr\u00e1ctica Docente IV<\/td><td class=\"has-text-align-center\" data-align=\"center\">VACANTE<\/td><td class=\"has-text-align-center\" data-align=\"center\">Anual<\/td><td class=\"has-text-align-center\" data-align=\"center\">9<\/td><td class=\"has-text-align-center\" data-align=\"center\">Terreno<\/td><td class=\"has-text-align-center\" data-align=\"center\">Promoci\u00f3n directa<\/td><\/tr><\/tbody><\/table><\/figure>\n","protected":false},"excerpt":{"rendered":"<p>1\u00b0 A\u00d1O Unidad curricular Docente R\u00e9gimen de cursada M\u00f3dulos semanales Formato de cursada Modalidad de acreditaci\u00f3n Taller de lectura, escritura y oralidad Laura Gim\u00e9nez Anual 2 Taller Promoci\u00f3n directa Taller de pensamiento l\u00f3gico matem\u00e1tico Sof\u00eda Navarro Anual 2 Taller Promoci\u00f3n directa Taller de definici\u00f3n institucional Paula Akerfeld Anual 2 Taller Promoci\u00f3n directa Filosof\u00eda Mar\u00eda Laura &#8230; <a title=\"Unidades curriculares y profesores\" class=\"read-more\" href=\"https:\/\/isfd140-bue.infd.edu.ar\/sitio\/materias-y-profesores\/\" aria-label=\"More on Unidades curriculares y profesores\">[+]<\/a><\/p>\n","protected":false},"author":771,"featured_media":0,"parent":0,"menu_order":0,"comment_status":"closed","ping_status":"closed","template":"","meta":[],"acf":[],"_links":{"self":[{"href":"https:\/\/isfd140-bue.infd.edu.ar\/sitio\/wp-json\/wp\/v2\/pages\/2249"}],"collection":[{"href":"https:\/\/isfd140-bue.infd.edu.ar\/sitio\/wp-json\/wp\/v2\/pages"}],"about":[{"href":"https:\/\/isfd140-bue.infd.edu.ar\/sitio\/wp-json\/wp\/v2\/types\/page"}],"author":[{"embeddable":true,"href":"https:\/\/isfd140-bue.infd.edu.ar\/sitio\/wp-json\/wp\/v2\/users\/771"}],"replies":[{"embeddable":true,"href":"https:\/\/isfd140-bue.infd.edu.ar\/sitio\/wp-json\/wp\/v2\/comments?post=2249"}],"version-history":[{"count":21,"href":"https:\/\/isfd140-bue.infd.edu.ar\/sitio\/wp-json\/wp\/v2\/pages\/2249\/revisions"}],"predecessor-version":[{"id":2980,"href":"https:\/\/isfd140-bue.infd.edu.ar\/sitio\/wp-json\/wp\/v2\/pages\/2249\/revisions\/2980"}],"wp:attachment":[{"href":"https:\/\/isfd140-bue.infd.edu.ar\/sitio\/wp-json\/wp\/v2\/media?parent=2249"}],"curies":[{"name":"wp","href":"https:\/\/api.w.org\/{rel}","templated":true}]}}