{"id":2243,"date":"2023-03-31T15:26:31","date_gmt":"2023-03-31T18:26:31","guid":{"rendered":"https:\/\/isfd140-bue.infd.edu.ar\/sitio\/?page_id=2243"},"modified":"2023-05-28T17:42:27","modified_gmt":"2023-05-28T20:42:27","slug":"informacion-sobre-la-carrera-5","status":"publish","type":"page","link":"https:\/\/isfd140-bue.infd.edu.ar\/sitio\/informacion-sobre-la-carrera-5\/","title":{"rendered":"Informaci\u00f3n sobre la carrera"},"content":{"rendered":"\n<p><em><strong>Coordinadora<\/strong><\/em>: Prof. Marina G\u00f3mez R\u00edos<\/p>\n\n\n\n<p><strong>Denominaci\u00f3n de la carrera:<\/strong>&nbsp;Profesorado de Educaci\u00f3n Primaria<\/p>\n\n\n\n<p><strong>T\u00edtulo a otorgar:&nbsp;<\/strong>Profesor\/a de Educaci\u00f3n Primaria<\/p>\n\n\n\n<p><strong>Duraci\u00f3n de la carrera:<\/strong>&nbsp;4 a\u00f1os acad\u00e9micos<\/p>\n\n\n\n<p><strong>Carga horaria total:<\/strong>&nbsp;2816 hs. reloj<\/p>\n\n\n\n<p><strong>Resoluci\u00f3n:<\/strong>&nbsp;4154\/07<\/p>\n\n\n\n<p><strong>Horario de Cursada:<\/strong>&nbsp;Turno tarde- 13:30 a 17:40 Hs. &#8211; Sede Centro Universitario Tigre (CUT).<\/p>\n\n\n\n<p><strong>Condiciones de ingreso:<\/strong><\/p>\n\n\n\n<p>Tal como se establece en la Resoluci\u00f3n 4043\/09 \u201cR\u00e9gimen Acad\u00e9mico\u201d de la Educaci\u00f3n Superior de la provincia de Buenos Aires, el ingreso es directo con titulaci\u00f3n del nivel secundario acreditado, atendiendo adem\u00e1s al art\u00edculo 7 de la Ley de Educaci\u00f3n Superior N\u00b0 24.521.<\/p>\n\n\n\n<p><\/p>\n","protected":false},"excerpt":{"rendered":"<p>Coordinadora: Prof. Marina G\u00f3mez R\u00edos Denominaci\u00f3n de la carrera:&nbsp;Profesorado de Educaci\u00f3n Primaria T\u00edtulo a otorgar:&nbsp;Profesor\/a de Educaci\u00f3n Primaria Duraci\u00f3n de la carrera:&nbsp;4 a\u00f1os acad\u00e9micos Carga horaria total:&nbsp;2816 hs. reloj Resoluci\u00f3n:&nbsp;4154\/07 Horario de Cursada:&nbsp;Turno tarde- 13:30 a 17:40 Hs. &#8211; Sede Centro Universitario Tigre (CUT). Condiciones de ingreso: Tal como se establece en la Resoluci\u00f3n 4043\/09 &#8230; <a title=\"Informaci\u00f3n sobre la carrera\" class=\"read-more\" href=\"https:\/\/isfd140-bue.infd.edu.ar\/sitio\/informacion-sobre-la-carrera-5\/\" aria-label=\"More on Informaci\u00f3n sobre la carrera\">[+]<\/a><\/p>\n","protected":false},"author":771,"featured_media":0,"parent":0,"menu_order":0,"comment_status":"closed","ping_status":"closed","template":"","meta":[],"acf":[],"_links":{"self":[{"href":"https:\/\/isfd140-bue.infd.edu.ar\/sitio\/wp-json\/wp\/v2\/pages\/2243"}],"collection":[{"href":"https:\/\/isfd140-bue.infd.edu.ar\/sitio\/wp-json\/wp\/v2\/pages"}],"about":[{"href":"https:\/\/isfd140-bue.infd.edu.ar\/sitio\/wp-json\/wp\/v2\/types\/page"}],"author":[{"embeddable":true,"href":"https:\/\/isfd140-bue.infd.edu.ar\/sitio\/wp-json\/wp\/v2\/users\/771"}],"replies":[{"embeddable":true,"href":"https:\/\/isfd140-bue.infd.edu.ar\/sitio\/wp-json\/wp\/v2\/comments?post=2243"}],"version-history":[{"count":4,"href":"https:\/\/isfd140-bue.infd.edu.ar\/sitio\/wp-json\/wp\/v2\/pages\/2243\/revisions"}],"predecessor-version":[{"id":2318,"href":"https:\/\/isfd140-bue.infd.edu.ar\/sitio\/wp-json\/wp\/v2\/pages\/2243\/revisions\/2318"}],"wp:attachment":[{"href":"https:\/\/isfd140-bue.infd.edu.ar\/sitio\/wp-json\/wp\/v2\/media?parent=2243"}],"curies":[{"name":"wp","href":"https:\/\/api.w.org\/{rel}","templated":true}]}}