{"id":1736,"date":"2021-08-19T19:10:52","date_gmt":"2021-08-19T22:10:52","guid":{"rendered":"https:\/\/isfd140-bue.infd.edu.ar\/sitio\/?page_id=1736"},"modified":"2025-02-18T11:30:42","modified_gmt":"2025-02-18T14:30:42","slug":"solicitud-de-titulo","status":"publish","type":"page","link":"https:\/\/isfd140-bue.infd.edu.ar\/sitio\/solicitud-de-titulo\/","title":{"rendered":"Solicitud de t\u00edtulo"},"content":{"rendered":"\n<p style=\"font-size:22px\">Para iniciar el tr\u00e1mite de solicitud de t\u00edtulo despu\u00e9s de haber acreditado la \u00faltima materia de la carrera se deben completar los siguientes formularios (<strong>descargarlos desde la opci\u00f3n ARCHIVOS, de word, completarlos y enviarlos por correo)<\/strong>:<\/p>\n\n\n\n<p class=\"has-medium-font-size\"><a href=\"https:\/\/drive.google.com\/file\/d\/1g8aXJgBaFIux_ciOK5F7C8EkP8mpu69g\/view?usp=sharing\">Nota de solicitud de inicio de tr\u00e1mite al Director<\/a><\/p>\n\n\n\n<p class=\"has-medium-font-size\"><a href=\"https:\/\/drive.google.com\/drive\/folders\/1wvAIpXkkj_o3BWmUnAOHFaYzsTD8H1sl?usp=sharing\">Anal\u00edtico completo de la carrera con todos los campos completos<\/a> (si es anterior al 2019)<\/p>\n\n\n\n<p class=\"has-medium-font-size\">Adem\u00e1s, deber\u00e1 adjuntar foto de DNI.<\/p>\n\n\n\n<p class=\"has-medium-font-size\">Todo debe ser enviado al correo <a href=\"mailto:secretariaisfdyt140@gmail.com\">secretariaisfdyt140@gmail.com<\/a> . En el asunto del correo colocar SOLICITUD DE T\u00cdTULO + APELLIDO DEL SOLICITANTE. Todos los archivos deben estar nombrados con el apellido del solicitante.<\/p>\n\n\n\n<p><\/p>\n","protected":false},"excerpt":{"rendered":"<p>Para iniciar el tr\u00e1mite de solicitud de t\u00edtulo despu\u00e9s de haber acreditado la \u00faltima materia de la carrera se deben completar los siguientes formularios (descargarlos desde la opci\u00f3n ARCHIVOS, de word, completarlos y enviarlos por correo): Nota de solicitud de inicio de tr\u00e1mite al Director Anal\u00edtico completo de la carrera con todos los campos completos &#8230; <a title=\"Solicitud de t\u00edtulo\" class=\"read-more\" href=\"https:\/\/isfd140-bue.infd.edu.ar\/sitio\/solicitud-de-titulo\/\" aria-label=\"More on Solicitud de t\u00edtulo\">[+]<\/a><\/p>\n","protected":false},"author":771,"featured_media":0,"parent":0,"menu_order":0,"comment_status":"closed","ping_status":"closed","template":"","meta":[],"acf":[],"_links":{"self":[{"href":"https:\/\/isfd140-bue.infd.edu.ar\/sitio\/wp-json\/wp\/v2\/pages\/1736"}],"collection":[{"href":"https:\/\/isfd140-bue.infd.edu.ar\/sitio\/wp-json\/wp\/v2\/pages"}],"about":[{"href":"https:\/\/isfd140-bue.infd.edu.ar\/sitio\/wp-json\/wp\/v2\/types\/page"}],"author":[{"embeddable":true,"href":"https:\/\/isfd140-bue.infd.edu.ar\/sitio\/wp-json\/wp\/v2\/users\/771"}],"replies":[{"embeddable":true,"href":"https:\/\/isfd140-bue.infd.edu.ar\/sitio\/wp-json\/wp\/v2\/comments?post=1736"}],"version-history":[{"count":10,"href":"https:\/\/isfd140-bue.infd.edu.ar\/sitio\/wp-json\/wp\/v2\/pages\/1736\/revisions"}],"predecessor-version":[{"id":2718,"href":"https:\/\/isfd140-bue.infd.edu.ar\/sitio\/wp-json\/wp\/v2\/pages\/1736\/revisions\/2718"}],"wp:attachment":[{"href":"https:\/\/isfd140-bue.infd.edu.ar\/sitio\/wp-json\/wp\/v2\/media?parent=1736"}],"curies":[{"name":"wp","href":"https:\/\/api.w.org\/{rel}","templated":true}]}}