{"id":1585,"date":"2021-04-01T16:33:12","date_gmt":"2021-04-01T19:33:12","guid":{"rendered":"https:\/\/isfd140-bue.infd.edu.ar\/sitio\/?page_id=1585"},"modified":"2023-01-12T13:15:33","modified_gmt":"2023-01-12T16:15:33","slug":"becas-progresar","status":"publish","type":"page","link":"https:\/\/isfd140-bue.infd.edu.ar\/sitio\/becas-progresar\/","title":{"rendered":"BECAS PROGRESAR"},"content":{"rendered":"<p dir=\"ltr\" style=\"text-align: center;\"><strong>Becas Progresar<\/strong> es un programa integral de becas del Ministerio de Educaci\u00f3n de la Naci\u00f3n que acompa\u00f1a al estudiante en todos los niveles de formaci\u00f3n durante su trayectoria acad\u00e9mica a trav\u00e9s de un incentivo econ\u00f3mico y un importante est\u00edmulo personal, que le permitir\u00e1 poder avanzar en sus estudios hasta completarlo.<\/p>\n<p dir=\"ltr\" style=\"text-align: center;\"><strong>IMPORTANTE:<\/strong><\/p>\n<ul>\n<li dir=\"ltr\">\n<p dir=\"ltr\">Solamente se permite una inscripci\u00f3n, por uno de los dos medios.<\/p>\n<\/li>\n<li dir=\"ltr\">\n<p dir=\"ltr\">Si el estudiante ya se inscribi\u00f3 en alguna de las convocatorias anteriores ya tiene usuario y contrase\u00f1a. En caso de no recordarlo escribir a <a href=\"mailto:becassuperior_pba@abc.gob.ar\" target=\"_blank\" rel=\"noopener\">becassuperior_pba@abc.gob.ar<\/a><\/p>\n<\/li>\n<li dir=\"ltr\">\n<p dir=\"ltr\">Aunque hayan percibido la beca anteriormente, la\/los estudiantes deben reinscribirse cada a\u00f1o.<\/p>\n<\/li>\n<li dir=\"ltr\">\n<p dir=\"ltr\">El sistema no permite subsanar errores una vez enviado el formulario\u00a0 de inscripci\u00f3n por esta raz\u00f3n les recomendamos tomarse el tiempo necesario para completarlo y prestar atenci\u00f3n en la carga de la informaci\u00f3n.<\/p>\n<\/li>\n<li dir=\"ltr\">\n<p dir=\"ltr\">Recomendamos antes de realizar la carga chequear en ANSES c\u00f3mo se encuentra cargado su grupo familiar <a href=\"https:\/\/servicioscorp.anses.gob.ar\/clavelogon\/logon.aspx?system=mianses\" target=\"_blank\" rel=\"noopener\" data-saferedirecturl=\"https:\/\/www.google.com\/url?q=https:\/\/servicioscorp.anses.gob.ar\/clavelogon\/logon.aspx?system%3Dmianses&amp;source=gmail&amp;ust=1617392054390000&amp;usg=AFQjCNEXf6-w2Zb6ltf9rsAK4kuW2eKrrw\">https:\/\/servicioscorp.anses.<wbr \/>gob.ar\/clavelogon\/logon.aspx?<wbr \/>system=mianses<\/a> Tener en cuenta que ANSES considera \u00abgrupo familiar\u00bb a aquel que convive en el mismo domicilio y considerar\u00e1 esa informaci\u00f3n para verificar si los ingresos superan los 3 salarios m\u00ednimos.<\/p>\n<\/li>\n<\/ul>\n<p dir=\"ltr\">\u00a0<\/p>\n<p dir=\"ltr\">\u00a0<\/p>\n<p style=\"text-align: center;\">\u00a0<\/p>\n\n\n<p><\/p>\n","protected":false},"excerpt":{"rendered":"<p>Becas Progresar es un programa integral de becas del Ministerio de Educaci\u00f3n de la Naci\u00f3n que acompa\u00f1a al estudiante en todos los niveles de formaci\u00f3n durante su trayectoria acad\u00e9mica a trav\u00e9s de un incentivo econ\u00f3mico y un importante est\u00edmulo personal, que le permitir\u00e1 poder avanzar en sus estudios hasta completarlo. IMPORTANTE: Solamente se permite una &#8230; <a title=\"BECAS PROGRESAR\" class=\"read-more\" href=\"https:\/\/isfd140-bue.infd.edu.ar\/sitio\/becas-progresar\/\" aria-label=\"More on BECAS PROGRESAR\">[+]<\/a><\/p>\n","protected":false},"author":771,"featured_media":0,"parent":0,"menu_order":0,"comment_status":"closed","ping_status":"closed","template":"","meta":[],"acf":[],"_links":{"self":[{"href":"https:\/\/isfd140-bue.infd.edu.ar\/sitio\/wp-json\/wp\/v2\/pages\/1585"}],"collection":[{"href":"https:\/\/isfd140-bue.infd.edu.ar\/sitio\/wp-json\/wp\/v2\/pages"}],"about":[{"href":"https:\/\/isfd140-bue.infd.edu.ar\/sitio\/wp-json\/wp\/v2\/types\/page"}],"author":[{"embeddable":true,"href":"https:\/\/isfd140-bue.infd.edu.ar\/sitio\/wp-json\/wp\/v2\/users\/771"}],"replies":[{"embeddable":true,"href":"https:\/\/isfd140-bue.infd.edu.ar\/sitio\/wp-json\/wp\/v2\/comments?post=1585"}],"version-history":[{"count":13,"href":"https:\/\/isfd140-bue.infd.edu.ar\/sitio\/wp-json\/wp\/v2\/pages\/1585\/revisions"}],"predecessor-version":[{"id":2151,"href":"https:\/\/isfd140-bue.infd.edu.ar\/sitio\/wp-json\/wp\/v2\/pages\/1585\/revisions\/2151"}],"wp:attachment":[{"href":"https:\/\/isfd140-bue.infd.edu.ar\/sitio\/wp-json\/wp\/v2\/media?parent=1585"}],"curies":[{"name":"wp","href":"https:\/\/api.w.org\/{rel}","templated":true}]}}