{"id":1266,"date":"2020-08-18T16:53:55","date_gmt":"2020-08-18T19:53:55","guid":{"rendered":"https:\/\/isfd140-bue.infd.edu.ar\/sitio\/?page_id=1266"},"modified":"2023-11-13T21:15:10","modified_gmt":"2023-11-14T00:15:10","slug":"centro-de-estudiantes","status":"publish","type":"page","link":"https:\/\/isfd140-bue.infd.edu.ar\/sitio\/centro-de-estudiantes\/","title":{"rendered":"Centro de Estudiantes"},"content":{"rendered":"<p style=\"text-align: center;\">La Provincia\u00a0de Buenos Aires, conforme a\u00a0la Ley\u00a0de Educaci\u00f3n Nacional 26.206, garantiza y promueve la creaci\u00f3n de los organismos de representaci\u00f3n estudiantil bajo la forma de Centros de Estudiantes en cada una de las instituciones educativas de nivel medio y de nivel superior, ya sean de gesti\u00f3n estatal, de gesti\u00f3n privada, de gesti\u00f3n cooperativa o de gesti\u00f3n social. Asimismo arbitra los medios necesarios para el reconocimiento de los ya existentes.<\/p>\n<p style=\"text-align: center;\">El funcionamiento de los mismos est\u00e1 regulado por la <a href=\"https:\/\/drive.google.com\/file\/d\/1lwWHaTE5NUOwgGGSijT_GWwxC2tspfTI\/view?usp=sharing\">resoluci\u00f3n 4900\/05<\/a> de la DGC y E.<\/p>\n<p><strong>Los fines que persigue el Centro de Estudiantes son:<\/strong><\/p>\n<p>a. Defender y asegurar el pleno ejercicio de los derechos estudiantiles creando un \u00e1mbito de acci\u00f3n.<br \/>\nb. Participar en las soluciones a las problem\u00e1ticas estudiantiles.<br \/>\nc. Fomentar el debate, la participaci\u00f3n y el esp\u00edritu cr\u00edtico.<br \/>\nd. Velar la tarea acad\u00e9mica y administrativa del instituto.<\/p>\n<p style=\"text-align: center;\"><strong>Centro de Estudiantes del ISFD Y T N\u00ba140<\/strong><\/p>\n<p style=\"text-align: center;\">Presidenta: Rita Brazeiro (Prof. Biolog\u00eda)<\/p>\n","protected":false},"excerpt":{"rendered":"<p>La Provincia\u00a0de Buenos Aires, conforme a\u00a0la Ley\u00a0de Educaci\u00f3n Nacional 26.206, garantiza y promueve la creaci\u00f3n de los organismos de representaci\u00f3n estudiantil bajo la forma de Centros de Estudiantes en cada una de las instituciones educativas de nivel medio y de nivel superior, ya sean de gesti\u00f3n estatal, de gesti\u00f3n privada, de gesti\u00f3n cooperativa o de &#8230; <a title=\"Centro de Estudiantes\" class=\"read-more\" href=\"https:\/\/isfd140-bue.infd.edu.ar\/sitio\/centro-de-estudiantes\/\" aria-label=\"More on Centro de Estudiantes\">[+]<\/a><\/p>\n","protected":false},"author":771,"featured_media":0,"parent":0,"menu_order":0,"comment_status":"closed","ping_status":"closed","template":"","meta":[],"acf":[],"_links":{"self":[{"href":"https:\/\/isfd140-bue.infd.edu.ar\/sitio\/wp-json\/wp\/v2\/pages\/1266"}],"collection":[{"href":"https:\/\/isfd140-bue.infd.edu.ar\/sitio\/wp-json\/wp\/v2\/pages"}],"about":[{"href":"https:\/\/isfd140-bue.infd.edu.ar\/sitio\/wp-json\/wp\/v2\/types\/page"}],"author":[{"embeddable":true,"href":"https:\/\/isfd140-bue.infd.edu.ar\/sitio\/wp-json\/wp\/v2\/users\/771"}],"replies":[{"embeddable":true,"href":"https:\/\/isfd140-bue.infd.edu.ar\/sitio\/wp-json\/wp\/v2\/comments?post=1266"}],"version-history":[{"count":6,"href":"https:\/\/isfd140-bue.infd.edu.ar\/sitio\/wp-json\/wp\/v2\/pages\/1266\/revisions"}],"predecessor-version":[{"id":2422,"href":"https:\/\/isfd140-bue.infd.edu.ar\/sitio\/wp-json\/wp\/v2\/pages\/1266\/revisions\/2422"}],"wp:attachment":[{"href":"https:\/\/isfd140-bue.infd.edu.ar\/sitio\/wp-json\/wp\/v2\/media?parent=1266"}],"curies":[{"name":"wp","href":"https:\/\/api.w.org\/{rel}","templated":true}]}}