{"id":1240,"date":"2020-08-17T18:44:18","date_gmt":"2020-08-17T21:44:18","guid":{"rendered":"https:\/\/isfd140-bue.infd.edu.ar\/sitio\/?page_id=1240"},"modified":"2023-03-10T15:23:50","modified_gmt":"2023-03-10T18:23:50","slug":"informacion-sobre-la-carrera-3","status":"publish","type":"page","link":"https:\/\/isfd140-bue.infd.edu.ar\/sitio\/informacion-sobre-la-carrera-3\/","title":{"rendered":"Informaci\u00f3n sobre la carrera"},"content":{"rendered":"<h2><span style=\"font-size: 12pt;\"><strong><span style=\"text-decoration: underline;\">Jefe de \u00c1rea<\/span><\/strong><\/span><span style=\"font-size: 12pt;\"><strong>: Prof. Gonzalo. H. Patricio\u00a0 \u00a0 \u00a0 \u00a0 \u00a0 \u00a0 \u00a0 \u00a0 \u00a0 \u00a0 \u00a0 \u00a0 \u00a0 \u00a0 \u00a0 \u00a0 \u00a0 \u00a0 \u00a0 \u00a0 \u00a0 \u00a0<\/strong><\/span><span style=\"font-size: 12pt;\"><strong>Contacto: <a href=\"mailto:gpatricio@abc.gob.ar\">gpatricio@abc.gob.ar<\/a><\/strong><\/span><\/h2>\n<h2><\/h2>\n<p><strong>Denominaci\u00f3n de la carrera:<\/strong> Profesorado de Educaci\u00f3n Secundaria en Biolog\u00eda<\/p>\n<p><strong>T\u00edtulo a otorgar: <\/strong>Profesor\/a de Educaci\u00f3n Secundaria en Biolog\u00eda<\/p>\n<p><strong>Duraci\u00f3n de la carrera:<\/strong> 4 a\u00f1os acad\u00e9micos<\/p>\n<p><strong>Carga horaria total:<\/strong> 3008 hs. reloj<\/p>\n<p><strong>Resoluci\u00f3n:<\/strong> 3605\/22<\/p>\n<p><strong>Horario de Cursada:<\/strong> 1\u00ba a\u00f1o en turno tarde o vespertino- 2\u00b0, 3\u00ba y 4\u00ba a\u00f1o solo en turno vespertino.<\/p>\n<p><strong>Condiciones de ingreso:<\/strong><\/p>\n<p>Tal como se establece en la Resoluci\u00f3n 4043\/09 \u201cR\u00e9gimen Acad\u00e9mico\u201d de la Educaci\u00f3n Superior de la provincia de Buenos Aires, el ingreso es directo con titulaci\u00f3n del nivel secundario acreditado, atendiendo adem\u00e1s al art\u00edculo 7 de la Ley de Educaci\u00f3n Superior N\u00b0 24.521.<\/p>\n<p><strong>Perfil del Egresado:<\/strong><\/p>\n<p style=\"text-align: justify;\">A los fines de contribuir con la configuraci\u00f3n de la identidad profesional del profesor como agente estatal, intelectual y trabajador de la educaci\u00f3n, se aspira a formar un\/a profesor\/a de Biolog\u00eda para la Educaci\u00f3n Secundaria con una s\u00f3lida formaci\u00f3n \u00e9tico pol\u00edtica, te\u00f3rica, metodol\u00f3gica y t\u00e9cnica, que sea promotor del respeto a la vida y a la ley en una sociedad democr\u00e1tica. Se promueve la formaci\u00f3n de un profesor capaz de dise\u00f1ar e implementar pr\u00e1cticas de ense\u00f1anza que posibiliten a los estudiantes de la escuela secundaria el acceso a bienes culturales producidos por los avances cient\u00edficos y tecnol\u00f3gicos del campo disciplinar, la ampliaci\u00f3n de oportunidades en relaci\u00f3n con su incorporaci\u00f3n al mundo del trabajo, la continuidad en estudios superiores y su desempe\u00f1o como ciudadanos en pos del fortalecimiento de una sociedad m\u00e1s justa.<\/p>\n<p style=\"text-align: justify;\">La formaci\u00f3n docente en educaci\u00f3n secundaria asume el desaf\u00edo de promover diferentes modos de intervenci\u00f3n educativa para diferentes sujetos, en variadas condiciones y circunstancias, resignificando el acto pedag\u00f3gico para arribar a fines comunes. La consideraci\u00f3n de esos diferentes sujetos implica pensar en un enfoque curricular que reconozca la interculturalidad, la diversidad y la complejidad de repertorios culturales que expresan y producen, en s\u00ed y entre s\u00ed, una multiplicidad de diferencias.<\/p>\n","protected":false},"excerpt":{"rendered":"<p>Jefe de \u00c1rea: Prof. Gonzalo. H. Patricio\u00a0 \u00a0 \u00a0 \u00a0 \u00a0 \u00a0 \u00a0 \u00a0 \u00a0 \u00a0 \u00a0 \u00a0 \u00a0 \u00a0 \u00a0 \u00a0 \u00a0 \u00a0 \u00a0 \u00a0 \u00a0 \u00a0Contacto: gpatricio@abc.gob.ar Denominaci\u00f3n de la carrera: Profesorado de Educaci\u00f3n Secundaria en Biolog\u00eda T\u00edtulo a otorgar: Profesor\/a de Educaci\u00f3n Secundaria en Biolog\u00eda Duraci\u00f3n de la carrera: 4 a\u00f1os acad\u00e9micos &#8230; <a title=\"Informaci\u00f3n sobre la carrera\" class=\"read-more\" href=\"https:\/\/isfd140-bue.infd.edu.ar\/sitio\/informacion-sobre-la-carrera-3\/\" aria-label=\"More on Informaci\u00f3n sobre la carrera\">[+]<\/a><\/p>\n","protected":false},"author":771,"featured_media":0,"parent":0,"menu_order":0,"comment_status":"closed","ping_status":"closed","template":"","meta":[],"acf":[],"_links":{"self":[{"href":"https:\/\/isfd140-bue.infd.edu.ar\/sitio\/wp-json\/wp\/v2\/pages\/1240"}],"collection":[{"href":"https:\/\/isfd140-bue.infd.edu.ar\/sitio\/wp-json\/wp\/v2\/pages"}],"about":[{"href":"https:\/\/isfd140-bue.infd.edu.ar\/sitio\/wp-json\/wp\/v2\/types\/page"}],"author":[{"embeddable":true,"href":"https:\/\/isfd140-bue.infd.edu.ar\/sitio\/wp-json\/wp\/v2\/users\/771"}],"replies":[{"embeddable":true,"href":"https:\/\/isfd140-bue.infd.edu.ar\/sitio\/wp-json\/wp\/v2\/comments?post=1240"}],"version-history":[{"count":6,"href":"https:\/\/isfd140-bue.infd.edu.ar\/sitio\/wp-json\/wp\/v2\/pages\/1240\/revisions"}],"predecessor-version":[{"id":2187,"href":"https:\/\/isfd140-bue.infd.edu.ar\/sitio\/wp-json\/wp\/v2\/pages\/1240\/revisions\/2187"}],"wp:attachment":[{"href":"https:\/\/isfd140-bue.infd.edu.ar\/sitio\/wp-json\/wp\/v2\/media?parent=1240"}],"curies":[{"name":"wp","href":"https:\/\/api.w.org\/{rel}","templated":true}]}}