{"id":1232,"date":"2020-08-17T18:34:22","date_gmt":"2020-08-17T21:34:22","guid":{"rendered":"https:\/\/isfd140-bue.infd.edu.ar\/sitio\/?page_id=1232"},"modified":"2026-02-14T14:47:27","modified_gmt":"2026-02-14T17:47:27","slug":"informacion-sobre-la-carrera","status":"publish","type":"page","link":"https:\/\/isfd140-bue.infd.edu.ar\/sitio\/informacion-sobre-la-carrera\/","title":{"rendered":"Informaci\u00f3n sobre la carrera"},"content":{"rendered":"<div style=\"text-align: justify;\">\n<p><strong>Jefatura de \u00e1rea:\u00a0<\/strong>Prof. Lic. Pablo C\u00e9sar Viveros Lincom\u00e1n\u00a0 \u00a0<a href=\"mailto:pabvivieros@abc.gob.ar\">pabvivieros@abc.gob.ar<\/a><\/p>\n<p><strong>Denominaci\u00f3n de la carrera:\u00a0<\/strong>Profesorado de Educaci\u00f3n de Secundaria en Matem\u00e1tica<\/p>\n<p><strong>T\u00edtulo a otorgar:\u00a0<\/strong>Profesora\/Profesor de Educaci\u00f3n Secundaria en Matem\u00e1tica<\/p>\n<p><strong>Duraci\u00f3n de la carrera:<\/strong> 4 a\u00f1os<\/p>\n<p><strong>Carga horaria total:<\/strong><\/p>\n<ul>\n<li style=\"list-style-type: none;\">\n<ul>\n<li style=\"list-style-type: none;\">\n<ul>\n<li>3104 hs. reloj (hasta 2025)<\/li>\n<li>2848 hs. reloj (desde 2026)<\/li>\n<\/ul>\n<\/li>\n<\/ul>\n<\/li>\n<\/ul>\n<p><strong>Resoluciones:<\/strong><\/p>\n<ul>\n<li style=\"list-style-type: none;\">\n<ul>\n<li style=\"list-style-type: none;\">\n<ul>\n<li>1861\/17 (Hasta 2025)<\/li>\n<li>5882\/25 (Desde 2026)<\/li>\n<\/ul>\n<\/li>\n<\/ul>\n<\/li>\n<\/ul>\n<p><strong>Horario de Cursada:<\/strong><\/p>\n<ul>\n<li style=\"list-style-type: none;\">\n<ul>\n<li style=\"list-style-type: none;\">\n<ul>\n<li>1\u00ba y 2\u00ba a\u00f1o en turno tarde (en sede CUT)<\/li>\n<li>3\u00ba y 4\u00b0 a\u00f1o en turno vespertino (en sede Pacheco)<\/li>\n<\/ul>\n<\/li>\n<\/ul>\n<\/li>\n<\/ul>\n<p><strong>Condiciones de Ingreso:<\/strong><\/p>\n<p>El ingreso es directo con titulaci\u00f3n del Nivel Secundario acreditado, conforme el art\u00edculo 7\u00ba de la Ley de Educaci\u00f3n Superior N\u00ba 24521, sustituido por el 4\u00ba de la Ley de Implementaci\u00f3n Efectiva de la Responsabilidad del Estado en el Nivel de Educaci\u00f3n Superior 27204.<\/p>\n<\/div>\n<p><strong>Finalidades Formativas:<\/strong><\/p>\n<p>Este profesorado busca la formaci\u00f3n de profesoras y profesores que:<\/p>\n<ul>\n<li>se consideren parte de un proceso social de trasmisi\u00f3n de las culturas en di\u00e1logo con las transformaciones sociales contempor\u00e1neas,<\/li>\n<li>lean su contexto a partir de las construcciones pol\u00edticas, culturales y pedag\u00f3gicas desde Am\u00e9rica Latina, Argentina, y la provincia de Buenos Aires para interrogarse, intervenir, ense\u00f1ar, transformar(se),<\/li>\n<li>asuman la centralidad de la ense\u00f1anza como condici\u00f3n ineludible que posibilita abordar los problemas de la transmisi\u00f3n y as\u00ed promover pr\u00e1cticas democr\u00e1ticas desde el respeto mutuo y la construcci\u00f3n de pensamientos cr\u00edticos,<\/li>\n<li>reconozcan reflexivamente la multidimensionalidad, situacionalidad y singularidad de las pr\u00e1cticas pedag\u00f3gicas, en tanto pr\u00e1cticas sociales, desde la corresponsabilidad y el compromiso con su transformaci\u00f3n,<\/li>\n<li>se asuman como productores de conocimiento did\u00e1ctico matem\u00e1tico desde un posicionamiento superador de perspectivas estereotipadas sobre la construcci\u00f3n del conocimiento profesional docente,<\/li>\n<li>reconozcan reflexivamente la multidimensionalidad, situacionalidad y singularidad de las pr\u00e1cticas pedag\u00f3gicas, en tanto pr\u00e1cticas sociales, desde la corresponsabilidad y el compromiso con su transformaci\u00f3n,<\/li>\n<li>asuman a la ense\u00f1anza de la matem\u00e1tica desde el reconocimiento de sus destinatarias y destinatarios (en sus diversidades) y el contexto territorial e institucional en el que se insertan,<\/li>\n<li>se reconozcan como garantes del derecho a la educaci\u00f3n comprometidos con la democratizaci\u00f3n del conocimiento matem\u00e1tico en el aula,<\/li>\n<li>reconozcan el car\u00e1cter no neutral de la matem\u00e1tica y la conciba como un campo de objetos y pr\u00e1cticas de car\u00e1cter hist\u00f3rico, social, pol\u00edtico y cultural.<\/li>\n<\/ul>\n","protected":false},"excerpt":{"rendered":"<p>Jefatura de \u00e1rea:\u00a0Prof. Lic. Pablo C\u00e9sar Viveros Lincom\u00e1n\u00a0 \u00a0pabvivieros@abc.gob.ar Denominaci\u00f3n de la carrera:\u00a0Profesorado de Educaci\u00f3n de Secundaria en Matem\u00e1tica T\u00edtulo a otorgar:\u00a0Profesora\/Profesor de Educaci\u00f3n Secundaria en Matem\u00e1tica Duraci\u00f3n de la carrera: 4 a\u00f1os Carga horaria total: 3104 hs. reloj (hasta 2025) 2848 hs. reloj (desde 2026) Resoluciones: 1861\/17 (Hasta 2025) 5882\/25 (Desde 2026) Horario de &#8230; <a title=\"Informaci\u00f3n sobre la carrera\" class=\"read-more\" href=\"https:\/\/isfd140-bue.infd.edu.ar\/sitio\/informacion-sobre-la-carrera\/\" aria-label=\"More on Informaci\u00f3n sobre la carrera\">[+]<\/a><\/p>\n","protected":false},"author":771,"featured_media":0,"parent":0,"menu_order":0,"comment_status":"closed","ping_status":"closed","template":"","meta":[],"acf":[],"_links":{"self":[{"href":"https:\/\/isfd140-bue.infd.edu.ar\/sitio\/wp-json\/wp\/v2\/pages\/1232"}],"collection":[{"href":"https:\/\/isfd140-bue.infd.edu.ar\/sitio\/wp-json\/wp\/v2\/pages"}],"about":[{"href":"https:\/\/isfd140-bue.infd.edu.ar\/sitio\/wp-json\/wp\/v2\/types\/page"}],"author":[{"embeddable":true,"href":"https:\/\/isfd140-bue.infd.edu.ar\/sitio\/wp-json\/wp\/v2\/users\/771"}],"replies":[{"embeddable":true,"href":"https:\/\/isfd140-bue.infd.edu.ar\/sitio\/wp-json\/wp\/v2\/comments?post=1232"}],"version-history":[{"count":7,"href":"https:\/\/isfd140-bue.infd.edu.ar\/sitio\/wp-json\/wp\/v2\/pages\/1232\/revisions"}],"predecessor-version":[{"id":3015,"href":"https:\/\/isfd140-bue.infd.edu.ar\/sitio\/wp-json\/wp\/v2\/pages\/1232\/revisions\/3015"}],"wp:attachment":[{"href":"https:\/\/isfd140-bue.infd.edu.ar\/sitio\/wp-json\/wp\/v2\/media?parent=1232"}],"curies":[{"name":"wp","href":"https:\/\/api.w.org\/{rel}","templated":true}]}}