{"id":1117,"date":"2020-08-12T20:51:31","date_gmt":"2020-08-12T23:51:31","guid":{"rendered":"https:\/\/isfd140-bue.infd.edu.ar\/sitio\/?page_id=1117"},"modified":"2025-07-05T09:27:10","modified_gmt":"2025-07-05T12:27:10","slug":"equipo-de-preceptores","status":"publish","type":"page","link":"https:\/\/isfd140-bue.infd.edu.ar\/sitio\/equipo-de-preceptores\/","title":{"rendered":"Equipo de Preceptores"},"content":{"rendered":"<h5 style=\"text-align: center;\"><\/h5>\n<h5><\/h5>\n<h5 style=\"text-align: center;\"><strong>Profesorado de Educaci\u00f3n Secundaria en Biolog\u00eda (1\u00b0 y 2\u00b0 a\u00f1o)<\/strong><\/h5>\n<h5 style=\"text-align: center;\">Profesorado de Educaci\u00f3n Secundaria en F\u00edsica (1\u00b0 y 2\u00b0 a\u00f1o)<\/h5>\n<h5><\/h5>\n<h5><span style=\"color: #ff0000;\">Preceptoras: <\/span><span style=\"color: #ff0000;\">Laura Scola<\/span><\/h5>\n<h5>Contactos:<\/h5>\n<h5><a href=\"mailto:prececiclocomuntigre140@gmail.com\">prececiclocomuntigre140@gmail.com<\/a> (Sede Tigre)<\/h5>\n<h5><a href=\"mailto:prececiclocomunpacheco140@gmail.com\">prececiclocomunpacheco140@gmail.com<\/a> (Sede Pacheco)<\/h5>\n<h5><\/h5>\n<h5 style=\"text-align: center;\"><strong>Profesorado de Educaci\u00f3n Secundaria en Biolog\u00eda (3\u00ba y 4\u00ba a\u00f1o)<\/strong><\/h5>\n<h5><span style=\"color: #ff0000;\">Preceptora: Marcela Scola<\/span><\/h5>\n<h5>Contacto: <a href=\"mailto:precebiologia140@gmail.com\">precebiologia140@gmail.com<\/a><\/h5>\n<h5><\/h5>\n<h5 style=\"text-align: center;\"><strong>Profesorado para la Educaci\u00f3n Secundaria en F\u00edsica (3\u00ba y 4\u00ba a\u00f1o)<\/strong><\/h5>\n<h5><\/h5>\n<h5><span style=\"color: #ff0000;\">Preceptora: Marcela Scola<\/span><\/h5>\n<h5>Contacto: <a href=\"mailto:precefisica140@gmail.com\">precefisica140@gmail.com<\/a><\/h5>\n<h5><\/h5>\n<h5><\/h5>\n<h5 style=\"text-align: center;\"><strong>Profesorado para la Educaci\u00f3n Secundaria en Matem\u00e1tica<\/strong><\/h5>\n<h5><span style=\"color: #ff0000;\">Preceptora: M\u00f3nica Tavernese\u00a0<\/span><\/h5>\n<h5>Contacto:\u00a0 <a href=\"mailto:precematematica140@gmail.com\">precematematica140@gmail.com<\/a><\/h5>\n<h5><\/h5>\n<h5><\/h5>\n<h5 style=\"text-align: center;\"><strong>Tecnicatura Superior en Alimentos<\/strong><\/h5>\n<h5><span style=\"color: #ff0000;\">Preceptora: M\u00f3nica Tavernese<\/span><\/h5>\n<h5>Contacto:<a href=\"mailto:precealimentos140@gmail.com\"> precealimentos140@gmail.com<\/a><\/h5>\n<h5><\/h5>\n","protected":false},"excerpt":{"rendered":"<p>Profesorado de Educaci\u00f3n Secundaria en Biolog\u00eda (1\u00b0 y 2\u00b0 a\u00f1o) Profesorado de Educaci\u00f3n Secundaria en F\u00edsica (1\u00b0 y 2\u00b0 a\u00f1o) Preceptoras: Laura Scola Contactos: prececiclocomuntigre140@gmail.com (Sede Tigre) prececiclocomunpacheco140@gmail.com (Sede Pacheco) Profesorado de Educaci\u00f3n Secundaria en Biolog\u00eda (3\u00ba y 4\u00ba a\u00f1o) Preceptora: Marcela Scola Contacto: precebiologia140@gmail.com Profesorado para la Educaci\u00f3n Secundaria en F\u00edsica (3\u00ba y 4\u00ba &#8230; <a title=\"Equipo de Preceptores\" class=\"read-more\" href=\"https:\/\/isfd140-bue.infd.edu.ar\/sitio\/equipo-de-preceptores\/\" aria-label=\"More on Equipo de Preceptores\">[+]<\/a><\/p>\n","protected":false},"author":771,"featured_media":0,"parent":0,"menu_order":0,"comment_status":"closed","ping_status":"closed","template":"","meta":[],"acf":[],"_links":{"self":[{"href":"https:\/\/isfd140-bue.infd.edu.ar\/sitio\/wp-json\/wp\/v2\/pages\/1117"}],"collection":[{"href":"https:\/\/isfd140-bue.infd.edu.ar\/sitio\/wp-json\/wp\/v2\/pages"}],"about":[{"href":"https:\/\/isfd140-bue.infd.edu.ar\/sitio\/wp-json\/wp\/v2\/types\/page"}],"author":[{"embeddable":true,"href":"https:\/\/isfd140-bue.infd.edu.ar\/sitio\/wp-json\/wp\/v2\/users\/771"}],"replies":[{"embeddable":true,"href":"https:\/\/isfd140-bue.infd.edu.ar\/sitio\/wp-json\/wp\/v2\/comments?post=1117"}],"version-history":[{"count":22,"href":"https:\/\/isfd140-bue.infd.edu.ar\/sitio\/wp-json\/wp\/v2\/pages\/1117\/revisions"}],"predecessor-version":[{"id":2819,"href":"https:\/\/isfd140-bue.infd.edu.ar\/sitio\/wp-json\/wp\/v2\/pages\/1117\/revisions\/2819"}],"wp:attachment":[{"href":"https:\/\/isfd140-bue.infd.edu.ar\/sitio\/wp-json\/wp\/v2\/media?parent=1117"}],"curies":[{"name":"wp","href":"https:\/\/api.w.org\/{rel}","templated":true}]}}