{"id":1100,"date":"2020-08-11T15:52:54","date_gmt":"2020-08-11T18:52:54","guid":{"rendered":"https:\/\/isfd140-bue.infd.edu.ar\/sitio\/?page_id=1100"},"modified":"2026-02-24T10:57:53","modified_gmt":"2026-02-24T13:57:53","slug":"equivalencias","status":"publish","type":"page","link":"https:\/\/isfd140-bue.infd.edu.ar\/sitio\/equivalencias\/","title":{"rendered":"Solicitud de Equivalencias"},"content":{"rendered":"\n<p>Las y los estudiantes del ISFDyT N\u00ba 140 \u00abMarie Curie\u00bb podr\u00e1n solicitar, <strong>exclusivamente de manera virtual<\/strong>, el reconocimiento de unidades curriculares acreditadas en otras carreras y\/u otras instituciones de Nivel Superior.<\/p>\n\n\n\n<p>&#x1f4cc; El formulario permite incluir <strong>hasta 10 unidades curriculares<\/strong>.<br>&#x1f4cc; En caso de superar esa cantidad, se deber\u00e1 <strong>completar el formulario nuevamente<\/strong>.<\/p>\n\n\n\n<hr class=\"wp-block-separator has-alpha-channel-opacity\"\/>\n\n\n\n<h3 class=\"wp-block-heading\"><strong>&#x2705; Requisitos para la solicitud<\/strong><\/h3>\n\n\n\n<ol>\n<li>Completar el formulario de solicitud antes del <strong>30 de abril<\/strong>. (ACLARACI\u00d3N: Las unidades curriculares deben escribirse con el nombre EXACTO Y COMPLETO).<br><\/li>\n\n\n\n<li>Adjuntar la <strong>documentaci\u00f3n obligatoria escaneada<\/strong> en formato PDF:<br>\n<ul>\n<li>Certificado anal\u00edtico.<br><\/li>\n\n\n\n<li>Programa\/s autenticado\/s de las unidades curriculares (con carga horaria, contenidos y bibliograf\u00eda).<\/li>\n<\/ul>\n<\/li>\n<\/ol>\n\n\n\n<p><strong>Importante: <\/strong>Toda la documentaci\u00f3n presentada <strong>debe estar firmada y sellada por la autoridad emisora<\/strong>.<\/p>\n\n\n\n<ol start=\"3\">\n<li><strong>Cursar la unidad curricular<\/strong> hasta recibir confirmaci\u00f3n oficial por parte del Instituto.<br><\/li>\n\n\n\n<li>En caso de <strong>equivalencia parcial<\/strong>, se informar\u00e1n las actividades complementarias necesarias para su acreditaci\u00f3n.<br><\/li>\n<\/ol>\n\n\n\n<hr class=\"wp-block-separator has-alpha-channel-opacity\"\/>\n\n\n\n<h3 class=\"wp-block-heading\"><strong>&#x1f4e9; Posibles respuestas a la solicitud<\/strong><\/h3>\n\n\n\n<p>Una vez evaluada la documentaci\u00f3n por los docentes de cada espacio curricular solicitado, recibir\u00e1 una respuesta formal por parte del Instituto, que podr\u00e1 ser:<\/p>\n\n\n\n<ul>\n<li>&#x2714;&#xfe0f; <strong>Equivalencia Total<\/strong>: se reconoce la unidad curricular sin necesidad de acciones adicionales.<br><\/li>\n\n\n\n<li>&#x1f504; <strong>Equivalencia Parcial<\/strong>: se requiere la realizaci\u00f3n de actividades complementarias definidas por el o la docente.<br><\/li>\n\n\n\n<li>&#x274c; <strong>Solicitud Denegada<\/strong>: no se otorga equivalencia por no cumplir con los criterios establecidos.<br><\/li>\n<\/ul>\n\n\n\n<p>&#x1f4cd; La respuesta ser\u00e1 notificada por correo electr\u00f3nico y quedar\u00e1 registrada en el acta correspondiente del establecimiento.<\/p>\n\n\n\n<hr class=\"wp-block-separator has-alpha-channel-opacity\"\/>\n\n\n\n<p>&#x1f4c5; <strong>Fecha l\u00edmite de solicitud:<\/strong> 30 de abril<br>&#x1f4cd; <strong>Importante:<\/strong> No se evaluar\u00e1n formularios incompletos o enviados fuera de t\u00e9rmino.<\/p>\n\n\n\n<p>&#x1f517; Acced\u00e9 al formulario desde el siguiente enlace:<\/p>\n\n\n\n<p class=\"has-text-align-center\">&#x1f449;<a rel=\"noreferrer noopener\" href=\"https:\/\/docs.google.com\/forms\/d\/e\/1FAIpQLSfS4GtIlapMMNISuMZUIZc5chQsRTvZNc-1g0thDE6yEC-xfw\/viewform?usp=dialog\" data-type=\"URL\" data-id=\"https:\/\/docs.google.com\/forms\/d\/e\/1FAIpQLSfS4GtIlapMMNISuMZUIZc5chQsRTvZNc-1g0thDE6yEC-xfw\/viewform?usp=dialog\" target=\"_blank\"><strong>FORMULARIO DE SOLICITUD DE EQUIVALENCIAS<\/strong><\/a>&#x1f448;<\/p>\n\n\n\n<p>&#x1f4e9; Consultas: isfd140tigre@abc.gob.ar<\/p>\n\n\n\n<p><\/p>\n","protected":false},"excerpt":{"rendered":"<p>Las y los estudiantes del ISFDyT N\u00ba 140 \u00abMarie Curie\u00bb podr\u00e1n solicitar, exclusivamente de manera virtual, el reconocimiento de unidades curriculares acreditadas en otras carreras y\/u otras instituciones de Nivel Superior. &#x1f4cc; El formulario permite incluir hasta 10 unidades curriculares.&#x1f4cc; En caso de superar esa cantidad, se deber\u00e1 completar el formulario nuevamente. &#x2705; Requisitos para &#8230; <a title=\"Solicitud de Equivalencias\" class=\"read-more\" href=\"https:\/\/isfd140-bue.infd.edu.ar\/sitio\/equivalencias\/\" aria-label=\"More on Solicitud de Equivalencias\">[+]<\/a><\/p>\n","protected":false},"author":717,"featured_media":0,"parent":0,"menu_order":0,"comment_status":"closed","ping_status":"closed","template":"","meta":[],"acf":[],"_links":{"self":[{"href":"https:\/\/isfd140-bue.infd.edu.ar\/sitio\/wp-json\/wp\/v2\/pages\/1100"}],"collection":[{"href":"https:\/\/isfd140-bue.infd.edu.ar\/sitio\/wp-json\/wp\/v2\/pages"}],"about":[{"href":"https:\/\/isfd140-bue.infd.edu.ar\/sitio\/wp-json\/wp\/v2\/types\/page"}],"author":[{"embeddable":true,"href":"https:\/\/isfd140-bue.infd.edu.ar\/sitio\/wp-json\/wp\/v2\/users\/717"}],"replies":[{"embeddable":true,"href":"https:\/\/isfd140-bue.infd.edu.ar\/sitio\/wp-json\/wp\/v2\/comments?post=1100"}],"version-history":[{"count":55,"href":"https:\/\/isfd140-bue.infd.edu.ar\/sitio\/wp-json\/wp\/v2\/pages\/1100\/revisions"}],"predecessor-version":[{"id":3031,"href":"https:\/\/isfd140-bue.infd.edu.ar\/sitio\/wp-json\/wp\/v2\/pages\/1100\/revisions\/3031"}],"wp:attachment":[{"href":"https:\/\/isfd140-bue.infd.edu.ar\/sitio\/wp-json\/wp\/v2\/media?parent=1100"}],"curies":[{"name":"wp","href":"https:\/\/api.w.org\/{rel}","templated":true}]}}