{"id":1020,"date":"2020-04-04T13:25:35","date_gmt":"2020-04-04T16:25:35","guid":{"rendered":"https:\/\/isfd140-bue.infd.edu.ar\/sitio\/?page_id=1020"},"modified":"2026-03-26T09:02:06","modified_gmt":"2026-03-26T12:02:06","slug":"docentes-5","status":"publish","type":"page","link":"https:\/\/isfd140-bue.infd.edu.ar\/sitio\/docentes-5\/","title":{"rendered":"Unidades curriculares y profesores"},"content":{"rendered":"\n<p class=\"has-text-align-center\"><strong><mark style=\"background-color:rgba(0, 0, 0, 0)\" class=\"has-inline-color has-accent-color\">1\u00b0 a\u00f1o<\/mark><\/strong><\/p>\n\n\n\n<figure class=\"wp-block-table\"><table><tbody><tr><td class=\"has-text-align-center\" data-align=\"center\"><strong>Unidad curricular<\/strong><\/td><td class=\"has-text-align-center\" data-align=\"center\"><strong>Docente<\/strong><\/td><td class=\"has-text-align-center\" data-align=\"center\"><strong>R\u00e9gimen de cursada <\/strong><\/td><td class=\"has-text-align-center\" data-align=\"center\"><strong>M\u00f3dulos semanales<\/strong><\/td><td class=\"has-text-align-center\" data-align=\"center\"><strong>Formato<\/strong><\/td><td class=\"has-text-align-center\" data-align=\"center\"><strong>Modalidad de acreditaci\u00f3n<\/strong><\/td><\/tr><tr><td class=\"has-text-align-center\" data-align=\"center\">Qu\u00edmica general e inorg\u00e1nica<\/td><td class=\"has-text-align-center\" data-align=\"center\">Adri\u00e1n Barabani<\/td><td class=\"has-text-align-center\" data-align=\"center\">Cuatrimestral<\/td><td class=\"has-text-align-center\" data-align=\"center\">2<\/td><td class=\"has-text-align-center\" data-align=\"center\">Asignatura<\/td><td class=\"has-text-align-center\" data-align=\"center\">Admite promoci\u00f3n<\/td><\/tr><tr><td class=\"has-text-align-center\" data-align=\"center\">Fisicoqu\u00edmica<\/td><td class=\"has-text-align-center\" data-align=\"center\">Adri\u00e1n Barabani<\/td><td class=\"has-text-align-center\" data-align=\"center\">Cuatrimestral<\/td><td class=\"has-text-align-center\" data-align=\"center\">2<\/td><td class=\"has-text-align-center\" data-align=\"center\">Asignatura<\/td><td class=\"has-text-align-center\" data-align=\"center\">Admite promoci\u00f3n<\/td><\/tr><tr><td class=\"has-text-align-center\" data-align=\"center\">Matem\u00e1tica<\/td><td class=\"has-text-align-center\" data-align=\"center\">Mar\u00eda de los \u00c1ngeles Jerez<\/td><td class=\"has-text-align-center\" data-align=\"center\">Cuatrimestral<\/td><td class=\"has-text-align-center\" data-align=\"center\">3<\/td><td class=\"has-text-align-center\" data-align=\"center\">Asignatura<\/td><td class=\"has-text-align-center\" data-align=\"center\">Admite promoci\u00f3n<\/td><\/tr><tr><td class=\"has-text-align-center\" data-align=\"center\">Estad\u00edstica y probabilidades<\/td><td class=\"has-text-align-center\" data-align=\"center\">Mar\u00eda de los \u00c1ngeles Jerez<\/td><td class=\"has-text-align-center\" data-align=\"center\">Cuatrimestral<\/td><td class=\"has-text-align-center\" data-align=\"center\">3<\/td><td class=\"has-text-align-center\" data-align=\"center\">Asignatura<\/td><td class=\"has-text-align-center\" data-align=\"center\">Admite promoci\u00f3n<\/td><\/tr><tr><td class=\"has-text-align-center\" data-align=\"center\">Biolog\u00eda<\/td><td class=\"has-text-align-center\" data-align=\"center\">Sergio Ghio<\/td><td class=\"has-text-align-center\" data-align=\"center\">Anual<\/td><td class=\"has-text-align-center\" data-align=\"center\">3<\/td><td class=\"has-text-align-center\" data-align=\"center\">Asignatura<\/td><td class=\"has-text-align-center\" data-align=\"center\">Admite promoci\u00f3n<\/td><\/tr><tr><td class=\"has-text-align-center\" data-align=\"center\">Ingl\u00e9s<\/td><td class=\"has-text-align-center\" data-align=\"center\">Mar\u00eda Fernanda Besel<\/td><td class=\"has-text-align-center\" data-align=\"center\">Anual<\/td><td class=\"has-text-align-center\" data-align=\"center\">2<\/td><td class=\"has-text-align-center\" data-align=\"center\">Asignatura<\/td><td class=\"has-text-align-center\" data-align=\"center\">Admite promoci\u00f3n<\/td><\/tr><tr><td class=\"has-text-align-center\" data-align=\"center\">Producci\u00f3n primaria de los alimentos<\/td><td class=\"has-text-align-center\" data-align=\"center\">VACANTE<\/td><td class=\"has-text-align-center\" data-align=\"center\">Cuatrimestral<\/td><td class=\"has-text-align-center\" data-align=\"center\">4<\/td><td class=\"has-text-align-center\" data-align=\"center\">Asignatura<\/td><td class=\"has-text-align-center\" data-align=\"center\">Admite promoci\u00f3n<\/td><\/tr><tr><td class=\"has-text-align-center\" data-align=\"center\">Qu\u00edmica de los alimentos<\/td><td class=\"has-text-align-center\" data-align=\"center\">VACANTE<\/td><td class=\"has-text-align-center\" data-align=\"center\">Cuatrimestral<\/td><td class=\"has-text-align-center\" data-align=\"center\">4<\/td><td class=\"has-text-align-center\" data-align=\"center\">Asignatura<\/td><td class=\"has-text-align-center\" data-align=\"center\">Admite promoci\u00f3n<\/td><\/tr><tr><td class=\"has-text-align-center\" data-align=\"center\">Pr\u00e1ctica profesionalizante 1: Aproximaci\u00f3n al campo laboral<\/td><td class=\"has-text-align-center\" data-align=\"center\">Marcela Mei<\/td><td class=\"has-text-align-center\" data-align=\"center\">Anual<\/td><td class=\"has-text-align-center\" data-align=\"center\">5<\/td><td class=\"has-text-align-center\" data-align=\"center\">Asignatura<\/td><td class=\"has-text-align-center\" data-align=\"center\">Promoci\u00f3n directa<\/td><\/tr><\/tbody><\/table><\/figure>\n\n\n\n<p class=\"has-text-align-center\"><strong><mark style=\"background-color:rgba(0, 0, 0, 0)\" class=\"has-inline-color has-accent-color\">2\u00b0 a\u00f1o<\/mark><\/strong><\/p>\n\n\n\n<figure class=\"wp-block-table\"><table><tbody><tr><td class=\"has-text-align-center\" data-align=\"center\"><strong>Unidad curricular<\/strong><\/td><td class=\"has-text-align-center\" data-align=\"center\"><strong>Docente<\/strong><\/td><td class=\"has-text-align-center\" data-align=\"center\"><strong>R\u00e9gimen de cursada <\/strong><\/td><td class=\"has-text-align-center\" data-align=\"center\"><strong>M\u00f3dulos semanales<\/strong><\/td><td class=\"has-text-align-center\" data-align=\"center\"><strong>Formato<\/strong><\/td><td class=\"has-text-align-center\" data-align=\"center\"><strong>Modalidad de acreditaci\u00f3n<\/strong><\/td><\/tr><tr><td class=\"has-text-align-center\" data-align=\"center\">Ciencia, tecnolog\u00eda y sociedad<\/td><td class=\"has-text-align-center\" data-align=\"center\">Valeria Varga<\/td><td class=\"has-text-align-center\" data-align=\"center\">Anual<\/td><td class=\"has-text-align-center\" data-align=\"center\">2<\/td><td class=\"has-text-align-center\" data-align=\"center\">Asignatura<\/td><td class=\"has-text-align-center\" data-align=\"center\">Admite promoci\u00f3n<\/td><\/tr><tr><td class=\"has-text-align-center\" data-align=\"center\">Operaciones unitarias<\/td><td class=\"has-text-align-center\" data-align=\"center\">Yanina Rodr\u00edguez<\/td><td class=\"has-text-align-center\" data-align=\"center\">Anual<\/td><td class=\"has-text-align-center\" data-align=\"center\">4<\/td><td class=\"has-text-align-center\" data-align=\"center\">Asignatura<\/td><td class=\"has-text-align-center\" data-align=\"center\">Con examen final<\/td><\/tr><tr><td class=\"has-text-align-center\" data-align=\"center\">Microbiolog\u00eda general y de los alimentos<\/td><td class=\"has-text-align-center\" data-align=\"center\">Var\u00f3nica Toranzo<\/td><td class=\"has-text-align-center\" data-align=\"center\">Cuatrimestral<\/td><td class=\"has-text-align-center\" data-align=\"center\">4<\/td><td class=\"has-text-align-center\" data-align=\"center\">Asignatura<\/td><td class=\"has-text-align-center\" data-align=\"center\">Admite promoci\u00f3n<\/td><\/tr><tr><td class=\"has-text-align-center\" data-align=\"center\">Procesos de conservaci\u00f3n<\/td><td class=\"has-text-align-center\" data-align=\"center\">Ver\u00f3nica Toranzo<\/td><td class=\"has-text-align-center\" data-align=\"center\">Cuatrimestral<\/td><td class=\"has-text-align-center\" data-align=\"center\">4<\/td><td class=\"has-text-align-center\" data-align=\"center\">Asignatura<\/td><td class=\"has-text-align-center\" data-align=\"center\">Admite promoci\u00f3n<\/td><\/tr><tr><td class=\"has-text-align-center\" data-align=\"center\">Bromatolog\u00eda<\/td><td class=\"has-text-align-center\" data-align=\"center\">Dami\u00e1n Cupolo<\/td><td class=\"has-text-align-center\" data-align=\"center\">Cuatrimestral<\/td><td class=\"has-text-align-center\" data-align=\"center\">4<\/td><td class=\"has-text-align-center\" data-align=\"center\">Asignatura<\/td><td class=\"has-text-align-center\" data-align=\"center\">Con examen final<\/td><\/tr><tr><td class=\"has-text-align-center\" data-align=\"center\">Gesti\u00f3n de calidad<\/td><td class=\"has-text-align-center\" data-align=\"center\">Dami\u00e1n Cupolo<\/td><td class=\"has-text-align-center\" data-align=\"center\">Cuatrimestral<\/td><td class=\"has-text-align-center\" data-align=\"center\">4<\/td><td class=\"has-text-align-center\" data-align=\"center\">Asignatura<\/td><td class=\"has-text-align-center\" data-align=\"center\">Admite promoci\u00f3n<\/td><\/tr><tr><td class=\"has-text-align-center\" data-align=\"center\">Pr\u00e1ctica Profesionalizante 2: Dise\u00f1o de proyectos de producci\u00f3n de alimentos<\/td><td class=\"has-text-align-center\" data-align=\"center\">VACANTE<\/td><td class=\"has-text-align-center\" data-align=\"center\">Anual<\/td><td class=\"has-text-align-center\" data-align=\"center\">6<\/td><td class=\"has-text-align-center\" data-align=\"center\">Asignatura<\/td><td class=\"has-text-align-center\" data-align=\"center\">Promoci\u00f3n directa<\/td><\/tr><\/tbody><\/table><\/figure>\n\n\n\n<p class=\"has-text-align-center\"><strong><mark style=\"background-color:rgba(0, 0, 0, 0)\" class=\"has-inline-color has-accent-color\">3\u00b0 a\u00f1o <\/mark><\/strong><\/p>\n\n\n\n<figure class=\"wp-block-table\"><table><tbody><tr><td class=\"has-text-align-center\" data-align=\"center\"><strong>Unidad curricular<\/strong><\/td><td class=\"has-text-align-center\" data-align=\"center\"><strong>Docente<\/strong><\/td><td class=\"has-text-align-center\" data-align=\"center\"><strong>R\u00e9gimen de cursada<\/strong><\/td><td class=\"has-text-align-center\" data-align=\"center\"><strong>M\u00f3dulos semanales<\/strong><\/td><td class=\"has-text-align-center\" data-align=\"center\"><strong>Formato<\/strong><\/td><td class=\"has-text-align-center\" data-align=\"center\"><strong>Modalidad de acreditaci\u00f3n<\/strong><\/td><\/tr><tr><td class=\"has-text-align-center\" data-align=\"center\">Organizaci\u00f3n y gesti\u00f3n de emprendimientos de producci\u00f3n alimentaria<\/td><td class=\"has-text-align-center\" data-align=\"center\">Yanina Rodr\u00edguez<\/td><td class=\"has-text-align-center\" data-align=\"center\">Anual<\/td><td class=\"has-text-align-center\" data-align=\"center\">2<\/td><td class=\"has-text-align-center\" data-align=\"center\">Asignatura<\/td><td class=\"has-text-align-center\" data-align=\"center\">Admite promoci\u00f3n<\/td><\/tr><tr><td class=\"has-text-align-center\" data-align=\"center\">Nutrici\u00f3n<\/td><td class=\"has-text-align-center\" data-align=\"center\">Yanina Rodr\u00edguez<\/td><td class=\"has-text-align-center\" data-align=\"center\">Anual<\/td><td class=\"has-text-align-center\" data-align=\"center\">2<\/td><td class=\"has-text-align-center\" data-align=\"center\">Asignatura<\/td><td class=\"has-text-align-center\" data-align=\"center\">Admite promoci\u00f3n<\/td><\/tr><tr><td class=\"has-text-align-center\" data-align=\"center\">Tecnolog\u00eda de cereales y oleaginosas<\/td><td class=\"has-text-align-center\" data-align=\"center\">Marcela Mei<\/td><td class=\"has-text-align-center\" data-align=\"center\">Cuatrimestral<\/td><td class=\"has-text-align-center\" data-align=\"center\">4<\/td><td class=\"has-text-align-center\" data-align=\"center\">Asignatura<\/td><td class=\"has-text-align-center\" data-align=\"center\">Con examen final<\/td><\/tr><tr><td class=\"has-text-align-center\" data-align=\"center\">Tecnolog\u00eda de frutas y hortalizas<\/td><td class=\"has-text-align-center\" data-align=\"center\">Marcela Mei<\/td><td class=\"has-text-align-center\" data-align=\"center\">Cuatrimestral<\/td><td class=\"has-text-align-center\" data-align=\"center\">4<\/td><td class=\"has-text-align-center\" data-align=\"center\">Asignatura<\/td><td class=\"has-text-align-center\" data-align=\"center\">Con examen final<\/td><\/tr><tr><td class=\"has-text-align-center\" data-align=\"center\">Tecnolog\u00eda de prote\u00ednas animales<\/td><td class=\"has-text-align-center\" data-align=\"center\">Julio Corgo<\/td><td class=\"has-text-align-center\" data-align=\"center\">Cuatrimestral<\/td><td class=\"has-text-align-center\" data-align=\"center\">4<\/td><td class=\"has-text-align-center\" data-align=\"center\">Asignatura<\/td><td class=\"has-text-align-center\" data-align=\"center\">Con examen final<\/td><\/tr><tr><td class=\"has-text-align-center\" data-align=\"center\">Tecnolog\u00eda de l\u00e1cteos<\/td><td class=\"has-text-align-center\" data-align=\"center\">Julio Corgo<\/td><td class=\"has-text-align-center\" data-align=\"center\">Cuatrimestral<\/td><td class=\"has-text-align-center\" data-align=\"center\">4<\/td><td class=\"has-text-align-center\" data-align=\"center\">Asignatura<\/td><td class=\"has-text-align-center\" data-align=\"center\">Con examen final<\/td><\/tr><tr><td class=\"has-text-align-center\" data-align=\"center\">Pr\u00e1ctica profesionalizante 3: Implementaci\u00f3n de proyectos de producci\u00f3n de alimentos<\/td><td class=\"has-text-align-center\" data-align=\"center\">Andrea Scarponi<\/td><td class=\"has-text-align-center\" data-align=\"center\">Anual<\/td><td class=\"has-text-align-center\" data-align=\"center\">6<\/td><td class=\"has-text-align-center\" data-align=\"center\">Asignatura<\/td><td class=\"has-text-align-center\" data-align=\"center\">Promoci\u00f3n directa<\/td><\/tr><\/tbody><\/table><\/figure>\n","protected":false},"excerpt":{"rendered":"<p>1\u00b0 a\u00f1o Unidad curricular Docente R\u00e9gimen de cursada M\u00f3dulos semanales Formato Modalidad de acreditaci\u00f3n Qu\u00edmica general e inorg\u00e1nica Adri\u00e1n Barabani Cuatrimestral 2 Asignatura Admite promoci\u00f3n Fisicoqu\u00edmica Adri\u00e1n Barabani Cuatrimestral 2 Asignatura Admite promoci\u00f3n Matem\u00e1tica Mar\u00eda de los \u00c1ngeles Jerez Cuatrimestral 3 Asignatura Admite promoci\u00f3n Estad\u00edstica y probabilidades Mar\u00eda de los \u00c1ngeles Jerez Cuatrimestral 3 Asignatura &#8230; <a title=\"Unidades curriculares y profesores\" class=\"read-more\" href=\"https:\/\/isfd140-bue.infd.edu.ar\/sitio\/docentes-5\/\" aria-label=\"More on Unidades curriculares y profesores\">[+]<\/a><\/p>\n","protected":false},"author":771,"featured_media":0,"parent":0,"menu_order":0,"comment_status":"closed","ping_status":"closed","template":"","meta":[],"acf":[],"_links":{"self":[{"href":"https:\/\/isfd140-bue.infd.edu.ar\/sitio\/wp-json\/wp\/v2\/pages\/1020"}],"collection":[{"href":"https:\/\/isfd140-bue.infd.edu.ar\/sitio\/wp-json\/wp\/v2\/pages"}],"about":[{"href":"https:\/\/isfd140-bue.infd.edu.ar\/sitio\/wp-json\/wp\/v2\/types\/page"}],"author":[{"embeddable":true,"href":"https:\/\/isfd140-bue.infd.edu.ar\/sitio\/wp-json\/wp\/v2\/users\/771"}],"replies":[{"embeddable":true,"href":"https:\/\/isfd140-bue.infd.edu.ar\/sitio\/wp-json\/wp\/v2\/comments?post=1020"}],"version-history":[{"count":39,"href":"https:\/\/isfd140-bue.infd.edu.ar\/sitio\/wp-json\/wp\/v2\/pages\/1020\/revisions"}],"predecessor-version":[{"id":3059,"href":"https:\/\/isfd140-bue.infd.edu.ar\/sitio\/wp-json\/wp\/v2\/pages\/1020\/revisions\/3059"}],"wp:attachment":[{"href":"https:\/\/isfd140-bue.infd.edu.ar\/sitio\/wp-json\/wp\/v2\/media?parent=1020"}],"curies":[{"name":"wp","href":"https:\/\/api.w.org\/{rel}","templated":true}]}}