{"id":1013,"date":"2020-04-04T13:22:50","date_gmt":"2020-04-04T16:22:50","guid":{"rendered":"https:\/\/isfd140-bue.infd.edu.ar\/sitio\/?page_id=1013"},"modified":"2026-03-06T18:08:16","modified_gmt":"2026-03-06T21:08:16","slug":"docentes-4","status":"publish","type":"page","link":"https:\/\/isfd140-bue.infd.edu.ar\/sitio\/docentes-4\/","title":{"rendered":"Unidades curriculares y profesores"},"content":{"rendered":"\n<div class=\"wp-block-group is-layout-constrained\"><div class=\"wp-block-group__inner-container\">\n<div class=\"wp-block-group is-vertical is-content-justification-center is-layout-flex wp-container-1\">\n<h3 class=\"wp-block-heading has-text-align-center\"><strong>Primer a\u00f1o<\/strong> (Resoluci\u00f3n 5882\/25)<\/h3>\n\n\n\n<figure class=\"wp-block-table\"><table><tbody><tr><td class=\"has-text-align-center\" data-align=\"center\"><strong><mark style=\"background-color:rgba(0, 0, 0, 0)\" class=\"has-inline-color has-accent-color\">Unidad curricular<\/mark><\/strong><\/td><td class=\"has-text-align-center\" data-align=\"center\"><strong><mark style=\"background-color:rgba(0, 0, 0, 0)\" class=\"has-inline-color has-accent-color\">Docente<\/mark><\/strong><\/td><td class=\"has-text-align-center\" data-align=\"center\"><strong><mark style=\"background-color:rgba(0, 0, 0, 0)\" class=\"has-inline-color has-accent-color\">R\u00e9gimen de cursada<\/mark><\/strong><\/td><td class=\"has-text-align-center\" data-align=\"center\"><strong><mark style=\"background-color:rgba(0, 0, 0, 0)\" class=\"has-inline-color has-accent-color\">Formato<\/mark><\/strong><\/td><td class=\"has-text-align-center\" data-align=\"center\"><strong><mark style=\"background-color:rgba(0, 0, 0, 0)\" class=\"has-inline-color has-accent-color\">M\u00f3dulos semanales<\/mark><\/strong><\/td><td class=\"has-text-align-center\" data-align=\"center\"><strong><mark style=\"background-color:rgba(0, 0, 0, 0)\" class=\"has-inline-color has-accent-color\">Modalidad de acreditaci\u00f3n<\/mark><\/strong><\/td><\/tr><tr><td class=\"has-text-align-center\" data-align=\"center\">Pedagog\u00eda<\/td><td class=\"has-text-align-center\" data-align=\"center\">Ver\u00f3nica Otero<\/td><td class=\"has-text-align-center\" data-align=\"center\">Anual<\/td><td class=\"has-text-align-center\" data-align=\"center\">Asignatura<\/td><td class=\"has-text-align-center\" data-align=\"center\">2<\/td><td class=\"has-text-align-center\" data-align=\"center\">Admite promoci\u00f3n directa<\/td><\/tr><tr><td class=\"has-text-align-center\" data-align=\"center\">Educaci\u00f3n y transformaciones sociales contempor\u00e1neas<\/td><td class=\"has-text-align-center\" data-align=\"center\">Alejandro Burgos<\/td><td class=\"has-text-align-center\" data-align=\"center\">Anual<\/td><td class=\"has-text-align-center\" data-align=\"center\">Asignatura<\/td><td class=\"has-text-align-center\" data-align=\"center\">2<\/td><td class=\"has-text-align-center\" data-align=\"center\">Admite promoci\u00f3n directa<\/td><\/tr><tr><td class=\"has-text-align-center\" data-align=\"center\">Educaci\u00f3n Sexual Integral<\/td><td class=\"has-text-align-center\" data-align=\"center\"><mark style=\"background-color:#32ffd5\" class=\"has-inline-color\">Sin docente <\/mark><br><mark style=\"background-color:#32ffd5\" class=\"has-inline-color\">A cobertura<\/mark><br><\/td><td class=\"has-text-align-center\" data-align=\"center\">Cuatrimestral<\/td><td class=\"has-text-align-center\" data-align=\"center\">Taller<\/td><td class=\"has-text-align-center\" data-align=\"center\">2<\/td><td class=\"has-text-align-center\" data-align=\"center\">Promoci\u00f3n directa<\/td><\/tr><tr><td class=\"has-text-align-center\" data-align=\"center\">Taller de resoluci\u00f3n de problemas aritm\u00e9ticos<\/td><td class=\"has-text-align-center\" data-align=\"center\">Mariano Vasconi<\/td><td class=\"has-text-align-center\" data-align=\"center\">Cuatrimestral<\/td><td class=\"has-text-align-center\" data-align=\"center\">Taller<\/td><td class=\"has-text-align-center\" data-align=\"center\">2<\/td><td class=\"has-text-align-center\" data-align=\"center\">Promoci\u00f3n directa<\/td><\/tr><tr><td class=\"has-text-align-center\" data-align=\"center\">Introducci\u00f3n a la probabilidad y a la estad\u00edstica<\/td><td class=\"has-text-align-center\" data-align=\"center\">Ariel Galv\u00e1n<\/td><td class=\"has-text-align-center\" data-align=\"center\">Cuatrimestral<\/td><td class=\"has-text-align-center\" data-align=\"center\">Asignatura<\/td><td class=\"has-text-align-center\" data-align=\"center\">2<\/td><td class=\"has-text-align-center\" data-align=\"center\">Admite promoci\u00f3n directa<\/td><\/tr><tr><td class=\"has-text-align-center\" data-align=\"center\">Modelos funcionales<\/td><td class=\"has-text-align-center\" data-align=\"center\">Mariano Vasconi<\/td><td class=\"has-text-align-center\" data-align=\"center\">Anual<\/td><td class=\"has-text-align-center\" data-align=\"center\">Asignatura<\/td><td class=\"has-text-align-center\" data-align=\"center\">2<\/td><td class=\"has-text-align-center\" data-align=\"center\">Admite promoci\u00f3n directa<\/td><\/tr><tr><td class=\"has-text-align-center\" data-align=\"center\">Geometr\u00eda I<\/td><td class=\"has-text-align-center\" data-align=\"center\">Pablo Viveros<\/td><td class=\"has-text-align-center\" data-align=\"center\">Anual<\/td><td class=\"has-text-align-center\" data-align=\"center\">Asignatura<\/td><td class=\"has-text-align-center\" data-align=\"center\">4<\/td><td class=\"has-text-align-center\" data-align=\"center\">Con examen final<\/td><\/tr><tr><td class=\"has-text-align-center\" data-align=\"center\">Introducci\u00f3n al \u00e1lgebra<\/td><td class=\"has-text-align-center\" data-align=\"center\">Ariel Galv\u00e1n<\/td><td class=\"has-text-align-center\" data-align=\"center\">Anual<\/td><td class=\"has-text-align-center\" data-align=\"center\">Asignatura<\/td><td class=\"has-text-align-center\" data-align=\"center\">2<\/td><td class=\"has-text-align-center\" data-align=\"center\">Admite promoci\u00f3n directa<\/td><\/tr><tr><td class=\"has-text-align-center\" data-align=\"center\">Pr\u00e1ctica Docente I (Taller)<\/td><td class=\"has-text-align-center\" data-align=\"center\">Ver\u00f3nica Haller<\/td><td class=\"has-text-align-center\" data-align=\"center\">Anual<\/td><td class=\"has-text-align-center\" data-align=\"center\">Taller<\/td><td class=\"has-text-align-center\" data-align=\"center\">2<\/td><td class=\"has-text-align-center\" data-align=\"center\">Promoci\u00f3n directa<\/td><\/tr><tr><td class=\"has-text-align-center\" data-align=\"center\">Pr\u00e1ctica Docente I (Terreno)<\/td><td class=\"has-text-align-center\" data-align=\"center\"><mark style=\"background-color:#32ffd5\" class=\"has-inline-color\">Sin docente<\/mark><br><mark style=\"background-color:#32ffd5\" class=\"has-inline-color\">A cobertura<\/mark><\/td><td class=\"has-text-align-center\" data-align=\"center\">Anual<\/td><td class=\"has-text-align-center\" data-align=\"center\">Terreno<\/td><td class=\"has-text-align-center\" data-align=\"center\">2<\/td><td class=\"has-text-align-center\" data-align=\"center\">Promoci\u00f3n directa<\/td><\/tr><\/tbody><\/table><\/figure>\n<\/div>\n\n\n\n<div class=\"wp-block-group is-vertical is-content-justification-center is-layout-flex wp-container-2\">\n<h3 class=\"wp-block-heading\"><mark style=\"background-color:rgba(0, 0, 0, 0)\" class=\"has-inline-color has-contrast-color\">Segundo a\u00f1o<\/mark> (Resoluci\u00f3n 1861\/17)<\/h3>\n\n\n\n<figure class=\"wp-block-table\"><table><tbody><tr><td class=\"has-text-align-center\" data-align=\"center\"><mark style=\"background-color:rgba(0, 0, 0, 0)\" class=\"has-inline-color has-accent-color\"><strong>Unidad curricular<\/strong><\/mark><\/td><td class=\"has-text-align-center\" data-align=\"center\"><mark style=\"background-color:rgba(0, 0, 0, 0)\" class=\"has-inline-color has-accent-color\"><strong>Docente<\/strong><\/mark><\/td><td class=\"has-text-align-center\" data-align=\"center\"><mark style=\"background-color:rgba(0, 0, 0, 0)\" class=\"has-inline-color has-accent-color\"><strong>M\u00f3dulos semanales<\/strong><\/mark><\/td><td class=\"has-text-align-center\" data-align=\"center\"><strong><mark style=\"background-color:rgba(0, 0, 0, 0)\" class=\"has-inline-color has-accent-color\">Formato<\/mark><\/strong><\/td><td class=\"has-text-align-center\" data-align=\"center\"><strong><mark style=\"background-color:rgba(0, 0, 0, 0)\" class=\"has-inline-color has-accent-color\">Modalidad de acreditaci\u00f3n<\/mark><\/strong><\/td><\/tr><tr><td class=\"has-text-align-center\" data-align=\"center\">Historia y pol\u00edtica de la educaci\u00f3n argentina<\/td><td class=\"has-text-align-center\" data-align=\"center\">Alejandro Burgos<\/td><td class=\"has-text-align-center\" data-align=\"center\">2<\/td><td class=\"has-text-align-center\" data-align=\"center\">Asignatura<\/td><td class=\"has-text-align-center\" data-align=\"center\">Admite promoci\u00f3n directa<\/td><\/tr><tr><td class=\"has-text-align-center\" data-align=\"center\">Ense\u00f1ar con tecnolog\u00edas<\/td><td class=\"has-text-align-center\" data-align=\"center\">Jonathan Donag <\/td><td class=\"has-text-align-center\" data-align=\"center\">2<\/td><td class=\"has-text-align-center\" data-align=\"center\">Asignatura<\/td><td class=\"has-text-align-center\" data-align=\"center\">Admite promoci\u00f3n directa<\/td><\/tr><tr><td class=\"has-text-align-center\" data-align=\"center\">Perspectivas acerca de los sujetos de la educaci\u00f3n<\/td><td class=\"has-text-align-center\" data-align=\"center\">Mar\u00eda Damasseno (Lic.)<br><mark style=\"background-color:#32ffd5\" class=\"has-inline-color\">Sin docente <\/mark><br><mark style=\"background-color:#32ffd5\" class=\"has-inline-color\">A cobertura<\/mark><\/td><td class=\"has-text-align-center\" data-align=\"center\">2<\/td><td class=\"has-text-align-center\" data-align=\"center\">Asignatura<\/td><td class=\"has-text-align-center\" data-align=\"center\">Admite promoci\u00f3n directa<\/td><\/tr><tr><td class=\"has-text-align-center\" data-align=\"center\">Geometr\u00eda anal\u00edtica<\/td><td class=\"has-text-align-center\" data-align=\"center\">Pablo Viveros<\/td><td class=\"has-text-align-center\" data-align=\"center\">3<\/td><td class=\"has-text-align-center\" data-align=\"center\">Asignatura<\/td><td class=\"has-text-align-center\" data-align=\"center\">Con examen final<\/td><\/tr><tr><td class=\"has-text-align-center\" data-align=\"center\">Historia de la Matem\u00e1tica<\/td><td class=\"has-text-align-center\" data-align=\"center\">Mariano Vasconi<\/td><td class=\"has-text-align-center\" data-align=\"center\">2<\/td><td class=\"has-text-align-center\" data-align=\"center\">Asignatura<\/td><td class=\"has-text-align-center\" data-align=\"center\">Admite promoci\u00f3n directa<\/td><\/tr><tr><td class=\"has-text-align-center\" data-align=\"center\">Did\u00e1ctica de la Matem\u00e1tica I: did\u00e1ctica y curr\u00edculum<\/td><td class=\"has-text-align-center\" data-align=\"center\">B\u00e1rbara<br>Liva<\/td><td class=\"has-text-align-center\" data-align=\"center\">2<\/td><td class=\"has-text-align-center\" data-align=\"center\">Asignatura<\/td><td class=\"has-text-align-center\" data-align=\"center\">Con examen final<\/td><\/tr><tr><td class=\"has-text-align-center\" data-align=\"center\">C\u00e1lculo<\/td><td class=\"has-text-align-center\" data-align=\"center\">Mart\u00edn \u00c1vila<\/td><td class=\"has-text-align-center\" data-align=\"center\">4<\/td><td class=\"has-text-align-center\" data-align=\"center\">Asignatura<\/td><td class=\"has-text-align-center\" data-align=\"center\">Con examen final<\/td><\/tr><tr><td class=\"has-text-align-center\" data-align=\"center\">\u00c1lgebra II<\/td><td class=\"has-text-align-center\" data-align=\"center\">Ariel Galv\u00e1n<\/td><td class=\"has-text-align-center\" data-align=\"center\">4<\/td><td class=\"has-text-align-center\" data-align=\"center\">Asignatura<\/td><td class=\"has-text-align-center\" data-align=\"center\">Con examen final<\/td><\/tr><tr><td class=\"has-text-align-center\" data-align=\"center\">CFPP II: La construcci\u00f3n del trabajo docente la escuela secundaria<\/td><td class=\"has-text-align-center\" data-align=\"center\">Fernanda Cruz<\/td><td class=\"has-text-align-center\" data-align=\"center\">4<\/td><td class=\"has-text-align-center\" data-align=\"center\">Taller\/ terreno<\/td><td class=\"has-text-align-center\" data-align=\"center\">Promoci\u00f3n directa<\/td><\/tr><\/tbody><\/table><\/figure>\n<\/div>\n\n\n\n<div class=\"wp-block-group is-vertical is-content-justification-center is-layout-flex wp-container-3\">\n<h3 class=\"wp-block-heading\"><strong>Tercer a\u00f1o<\/strong> (Resoluci\u00f3n 1861\/17)<\/h3>\n\n\n\n<figure class=\"wp-block-table\"><table><tbody><tr><td class=\"has-text-align-center\" data-align=\"center\"><strong><mark style=\"background-color:rgba(0, 0, 0, 0)\" class=\"has-inline-color has-accent-color\">Unidad curricular<\/mark><\/strong><\/td><td class=\"has-text-align-center\" data-align=\"center\"><strong><mark style=\"background-color:rgba(0, 0, 0, 0)\" class=\"has-inline-color has-accent-color\">Docente<\/mark><\/strong><\/td><td class=\"has-text-align-center\" data-align=\"center\"><strong><mark style=\"background-color:rgba(0, 0, 0, 0)\" class=\"has-inline-color has-accent-color\">M\u00f3dulos semanales<\/mark><\/strong><\/td><td class=\"has-text-align-center\" data-align=\"center\"><strong><mark style=\"background-color:rgba(0, 0, 0, 0)\" class=\"has-inline-color has-accent-color\">Formato<\/mark><\/strong><\/td><td class=\"has-text-align-center\" data-align=\"center\"><strong><mark style=\"background-color:rgba(0, 0, 0, 0)\" class=\"has-inline-color has-accent-color\">Modalidad de acreditaci\u00f3n<\/mark><\/strong><\/td><\/tr><tr><td class=\"has-text-align-center\" data-align=\"center\">Educaci\u00f3n para la diversidad<\/td><td class=\"has-text-align-center\" data-align=\"center\">Viviana Cardetti<\/td><td class=\"has-text-align-center\" data-align=\"center\">2<\/td><td class=\"has-text-align-center\" data-align=\"center\">Asignatura<\/td><td class=\"has-text-align-center\" data-align=\"center\">Admite promoci\u00f3n directa<\/td><\/tr><tr><td class=\"has-text-align-center\" data-align=\"center\">La evaluaci\u00f3n de los aprendizajes<\/td><td class=\"has-text-align-center\" data-align=\"center\">Elizabeth Sosa<\/td><td class=\"has-text-align-center\" data-align=\"center\">2<\/td><td class=\"has-text-align-center\" data-align=\"center\">Asignatura<\/td><td class=\"has-text-align-center\" data-align=\"center\">Admite promoci\u00f3n directa<\/td><\/tr><tr><td class=\"has-text-align-center\" data-align=\"center\">Filosof\u00eda y educaci\u00f3n<\/td><td class=\"has-text-align-center\" data-align=\"center\">Silvia Simonetti (Lic.)<br>Mar\u00eda Laura G\u00f3mez (Sup.)<\/td><td class=\"has-text-align-center\" data-align=\"center\">2<\/td><td class=\"has-text-align-center\" data-align=\"center\">Asignatura<\/td><td class=\"has-text-align-center\" data-align=\"center\">Admite promoci\u00f3n directa<\/td><\/tr><tr><td class=\"has-text-align-center\" data-align=\"center\">Unidad curricular optativa 1: Nivel 1 de Ingl\u00e9s<\/td><td class=\"has-text-align-center\" data-align=\"center\">Mar\u00eda Fernanda Besel<\/td><td class=\"has-text-align-center\" data-align=\"center\">2<\/td><td class=\"has-text-align-center\" data-align=\"center\">Taller<\/td><td class=\"has-text-align-center\" data-align=\"center\">Promoci\u00f3n directa<\/td><\/tr><tr><td class=\"has-text-align-center\" data-align=\"center\">Unidad curricular optativa 2: Oratoria y ret\u00f3rica docente<\/td><td class=\"has-text-align-center\" data-align=\"center\">Laura Gim\u00e9nez<\/td><td class=\"has-text-align-center\" data-align=\"center\">2<\/td><td class=\"has-text-align-center\" data-align=\"center\">Taller<\/td><td class=\"has-text-align-center\" data-align=\"center\">Promoci\u00f3n directa<\/td><\/tr><tr><td class=\"has-text-align-center\" data-align=\"center\">Complementos del C\u00e1lculo<\/td><td class=\"has-text-align-center\" data-align=\"center\">Mart\u00edn \u00c1vila<\/td><td class=\"has-text-align-center\" data-align=\"center\">4<\/td><td class=\"has-text-align-center\" data-align=\"center\">Asignatura<\/td><td class=\"has-text-align-center\" data-align=\"center\">Admite promoci\u00f3n directa<\/td><\/tr><tr><td class=\"has-text-align-center\" data-align=\"center\">\u00c1lgebra Superior y elementos de Topolog\u00eda<\/td><td class=\"has-text-align-center\" data-align=\"center\">Pablo Viveros<\/td><td class=\"has-text-align-center\" data-align=\"center\">4<\/td><td class=\"has-text-align-center\" data-align=\"center\">Asignatura<\/td><td class=\"has-text-align-center\" data-align=\"center\">Admite promoci\u00f3n directa<\/td><\/tr><tr><td class=\"has-text-align-center\" data-align=\"center\">Probabilidad y Estad\u00edstica<\/td><td class=\"has-text-align-center\" data-align=\"center\">Silvana Morel<\/td><td class=\"has-text-align-center\" data-align=\"center\">3<\/td><td class=\"has-text-align-center\" data-align=\"center\">Asignatura<\/td><td class=\"has-text-align-center\" data-align=\"center\">Con examen final<\/td><\/tr><tr><td class=\"has-text-align-center\" data-align=\"center\">Did\u00e1ctica de la Matem\u00e1tica II: ense\u00f1anza con TIC<\/td><td class=\"has-text-align-center\" data-align=\"center\">Mat\u00edas Maidana (Lic.)<br>Pablo Viveros (Sup.)<\/td><td class=\"has-text-align-center\" data-align=\"center\">2<\/td><td class=\"has-text-align-center\" data-align=\"center\">Asignatura<\/td><td class=\"has-text-align-center\" data-align=\"center\">Admite promoci\u00f3n directa<\/td><\/tr><tr><td class=\"has-text-align-center\" data-align=\"center\">CFPP III: La construcci\u00f3n de la tarea docente espec\u00edfica en la ense\u00f1anaza del nivel<\/td><td class=\"has-text-align-center\" data-align=\"center\">Mat\u00edas Maidana (Lic.)<br>Sof\u00eda Simoni (Sup.)<\/td><td class=\"has-text-align-center\" data-align=\"center\">4<\/td><td class=\"has-text-align-center\" data-align=\"center\">Taller\/terreno<\/td><td class=\"has-text-align-center\" data-align=\"center\">Promoci\u00f3n directa<\/td><\/tr><\/tbody><\/table><\/figure>\n<\/div>\n\n\n\n<div class=\"wp-block-group is-vertical is-content-justification-center is-layout-flex wp-container-4\">\n<h3 class=\"wp-block-heading has-text-align-center\"><strong>Cuarto a\u00f1o<\/strong> (Resoluci\u00f3n 1861\/17)<\/h3>\n\n\n\n<figure class=\"wp-block-table\"><table><tbody><tr><td class=\"has-text-align-center\" data-align=\"center\"><strong><mark style=\"background-color:rgba(0, 0, 0, 0)\" class=\"has-inline-color has-accent-color\">Unidad curricular<\/mark><\/strong><\/td><td class=\"has-text-align-center\" data-align=\"center\"><strong><mark style=\"background-color:rgba(0, 0, 0, 0)\" class=\"has-inline-color has-accent-color\">Docente<\/mark><\/strong><\/td><td class=\"has-text-align-center\" data-align=\"center\"><strong><mark style=\"background-color:rgba(0, 0, 0, 0)\" class=\"has-inline-color has-accent-color\">M\u00f3dulos semanales<\/mark><\/strong><\/td><td class=\"has-text-align-center\" data-align=\"center\"><strong><mark style=\"background-color:rgba(0, 0, 0, 0)\" class=\"has-inline-color has-accent-color\">Formato<\/mark><\/strong> <\/td><td class=\"has-text-align-center\" data-align=\"center\"><strong><mark style=\"background-color:rgba(0, 0, 0, 0)\" class=\"has-inline-color has-accent-color\">Modalidad de acreditaci\u00f3n<\/mark><\/strong><\/td><\/tr><tr><td class=\"has-text-align-center\" data-align=\"center\">An\u00e1lisis e intervenci\u00f3n en situaciones de convivencia escolar<\/td><td class=\"has-text-align-center\" data-align=\"center\">Ver\u00f3nica Haller<\/td><td class=\"has-text-align-center\" data-align=\"center\">2<\/td><td class=\"has-text-align-center\" data-align=\"center\">Asignatura<\/td><td class=\"has-text-align-center\" data-align=\"center\">Admite promoci\u00f3n directa<\/td><\/tr><tr><td class=\"has-text-align-center\" data-align=\"center\">Unidad curricular optativa 1: Nivel 2 de Ingl\u00e9s<\/td><td class=\"has-text-align-center\" data-align=\"center\">Mar\u00eda Fernanda Besel<\/td><td class=\"has-text-align-center\" data-align=\"center\">2<\/td><td class=\"has-text-align-center\" data-align=\"center\">Taller<\/td><td class=\"has-text-align-center\" data-align=\"center\">Promoci\u00f3n directa<\/td><\/tr><tr><td class=\"has-text-align-center\" data-align=\"center\">Unidad curricular optativa 2: Tutor\u00edas y orientaciones escolares<\/td><td class=\"has-text-align-center\" data-align=\"center\">Beatriz D\u00edaz (Lic.)<br>J\u00e9sica Pouch\u00e1n (Sup.)<\/td><td class=\"has-text-align-center\" data-align=\"center\">2<\/td><td class=\"has-text-align-center\" data-align=\"center\">Taller<\/td><td class=\"has-text-align-center\" data-align=\"center\">Promoci\u00f3n directa<\/td><\/tr><tr><td class=\"has-text-align-center\" data-align=\"center\">Seminario de temas de F\u00edsica<\/td><td class=\"has-text-align-center\" data-align=\"center\">Sabrina Impr\u00f3vola<\/td><td class=\"has-text-align-center\" data-align=\"center\">3<\/td><td class=\"has-text-align-center\" data-align=\"center\">Seminario<\/td><td class=\"has-text-align-center\" data-align=\"center\">Promoci\u00f3n directa<\/td><\/tr><tr><td class=\"has-text-align-center\" data-align=\"center\">Fundamentos de Matem\u00e1tica<\/td><td class=\"has-text-align-center\" data-align=\"center\">Mart\u00edn \u00c1vila<\/td><td class=\"has-text-align-center\" data-align=\"center\">3<\/td><td class=\"has-text-align-center\" data-align=\"center\">Asignatura<\/td><td class=\"has-text-align-center\" data-align=\"center\">Admite promoci\u00f3n directa<\/td><\/tr><tr><td class=\"has-text-align-center\" data-align=\"center\">Matem\u00e1tica Aplicada<\/td><td class=\"has-text-align-center\" data-align=\"center\">Ariel Galv\u00e1n<\/td><td class=\"has-text-align-center\" data-align=\"center\">3<\/td><td class=\"has-text-align-center\" data-align=\"center\">Asignatura<\/td><td class=\"has-text-align-center\" data-align=\"center\">Admite promoci\u00f3n directa<\/td><\/tr><tr><td class=\"has-text-align-center\" data-align=\"center\">Geometr\u00edas no euclideanas, Geometr\u00eda proyectiva y fractal<\/td><td class=\"has-text-align-center\" data-align=\"center\">Mauro Ortega<\/td><td class=\"has-text-align-center\" data-align=\"center\">2<\/td><td class=\"has-text-align-center\" data-align=\"center\">Asignatura<\/td><td class=\"has-text-align-center\" data-align=\"center\">Admite promoci\u00f3n directa<\/td><\/tr><tr><td class=\"has-text-align-center\" data-align=\"center\">Did\u00e1ctica de la Matem\u00e1tica III: Investigaci\u00f3n de los problemas de ense\u00f1anza<\/td><td class=\"has-text-align-center\" data-align=\"center\">Mat\u00edas Maidana (Lic.)<br>Pablo Viveros (Sup.)<\/td><td class=\"has-text-align-center\" data-align=\"center\">2<\/td><td class=\"has-text-align-center\" data-align=\"center\">Asignatura<\/td><td class=\"has-text-align-center\" data-align=\"center\">Con examen final<\/td><\/tr><tr><td class=\"has-text-align-center\" data-align=\"center\">Espacio de definici\u00f3n institucional: resoluci\u00f3n de problemas de Olimpiadas Matem\u00e1ticas<\/td><td class=\"has-text-align-center\" data-align=\"center\">Mart\u00edn \u00c1vila<\/td><td class=\"has-text-align-center\" data-align=\"center\">2<\/td><td class=\"has-text-align-center\" data-align=\"center\">Taller<\/td><td class=\"has-text-align-center\" data-align=\"center\">Promoci\u00f3n directa<\/td><\/tr><tr><td class=\"has-text-align-center\" data-align=\"center\">CFPP IV: La reflexi\u00f3n sobre la tarea docente<\/td><td class=\"has-text-align-center\" data-align=\"center\">Mat\u00edas Maidana (Lic.)<br>Mart\u00edn \u00c1vila (Sup.)<\/td><td class=\"has-text-align-center\" data-align=\"center\">6<\/td><td class=\"has-text-align-center\" data-align=\"center\">Taller\/ terreno<\/td><td class=\"has-text-align-center\" data-align=\"center\">Promoci\u00f3n directa<\/td><\/tr><\/tbody><\/table><\/figure>\n<\/div>\n<\/div><\/div>\n","protected":false},"excerpt":{"rendered":"<p>Primer a\u00f1o (Resoluci\u00f3n 5882\/25) Unidad curricular Docente R\u00e9gimen de cursada Formato M\u00f3dulos semanales Modalidad de acreditaci\u00f3n Pedagog\u00eda Ver\u00f3nica Otero Anual Asignatura 2 Admite promoci\u00f3n directa Educaci\u00f3n y transformaciones sociales contempor\u00e1neas Alejandro Burgos Anual Asignatura 2 Admite promoci\u00f3n directa Educaci\u00f3n Sexual Integral Sin docente A cobertura Cuatrimestral Taller 2 Promoci\u00f3n directa Taller de resoluci\u00f3n de problemas &#8230; <a title=\"Unidades curriculares y profesores\" class=\"read-more\" href=\"https:\/\/isfd140-bue.infd.edu.ar\/sitio\/docentes-4\/\" aria-label=\"More on Unidades curriculares y profesores\">[+]<\/a><\/p>\n","protected":false},"author":2215,"featured_media":0,"parent":0,"menu_order":0,"comment_status":"closed","ping_status":"closed","template":"","meta":[],"acf":[],"_links":{"self":[{"href":"https:\/\/isfd140-bue.infd.edu.ar\/sitio\/wp-json\/wp\/v2\/pages\/1013"}],"collection":[{"href":"https:\/\/isfd140-bue.infd.edu.ar\/sitio\/wp-json\/wp\/v2\/pages"}],"about":[{"href":"https:\/\/isfd140-bue.infd.edu.ar\/sitio\/wp-json\/wp\/v2\/types\/page"}],"author":[{"embeddable":true,"href":"https:\/\/isfd140-bue.infd.edu.ar\/sitio\/wp-json\/wp\/v2\/users\/2215"}],"replies":[{"embeddable":true,"href":"https:\/\/isfd140-bue.infd.edu.ar\/sitio\/wp-json\/wp\/v2\/comments?post=1013"}],"version-history":[{"count":74,"href":"https:\/\/isfd140-bue.infd.edu.ar\/sitio\/wp-json\/wp\/v2\/pages\/1013\/revisions"}],"predecessor-version":[{"id":3052,"href":"https:\/\/isfd140-bue.infd.edu.ar\/sitio\/wp-json\/wp\/v2\/pages\/1013\/revisions\/3052"}],"wp:attachment":[{"href":"https:\/\/isfd140-bue.infd.edu.ar\/sitio\/wp-json\/wp\/v2\/media?parent=1013"}],"curies":[{"name":"wp","href":"https:\/\/api.w.org\/{rel}","templated":true}]}}