{"id":1010,"date":"2020-04-04T13:21:43","date_gmt":"2020-04-04T16:21:43","guid":{"rendered":"https:\/\/isfd140-bue.infd.edu.ar\/sitio\/?page_id=1010"},"modified":"2023-03-12T12:36:55","modified_gmt":"2023-03-12T15:36:55","slug":"correlatividades-2","status":"publish","type":"page","link":"https:\/\/isfd140-bue.infd.edu.ar\/sitio\/correlatividades-2\/","title":{"rendered":"Correlatividades (dise\u00f1o vigente hasta 2022)"},"content":{"rendered":"<table width=\"587\">\n<tbody>\n<tr>\n<td colspan=\"2\" width=\"587\">\n<p style=\"text-align: center;\"><span style=\"color: #ff0000;\"><strong>SEGUNDO A\u00d1O<\/strong><\/span><\/p>\n<\/td>\n<\/tr>\n<tr>\n<td style=\"text-align: center;\" rowspan=\"2\" width=\"254\"><strong>PARA CURSAR&#8230;<\/strong><\/td>\n<td style=\"text-align: center;\" width=\"333\"><strong>ES NECESARIO TENER APROBADA LA CURSADA DE &#8230;<\/strong><\/td>\n<\/tr>\n<tr>\n<td width=\"333\"><\/td>\n<\/tr>\n<tr>\n<td style=\"text-align: center;\" width=\"254\">Perspectiva Filos\u00f3fico-Pedag\u00f3gica II<\/td>\n<td style=\"text-align: center;\" width=\"333\">Perspectiva Filos\u00f3fico-Pedag\u00f3gica I<\/td>\n<\/tr>\n<tr>\n<td style=\"text-align: center;\" width=\"254\">Perspectiva Pedag\u00f3gico-Did\u00e1ctica II (Did\u00e1ctica Especial)<\/td>\n<td style=\"text-align: center;\" width=\"333\">Perspectiva Pedag\u00f3gico-Did\u00e1ctica I<\/td>\n<\/tr>\n<tr>\n<td style=\"text-align: center;\" width=\"254\">Psicolog\u00eda y Cultura del Alumno de EGB 3 y Polimodal<\/td>\n<td style=\"text-align: center;\" width=\"333\">Psicolog\u00eda y Cultura en la Educaci\u00f3n<\/td>\n<\/tr>\n<tr>\n<td style=\"text-align: center;\" width=\"254\">F\u00edsica y Elementos de Astronom\u00eda y Laboratorio II<\/td>\n<td width=\"333\">\n<p style=\"text-align: center;\">F\u00edsica y Elementos de Astronom\u00eda y Laboratorio I<\/p>\n<p style=\"text-align: center;\">Matem\u00e1tica Instrumental I<\/p>\n<\/td>\n<\/tr>\n<tr>\n<td style=\"text-align: center;\" width=\"254\">Qu\u00edmica y Laboratorio II<\/td>\n<td style=\"text-align: center;\" width=\"333\">Qu\u00edmica y Laboratorio I<\/td>\n<\/tr>\n<tr>\n<td style=\"text-align: center;\" width=\"254\">Biolog\u00eda y Laboratorio II<\/td>\n<td style=\"text-align: center;\" width=\"333\">Biolog\u00eda y Laboratorio I<\/td>\n<\/tr>\n<tr>\n<td style=\"text-align: center;\" width=\"254\">Ciencias de la Tierra<\/td>\n<td width=\"333\">\n<p style=\"text-align: center;\">F\u00edsica y Elementos de Astronom\u00eda y Laboratorio I<\/p>\n<p style=\"text-align: center;\">Qu\u00edmica y Laboratorio I<\/p>\n<\/td>\n<\/tr>\n<tr>\n<td style=\"text-align: center;\" width=\"254\">Matem\u00e1tica Instrumental II e Inform\u00e1tica Aplicada<\/td>\n<td style=\"text-align: center;\" width=\"333\">Matem\u00e1tica Instrumental I<\/td>\n<\/tr>\n<tr>\n<td style=\"text-align: center;\" width=\"254\">Integrac\u00f3n Areal II<\/td>\n<td width=\"333\">\n<p style=\"text-align: center;\">F\u00edsica y Elementos de Astronom\u00eda y Laboratorio I<\/p>\n<p style=\"text-align: center;\">Qu\u00edmica y Laboratorio I<\/p>\n<p style=\"text-align: center;\">Biolog\u00eda y Laboratorio I<span style=\"font-family: inherit; font-size: inherit;\">i<\/span><\/p>\n<p style=\"text-align: center;\">Matem\u00e1tica Instrumental I<\/p>\n<p style=\"text-align: center;\">Integraci\u00f3n Areal I<\/p>\n<\/td>\n<\/tr>\n<tr>\n<td style=\"text-align: center;\" width=\"254\">Espacio de la Pr\u00e1ctica Docente II<\/td>\n<td width=\"333\">\n<p style=\"text-align: center;\">Todos los Espacios Curriculares de Primer A\u00f1o.<\/p>\n<p style=\"text-align: center;\">Aptitud Fonoaudiol\u00f3gica<\/p>\n<\/td>\n<\/tr>\n<\/tbody>\n<\/table>\n<table width=\"587\">\n<tbody>\n<tr>\n<td colspan=\"3\" width=\"587\">\n<p style=\"text-align: center;\"><strong><span style=\"color: #ff0000;\">TERCER A\u00d1O DEL PROFESORADO EN F\u00cdSICA<\/span><\/strong><\/p>\n<\/td>\n<\/tr>\n<tr>\n<td style=\"text-align: center;\" colspan=\"2\" rowspan=\"2\" width=\"240\"><strong>PARA CURSAR..<\/strong><\/td>\n<td style=\"text-align: center;\" width=\"347\"><strong>ES NECESARIO TENER APROBADA LA CURSADA DE &#8230;<\/strong><\/td>\n<\/tr>\n<tr>\n<td width=\"347\"><\/td>\n<\/tr>\n<tr>\n<td style=\"text-align: center;\" width=\"238\">Perspectiva Filos\u00f3fico-Pedag\u00f3gico-Did\u00e1ctica<\/td>\n<td colspan=\"2\" width=\"349\">\n<p style=\"text-align: center;\">Perspectiva Filos\u00f3fico Pedag\u00f3gica II<\/p>\n<p style=\"text-align: center;\">Perspectiva Pedag\u00f3gico Did\u00e1ctica II (Did\u00e1ctica Especial)<\/p>\n<p style=\"text-align: center;\">Psicolog\u00eda y Cultura del Alumno de EGB3 y Polimodal<\/p>\n<\/td>\n<\/tr>\n<tr>\n<td style=\"text-align: center;\" width=\"238\">Perspectiva Pol\u00edtico-Institucional<\/td>\n<td style=\"text-align: center;\" colspan=\"2\" width=\"349\">Perspectiva Sociopol\u00edtica (Primer A\u00f1o)<\/td>\n<\/tr>\n<tr>\n<td style=\"text-align: center;\" colspan=\"2\" width=\"240\">Fuerzas, Movimiento y Energ\u00eda Mec\u00e1nica y Laboratorio<\/td>\n<td width=\"347\">\n<p style=\"text-align: center;\">F\u00edsica y Elementos de Astronom\u00eda y Laboratorio II<\/p>\n<p style=\"text-align: center;\">Matem\u00e1tica Instrumental II<\/p>\n<\/td>\n<\/tr>\n<tr>\n<td style=\"text-align: center;\" colspan=\"2\" width=\"240\">Ondas y \u00d3ptica F\u00edsica, y&nbsp; Laboratorio<\/td>\n<td width=\"347\">\n<p style=\"text-align: center;\">F\u00edsica y Elementos de Astronom\u00eda y Laboratorio II<\/p>\n<p style=\"text-align: center;\">Matem\u00e1tica Instrumental II<\/p>\n<\/td>\n<\/tr>\n<tr>\n<td style=\"text-align: center;\" colspan=\"2\" width=\"240\">Electromagnetismo y Termodin\u00e1mica y Laboratorio<\/td>\n<td width=\"347\">\n<p style=\"text-align: center;\">F\u00edsica y Elementos de Astronom\u00eda y Laboratorio II<\/p>\n<p style=\"text-align: center;\">Matem\u00e1tica Instrumental II<\/p>\n<\/td>\n<\/tr>\n<tr>\n<td style=\"text-align: center;\" colspan=\"2\" width=\"240\">Astronom\u00eda I<\/td>\n<td width=\"347\">\n<p style=\"text-align: center;\">F\u00edsica y Elementos de Astronom\u00eda y Laboratorio II<\/p>\n<p style=\"text-align: center;\">Ciencias de la Tierra<\/p>\n<p style=\"text-align: center;\">Matem\u00e1tica Instrumental II<\/p>\n<\/td>\n<\/tr>\n<tr>\n<td style=\"text-align: center;\" colspan=\"2\" width=\"240\">Ciencias Naturales y su Ense\u00f1anza<\/td>\n<td width=\"347\">\n<p style=\"text-align: center;\">F\u00edsica y Elementos de Astronom\u00eda y Laboratorio<\/p>\n<p style=\"text-align: center;\">Qu\u00edmica y Laboratorio II<\/p>\n<p style=\"text-align: center;\">Biolog\u00eda y&nbsp; Laboratorio II<\/p>\n<p style=\"text-align: center;\">Ciencias de la Tierra<\/p>\n<p style=\"text-align: center;\">Integraci\u00f3n Areal II<\/p>\n<p style=\"text-align: center;\">Perspectiva Pedag\u00f3gico-Did\u00e1ctica II (Did\u00e1ctica Especial)<\/p>\n<p style=\"text-align: center;\">Perspectiva Filos\u00f3fico-Pedag\u00f3gica II<\/p>\n<p style=\"text-align: center;\">Psicolog\u00eda y Cultura del Alumno de EGB 3 y Polimodal<\/p>\n<\/td>\n<\/tr>\n<tr>\n<td style=\"text-align: center;\" colspan=\"2\" width=\"240\">Matem\u00e1tica Aplicada<\/td>\n<td style=\"text-align: center;\" width=\"347\">Matem\u00e1tica Instrumental II e Inform\u00e1tica Aplicada<\/td>\n<\/tr>\n<tr>\n<td style=\"text-align: center;\" colspan=\"2\" width=\"240\">Qu\u00edmica y Laboratorio III<\/td>\n<td style=\"text-align: center;\" width=\"347\">Qu\u00edmica y Laboratorio II<\/td>\n<\/tr>\n<tr>\n<td style=\"text-align: center;\" colspan=\"2\" width=\"240\">Espacio de la Pr\u00e1ctica Docente III<\/td>\n<td style=\"text-align: center;\" width=\"347\">Todos los Espacios Curriculares de 2do. A\u00f1o<\/td>\n<\/tr>\n<\/tbody>\n<\/table>\n<table width=\"587\">\n<tbody>\n<tr>\n<td colspan=\"2\" width=\"587\">\n<p style=\"text-align: center;\"><strong><span style=\"color: #ff0000;\">CUARTO A\u00d1O DEL PROFESORADO EN F\u00cdSICA<\/span><\/strong><\/p>\n<\/td>\n<\/tr>\n<tr>\n<td style=\"text-align: center;\" rowspan=\"2\" width=\"234\"><strong>PARA CURSAR&#8230;<\/strong><\/td>\n<td style=\"text-align: center;\" width=\"353\"><strong>ES NECESARIO TENER APROBADA LA CURSADA DE&#8230;<\/strong><\/td>\n<\/tr>\n<tr>\n<td width=\"353\"><\/td>\n<\/tr>\n<tr>\n<td style=\"text-align: center;\" width=\"234\">F\u00edsica Moderna y Laboratorio<\/td>\n<td width=\"353\">\n<p style=\"text-align: center;\">Ondas y \u00d3ptica F\u00edsica y Laboratorio<\/p>\n<p style=\"text-align: center;\">Qu\u00edmica y Laboratorio III<\/p>\n<p style=\"text-align: center;\">Matem\u00e1tica Aplicada<\/p>\n<\/td>\n<\/tr>\n<tr>\n<td style=\"text-align: center;\" width=\"234\">F\u00edsica Te\u00f3rica<\/td>\n<td width=\"353\">\n<p style=\"text-align: center;\">Fuerzas, Movimiento y Energ\u00eda&nbsp; Mec\u00e1nica y Laboratorio<\/p>\n<p style=\"text-align: center;\">Matem\u00e1tica Aplicada<\/p>\n<\/td>\n<\/tr>\n<tr>\n<td style=\"text-align: center;\" width=\"234\">Epistemolog\u00eda e Historia de la F\u00edsica<\/td>\n<td style=\"text-align: center;\" width=\"353\">Astronom\u00eda I<\/p>\n<p>Fuerzas, Movimiento y Energ\u00eda Mec\u00e1nica y Laboratorio<\/p>\n<p>Ondas y \u00d3ptica F\u00edsica y Laboratorio<\/p>\n<p>Electromagnetismo y Termodin\u00e1mica y Laboratorio<\/td>\n<\/tr>\n<tr>\n<td style=\"text-align: center;\" width=\"234\">Astronom\u00eda II<\/td>\n<td style=\"text-align: center;\" width=\"353\">Astronom\u00eda I<\/p>\n<p>Qu\u00edmica y Laboratorio III<\/td>\n<\/tr>\n<tr>\n<td style=\"text-align: center;\" width=\"234\">Taller de F\u00edsica<\/td>\n<td style=\"text-align: center;\" width=\"353\">F\u00edsica y Elementos de Astronom\u00eda y Laboratorio II<\/td>\n<\/tr>\n<tr>\n<td style=\"text-align: center;\" width=\"234\">Matem\u00e1tica para F\u00edsicos y sus Aplicaciones<\/td>\n<td style=\"text-align: center;\" width=\"353\">Matem\u00e1tica Aplicada<\/td>\n<\/tr>\n<tr>\n<td style=\"text-align: center;\" width=\"234\">F\u00edsica y su Ense\u00f1anza<\/td>\n<td width=\"353\">\n<p style=\"text-align: center;\">Fuerzas, Movimiento y Energ\u00eda&nbsp; Mec\u00e1nica y Laboratorio<\/p>\n<p style=\"text-align: center;\">Ondas y \u00d3ptica F\u00edsica y Laboratorio<\/p>\n<p style=\"text-align: center;\">Electromagnetismo y Termodin\u00e1mica y Laboratorio<\/p>\n<p style=\"text-align: center;\">Ciencias Naturales y su Ense\u00f1anza<\/p>\n<p style=\"text-align: center;\">Perspectiva Filos\u00f3fico-Pedag\u00f3gico-Did\u00e1ctica<\/p>\n<\/td>\n<\/tr>\n<tr>\n<td style=\"text-align: center;\" width=\"234\">Espacio de la Pr\u00e1ctica Docente&nbsp; IV<\/td>\n<td style=\"text-align: center;\" width=\"353\">Todos los Espacios Curriculares de 3er A\u00f1o.<\/td>\n<\/tr>\n<\/tbody>\n<\/table>\n","protected":false},"excerpt":{"rendered":"<p>SEGUNDO A\u00d1O PARA CURSAR&#8230; ES NECESARIO TENER APROBADA LA CURSADA DE &#8230; Perspectiva Filos\u00f3fico-Pedag\u00f3gica II Perspectiva Filos\u00f3fico-Pedag\u00f3gica I Perspectiva Pedag\u00f3gico-Did\u00e1ctica II (Did\u00e1ctica Especial) Perspectiva Pedag\u00f3gico-Did\u00e1ctica I Psicolog\u00eda y Cultura del Alumno de EGB 3 y Polimodal Psicolog\u00eda y Cultura en la Educaci\u00f3n F\u00edsica y Elementos de Astronom\u00eda y Laboratorio II F\u00edsica y Elementos de Astronom\u00eda &#8230; <a title=\"Correlatividades (dise\u00f1o vigente hasta 2022)\" class=\"read-more\" href=\"https:\/\/isfd140-bue.infd.edu.ar\/sitio\/correlatividades-2\/\" aria-label=\"More on Correlatividades (dise\u00f1o vigente hasta 2022)\">[+]<\/a><\/p>\n","protected":false},"author":771,"featured_media":0,"parent":0,"menu_order":0,"comment_status":"closed","ping_status":"closed","template":"","meta":[],"acf":[],"_links":{"self":[{"href":"https:\/\/isfd140-bue.infd.edu.ar\/sitio\/wp-json\/wp\/v2\/pages\/1010"}],"collection":[{"href":"https:\/\/isfd140-bue.infd.edu.ar\/sitio\/wp-json\/wp\/v2\/pages"}],"about":[{"href":"https:\/\/isfd140-bue.infd.edu.ar\/sitio\/wp-json\/wp\/v2\/types\/page"}],"author":[{"embeddable":true,"href":"https:\/\/isfd140-bue.infd.edu.ar\/sitio\/wp-json\/wp\/v2\/users\/771"}],"replies":[{"embeddable":true,"href":"https:\/\/isfd140-bue.infd.edu.ar\/sitio\/wp-json\/wp\/v2\/comments?post=1010"}],"version-history":[{"count":9,"href":"https:\/\/isfd140-bue.infd.edu.ar\/sitio\/wp-json\/wp\/v2\/pages\/1010\/revisions"}],"predecessor-version":[{"id":2202,"href":"https:\/\/isfd140-bue.infd.edu.ar\/sitio\/wp-json\/wp\/v2\/pages\/1010\/revisions\/2202"}],"wp:attachment":[{"href":"https:\/\/isfd140-bue.infd.edu.ar\/sitio\/wp-json\/wp\/v2\/media?parent=1010"}],"curies":[{"name":"wp","href":"https:\/\/api.w.org\/{rel}","templated":true}]}}