{"id":1003,"date":"2020-04-04T13:15:56","date_gmt":"2020-04-04T16:15:56","guid":{"rendered":"https:\/\/isfd140-bue.infd.edu.ar\/sitio\/?page_id=1003"},"modified":"2023-03-12T12:36:04","modified_gmt":"2023-03-12T15:36:04","slug":"correlatividades","status":"publish","type":"page","link":"https:\/\/isfd140-bue.infd.edu.ar\/sitio\/correlatividades\/","title":{"rendered":"Correlatividades (dise\u00f1o vigente hasta 2022)"},"content":{"rendered":"<table width=\"587\">\n<tbody>\n<tr>\n<td style=\"text-align: center;\" colspan=\"2\" width=\"587\"><span style=\"color: #ff0000;\"><strong>SEGUNDO A\u00d1O<\/strong><\/span><\/td>\n<\/tr>\n<tr>\n<td style=\"text-align: center;\" rowspan=\"2\" width=\"254\"><strong>PARA CURSAR&#8230;<\/strong><\/p>\n<p><strong>PARA RENDIR EL FINAL DE&#8230;<\/strong><\/td>\n<td style=\"text-align: center;\" width=\"333\"><strong>ES NECESARIO TENER APROBADA LA CURSADA DE &#8230;<\/strong><\/p>\n<p><strong>ES NECESARIO&nbsp; TENER APROBADO EL FINAL DE&#8230;<\/strong><\/td>\n<\/tr>\n<tr>\n<td style=\"text-align: center;\" width=\"333\"><\/td>\n<\/tr>\n<tr>\n<td style=\"text-align: center;\" width=\"254\">Perspectiva Filos\u00f3fico-Pedag\u00f3gica II<\/td>\n<td style=\"text-align: center;\" width=\"333\">Perspectiva Filos\u00f3fico-Pedag\u00f3gica I<\/td>\n<\/tr>\n<tr>\n<td style=\"text-align: center;\" width=\"254\">Perspectiva Pedag\u00f3gico-Did\u00e1ctica II (Did\u00e1ctica Especial)<\/td>\n<td style=\"text-align: center;\" width=\"333\">Perspectiva Pedag\u00f3gico-Did\u00e1ctica I<\/td>\n<\/tr>\n<tr>\n<td style=\"text-align: center;\" width=\"254\">Psicolog\u00eda y Cultura del Alumno de EGB 3 y Polimodal<\/td>\n<td style=\"text-align: center;\" width=\"333\">Psicolog\u00eda y Cultura en la Educaci\u00f3n<\/td>\n<\/tr>\n<tr>\n<td style=\"text-align: center;\" width=\"254\">F\u00edsica y Elementos de Astronom\u00eda y Laboratorio II<\/td>\n<td style=\"text-align: center;\" width=\"333\">F\u00edsica y Elementos de Astronom\u00eda y Laboratorio I<\/p>\n<p>Matem\u00e1tica Instrumental I<\/td>\n<\/tr>\n<tr>\n<td style=\"text-align: center;\" width=\"254\">Qu\u00edmica y Laboratorio II<\/td>\n<td style=\"text-align: center;\" width=\"333\">Qu\u00edmica y Laboratorio I<\/td>\n<\/tr>\n<tr>\n<td style=\"text-align: center;\" width=\"254\">Biolog\u00eda y Laboratorio II<\/td>\n<td style=\"text-align: center;\" width=\"333\">Biolog\u00eda y Laboratorio I<\/td>\n<\/tr>\n<tr>\n<td style=\"text-align: center;\" width=\"254\">Ciencias de la Tierra<\/td>\n<td width=\"333\">\n<p style=\"text-align: center;\">F\u00edsica y Elementos de Astronom\u00eda y Laboratorio I<\/p>\n<p style=\"text-align: center;\">Qu\u00edmica y Laboratorio I<\/p>\n<\/td>\n<\/tr>\n<tr>\n<td style=\"text-align: center;\" width=\"254\">Matem\u00e1tica Instrumental II e Inform\u00e1tica Aplicada<\/td>\n<td style=\"text-align: center;\" width=\"333\">Matem\u00e1tica Instrumental I<\/td>\n<\/tr>\n<tr>\n<td style=\"text-align: center;\" width=\"254\">Integraci\u00f3n Areal II<\/td>\n<td width=\"333\">\n<p style=\"text-align: center;\">F\u00edsica y Elementos de Astronom\u00eda y Laboratorio I<\/p>\n<p style=\"text-align: center;\">Qu\u00edmica y Laboratorio I<\/p>\n<p style=\"text-align: center;\">Biolog\u00eda y Laboratorio I<\/p>\n<p style=\"text-align: center;\">Matem\u00e1tica Instrumental I<\/p>\n<p style=\"text-align: center;\">Integraci\u00f3n Areal I<\/p>\n<\/td>\n<\/tr>\n<tr>\n<td style=\"text-align: center;\" width=\"254\">Espacio de la Pr\u00e1ctica Docente II<\/td>\n<td width=\"333\">\n<p style=\"text-align: center;\">Todos los Espacios Curriculares de Primer A\u00f1o.<\/p>\n<p style=\"text-align: center;\">Aptitud Fonoaudiol\u00f3gica<\/p>\n<\/td>\n<\/tr>\n<\/tbody>\n<\/table>\n<table width=\"587\">\n<tbody>\n<tr>\n<td colspan=\"2\" width=\"587\">\n<p style=\"text-align: center;\"><strong><span style=\"color: #ff0000;\">TERCER A\u00d1O DEL PROFESORADO EN BIOLOG\u00cdA<\/span><\/strong><\/p>\n<\/td>\n<\/tr>\n<tr>\n<td rowspan=\"2\" width=\"254\">\n<p style=\"text-align: center;\"><strong>PARA CURSAR&#8230;<\/strong><\/p>\n<\/td>\n<td width=\"333\">\n<p style=\"text-align: center;\"><strong>ES NECESARIO TENER APROBADA LA CURSADA DE&#8230;<\/strong><\/p>\n<\/td>\n<\/tr>\n<tr>\n<td style=\"text-align: center;\" width=\"333\"><\/td>\n<\/tr>\n<tr>\n<td style=\"text-align: center;\" width=\"254\">Perspectiva Filos\u00f3fico-Pedag\u00f3gico-Did\u00e1ctica<\/td>\n<td style=\"text-align: center;\" width=\"333\">Perspectiva Filos\u00f3fico-Pedag\u00f3gica II<\/p>\n<p>Perspectiva Pedag\u00f3gico-Did\u00e1ctica II (Did\u00e1ctica Especial)<\/p>\n<p>Psicolog\u00eda y Cultura del alumno de EGB 3 y Polimodal<\/td>\n<\/tr>\n<tr>\n<td style=\"text-align: center;\" width=\"254\">Perspectiva Pol\u00edtico-Institucional<\/td>\n<td style=\"text-align: center;\" width=\"333\">Perspectiva Sociopol\u00edtica (Primer A\u00f1o)<\/td>\n<\/tr>\n<tr>\n<td style=\"text-align: center;\" width=\"254\">Biolog\u00eda Celular y Molecular<\/td>\n<td width=\"333\">\n<p style=\"text-align: center;\">Biolog\u00eda y Laboratorio II<\/p>\n<p style=\"text-align: center;\">Qu\u00edmica y Laboratorio II<\/p>\n<p style=\"text-align: center;\">F\u00edsica y Elementos de Astronom\u00eda y Laboratorio II<\/p>\n<\/td>\n<\/tr>\n<tr>\n<td style=\"text-align: center;\" width=\"254\">Biolog\u00eda de los Organismos Celulares y&nbsp; Plantas<\/td>\n<td width=\"333\">\n<p style=\"text-align: center;\">Ciencias de la Tierra<\/p>\n<p style=\"text-align: center;\">Biolog\u00eda y Laboratorio II<\/p>\n<p style=\"text-align: center;\">Qu\u00edmica y Laboratorio II<\/p>\n<p style=\"text-align: center;\">F\u00edsica y Elementos de Astronom\u00eda y Laboratorio II<\/p>\n<\/td>\n<\/tr>\n<tr>\n<td style=\"text-align: center;\" width=\"254\">Biolog\u00eda de los Animales<\/td>\n<td width=\"333\">\n<p style=\"text-align: center;\">Biolog\u00eda y Laboratorio II<\/p>\n<p style=\"text-align: center;\">Qu\u00edmica y Laboratorio II<\/p>\n<p style=\"text-align: center;\">F\u00edsica y Elementos de Astronom\u00eda y Laboratorio II<\/p>\n<\/td>\n<\/tr>\n<tr>\n<td style=\"text-align: center;\" width=\"254\">Biolog\u00eda Humana<\/td>\n<td width=\"333\">\n<p style=\"text-align: center;\">Biolog\u00eda y Laboratorio II<\/p>\n<p style=\"text-align: center;\">Qu\u00edmica y Laboratorio II<\/p>\n<p style=\"text-align: center;\">F\u00edsica y Elementos de Astronom\u00eda y Laboratorio II<\/p>\n<\/td>\n<\/tr>\n<tr>\n<td style=\"text-align: center;\" width=\"254\">F\u00edsica Biol\u00f3gica y Laboratorio<\/td>\n<td width=\"333\">\n<p style=\"text-align: center;\">Biolog\u00eda y Laboratorio II<\/p>\n<p style=\"text-align: center;\">F\u00edsica y Elementos de Astronom\u00eda y Laboratorio II<\/p>\n<\/td>\n<\/tr>\n<tr>\n<td style=\"text-align: center;\" width=\"254\">Qu\u00edmica Biol\u00f3gica y Laboratorio<\/td>\n<td width=\"333\">\n<p style=\"text-align: center;\">Biolog\u00eda y Laboratorio II<\/p>\n<p style=\"text-align: center;\">Qu\u00edmica y Laboratorio II<\/p>\n<\/td>\n<\/tr>\n<tr>\n<td style=\"text-align: center;\" width=\"254\">Ciencias Naturales y su Ense\u00f1anza<\/td>\n<td width=\"333\">\n<p style=\"text-align: center;\">F\u00edsica y Elementos de Astronom\u00eda y Laboratorio II<\/p>\n<p style=\"text-align: center;\">Qu\u00edmica y Laboratorio II<\/p>\n<p style=\"text-align: center;\">Biolog\u00eda y Laboratorio II<\/p>\n<p style=\"text-align: center;\">Ciencias de la Tierra<\/p>\n<p style=\"text-align: center;\">Integraci\u00f3n Areal II<\/p>\n<p style=\"text-align: center;\">Perspectiva Filos\u00f3fico-Pedag\u00f3gica II<\/p>\n<p style=\"text-align: center;\">Perspectiva Pedag\u00f3gico-Did\u00e1ctica II (Did\u00e1ctica Especial)<\/p>\n<p style=\"text-align: center;\">Psicolog\u00eda y Cultura del Alumno de EGB3 y Polimodal<\/p>\n<\/td>\n<\/tr>\n<tr>\n<td style=\"text-align: center;\" width=\"254\">Espacio de la Pr\u00e1ctica Docente III<\/td>\n<td style=\"text-align: center;\" width=\"333\">Todos los Espacios Curriculares de&nbsp; Segundo A\u00f1o<\/td>\n<\/tr>\n<\/tbody>\n<\/table>\n<table width=\"587\">\n<tbody>\n<tr>\n<td colspan=\"2\" width=\"587\">\n<p style=\"text-align: center;\"><strong><span style=\"color: #ff0000;\">CUARTO A\u00d1O DEL PROFESORADO EN BIOLOG\u00cdA<\/span><\/strong><\/p>\n<\/td>\n<\/tr>\n<tr>\n<td style=\"text-align: center;\" rowspan=\"2\" width=\"254\"><strong>PARA CURSAR&#8230;<\/strong><\/td>\n<td style=\"text-align: center;\" width=\"333\"><strong>ES NECESARIO TENER APROBADA LA CURSADA DE&#8230;<\/strong><\/td>\n<\/tr>\n<tr>\n<td width=\"333\"><\/td>\n<\/tr>\n<tr>\n<td style=\"text-align: center;\" width=\"254\">Biolog\u00eda del Desarrollo Animal<\/td>\n<td style=\"text-align: center;\" width=\"333\">Biolog\u00eda de los Animales<\/p>\n<p>Biolog\u00eda Humana<\/p>\n<p>Biolog\u00eda Celular y Molecular<\/p>\n<p>F\u00edsica&nbsp; Biol\u00f3gica y Laboratorio<\/p>\n<p>Qu\u00edmica Biol\u00f3gica y Laboratorio<\/td>\n<\/tr>\n<tr>\n<td style=\"text-align: center;\" width=\"254\">Ecolog\u00eda<\/td>\n<td style=\"text-align: center;\" width=\"333\">Biolog\u00eda de los Organismos Celulares y Plantas<\/p>\n<p>Biolog\u00eda de los Animales<\/td>\n<\/tr>\n<tr>\n<td style=\"text-align: center;\" width=\"254\">Evoluci\u00f3n<\/td>\n<td width=\"333\">\n<p style=\"text-align: center;\">Biolog\u00eda de los Organismos Celulares y Plantas<\/p>\n<p style=\"text-align: center;\">Biolog\u00eda de los Animales<\/p>\n<p style=\"text-align: center;\">Biolog\u00eda Humana<\/p>\n<\/td>\n<\/tr>\n<tr>\n<td style=\"text-align: center;\" width=\"254\">Gen\u00e9tica Molecular<\/td>\n<td width=\"333\">\n<p style=\"text-align: center;\">Biolog\u00eda Celular y Molecular<\/p>\n<p style=\"text-align: center;\">Biolog\u00eda de los Organismos Celulares y Plantas<\/p>\n<p style=\"text-align: center;\">Biolog\u00eda de los Animales<\/p>\n<p style=\"text-align: center;\">Biolog\u00eda Humana<\/p>\n<p style=\"text-align: center;\">F\u00edsica&nbsp; Biol\u00f3gica y Laboratorio<\/p>\n<p style=\"text-align: center;\">Qu\u00edmica Biol\u00f3gica y Laboratorio<\/p>\n<\/td>\n<\/tr>\n<tr>\n<td style=\"text-align: center;\" width=\"254\">Anatom\u00eda Comparada<\/td>\n<td width=\"333\">\n<p style=\"text-align: center;\">Biolog\u00eda de los Animales<\/p>\n<p style=\"text-align: center;\">Biolog\u00eda Humana<\/p>\n<\/td>\n<\/tr>\n<tr>\n<td style=\"text-align: center;\" width=\"254\">Antropolog\u00eda<\/td>\n<td style=\"text-align: center;\" width=\"333\">Biolog\u00eda Humana<\/td>\n<\/tr>\n<tr>\n<td style=\"text-align: center;\" width=\"254\">Metodolog\u00eda de la Investigaci\u00f3n<\/td>\n<td style=\"text-align: center;\" width=\"333\">Espacio de Definici\u00f3n Institucional (EDI)<\/td>\n<\/tr>\n<tr>\n<td style=\"text-align: center;\" width=\"254\">Espacio de Definici\u00f3n Institucional (EDI)<\/td>\n<td style=\"text-align: center;\" width=\"333\">Espacios requeridos seg\u00fan tem\u00e1ticas seleccionadas.<\/td>\n<\/tr>\n<tr>\n<td style=\"text-align: center;\" width=\"254\">Biolog\u00eda y su Ense\u00f1anza<\/td>\n<td width=\"333\">\n<p style=\"text-align: center;\">Biolog\u00eda Celular y Molecular<\/p>\n<p style=\"text-align: center;\">Biolog\u00eda de los Organismos Celulares y Plantas<\/p>\n<p style=\"text-align: center;\">Biolog\u00eda de los Animales<\/p>\n<p style=\"text-align: center;\">Biolog\u00eda Humana<\/p>\n<p style=\"text-align: center;\">Ciencias Naturales y su Ense\u00f1anza<\/p>\n<p style=\"text-align: center;\">Perspectiva Filos\u00f3fico-Pedag\u00f3gico-Did\u00e1ctica<\/p>\n<\/td>\n<\/tr>\n<tr>\n<td style=\"text-align: center;\" width=\"254\">Espacio de la Pr\u00e1ctica Docente IV<\/td>\n<td style=\"text-align: center;\" width=\"333\">Todos los Espacios Curriculares de Tercer A\u00f1o<\/td>\n<\/tr>\n<\/tbody>\n<\/table>\n","protected":false},"excerpt":{"rendered":"<p>SEGUNDO A\u00d1O PARA CURSAR&#8230; PARA RENDIR EL FINAL DE&#8230; ES NECESARIO TENER APROBADA LA CURSADA DE &#8230; ES NECESARIO&nbsp; TENER APROBADO EL FINAL DE&#8230; Perspectiva Filos\u00f3fico-Pedag\u00f3gica II Perspectiva Filos\u00f3fico-Pedag\u00f3gica I Perspectiva Pedag\u00f3gico-Did\u00e1ctica II (Did\u00e1ctica Especial) Perspectiva Pedag\u00f3gico-Did\u00e1ctica I Psicolog\u00eda y Cultura del Alumno de EGB 3 y Polimodal Psicolog\u00eda y Cultura en la Educaci\u00f3n F\u00edsica &#8230; <a title=\"Correlatividades (dise\u00f1o vigente hasta 2022)\" class=\"read-more\" href=\"https:\/\/isfd140-bue.infd.edu.ar\/sitio\/correlatividades\/\" aria-label=\"More on Correlatividades (dise\u00f1o vigente hasta 2022)\">[+]<\/a><\/p>\n","protected":false},"author":771,"featured_media":0,"parent":0,"menu_order":0,"comment_status":"closed","ping_status":"closed","template":"","meta":[],"acf":[],"_links":{"self":[{"href":"https:\/\/isfd140-bue.infd.edu.ar\/sitio\/wp-json\/wp\/v2\/pages\/1003"}],"collection":[{"href":"https:\/\/isfd140-bue.infd.edu.ar\/sitio\/wp-json\/wp\/v2\/pages"}],"about":[{"href":"https:\/\/isfd140-bue.infd.edu.ar\/sitio\/wp-json\/wp\/v2\/types\/page"}],"author":[{"embeddable":true,"href":"https:\/\/isfd140-bue.infd.edu.ar\/sitio\/wp-json\/wp\/v2\/users\/771"}],"replies":[{"embeddable":true,"href":"https:\/\/isfd140-bue.infd.edu.ar\/sitio\/wp-json\/wp\/v2\/comments?post=1003"}],"version-history":[{"count":10,"href":"https:\/\/isfd140-bue.infd.edu.ar\/sitio\/wp-json\/wp\/v2\/pages\/1003\/revisions"}],"predecessor-version":[{"id":2201,"href":"https:\/\/isfd140-bue.infd.edu.ar\/sitio\/wp-json\/wp\/v2\/pages\/1003\/revisions\/2201"}],"wp:attachment":[{"href":"https:\/\/isfd140-bue.infd.edu.ar\/sitio\/wp-json\/wp\/v2\/media?parent=1003"}],"curies":[{"name":"wp","href":"https:\/\/api.w.org\/{rel}","templated":true}]}}